{"id":1478,"date":"2021-12-07T15:57:06","date_gmt":"2021-12-07T13:57:06","guid":{"rendered":"https:\/\/www.kellomuseo.fi\/holvi\/?post_type=product&#038;p=1478"},"modified":"2021-12-07T15:57:45","modified_gmt":"2021-12-07T13:57:45","slug":"kiire-laivaan","status":"publish","type":"product","link":"https:\/\/www.kellomuseo.fi\/holvi\/tuote\/kiire-laivaan\/","title":{"rendered":"Kiire laivaan"},"content":{"rendered":"<p class=\"p1\">K\u00f6\u00f6penhaminan y\u00f6junan Tukholmaan piti saapua 07.47. Tavoite oli ehti\u00e4 viel\u00e4 tunnelbaanalla G\u00e4rdetiin, josta rivakasti liikkuen klo 08.00 Turun laivaan.<\/p>\n<p class=\"p1\">Juna oli kuitenkin nelisen minuuttia my\u00f6h\u00e4ss\u00e4 ja rannekello n\u00e4ytti Central Stationin ratapihalla 07.51. Metro oli juuri mennyt joten tukholmalainen -kaiken kokenut &#8211; taksikuski joutui tekem\u00e4\u00e4n omien sanojensa mukaan uuden V\u00e4rtanin reittienn\u00e4tyksen. Olo oli kuin Steve McQueenin Mustangin repsikassa seuraavat minuutit. <span class=\"Apple-converted-space\">\u00a0<\/span><\/p>\n<p class=\"p1\">Viisarit n\u00e4yttiv\u00e4t 07.58 juostessani mets\u00e4ty\u00f6miehen reppu h\u00f6lskyen terminaalik\u00e4yt\u00e4v\u00e4\u00e4, jossa henkil\u00f6kunta viittoili &#8221;rienn\u00e4 suoraan laivaan&#8221;. Satamav\u00e4ki oli jo tarttumassa laskusiltaan rynnist\u00e4ess\u00e4ni Siljaan. <span class=\"Apple-converted-space\">\u00a0<\/span><\/p>\n<p class=\"p1\">King Quartz ei ole vuosikymmeniin toiminut ja tuskinpa tuollainen lent\u00e4v\u00e4 &#8221;stig ombordkaan&#8221; olisi nyky\u00e4\u00e4n edes mahdollista.<\/p>\n<p>&nbsp;<\/p>\n<p class=\"p3\">Anonyymi<\/p>\n","protected":false},"excerpt":{"rendered":"<p><strong>Kuva:<\/strong> Anonyymi<\/p>\n","protected":false},"featured_media":1479,"comment_status":"closed","ping_status":"closed","template":"","meta":[],"product_cat":[38],"product_tag":[30,63,62],"_links":{"self":[{"href":"https:\/\/www.kellomuseo.fi\/holvi\/wp-json\/wp\/v2\/product\/1478"}],"collection":[{"href":"https:\/\/www.kellomuseo.fi\/holvi\/wp-json\/wp\/v2\/product"}],"about":[{"href":"https:\/\/www.kellomuseo.fi\/holvi\/wp-json\/wp\/v2\/types\/product"}],"replies":[{"embeddable":true,"href":"https:\/\/www.kellomuseo.fi\/holvi\/wp-json\/wp\/v2\/comments?post=1478"}],"wp:featuredmedia":[{"embeddable":true,"href":"https:\/\/www.kellomuseo.fi\/holvi\/wp-json\/wp\/v2\/media\/1479"}],"wp:attachment":[{"href":"https:\/\/www.kellomuseo.fi\/holvi\/wp-json\/wp\/v2\/media?parent=1478"}],"wp:term":[{"taxonomy":"product_cat","embeddable":true,"href":"https:\/\/www.kellomuseo.fi\/holvi\/wp-json\/wp\/v2\/product_cat?post=1478"},{"taxonomy":"product_tag","embeddable":true,"href":"https:\/\/www.kellomuseo.fi\/holvi\/wp-json\/wp\/v2\/product_tag?post=1478"}],"curies":[{"name":"wp","href":"https:\/\/api.w.org\/{rel}","templated":true}]}}