{"id":1448,"date":"2021-12-07T14:59:25","date_gmt":"2021-12-07T12:59:25","guid":{"rendered":"https:\/\/www.kellomuseo.fi\/holvi\/?post_type=product&#038;p=1448"},"modified":"2021-12-13T11:21:23","modified_gmt":"2021-12-13T09:21:23","slug":"koululaiselle-kello","status":"publish","type":"product","link":"https:\/\/www.kellomuseo.fi\/holvi\/tuote\/koululaiselle-kello\/","title":{"rendered":"Koululaiselle kello"},"content":{"rendered":"<p>Ensimm\u00e4isen kelloni sain 7-vuotiaana, vissiin sen takia, ett\u00e4 menin silloin kouluun. Sain sen isois\u00e4lt\u00e4, ja olisikohan viel\u00e4 ollut Leijona-merkkinen. Siin\u00e4 oli punaruskea nahkahihna, ja ihan tavallinen kellotaulu. Oli tosi hieno. Vuosi oli 1979.<\/p>\n<p>Kello oli tosi kest\u00e4v\u00e4, pidin sit\u00e4 vuosikausia kes\u00e4t, talvet, ja pari kertaa taisin uidakin sen kanssa, kun unohtui k\u00e4teen uintireissulla, mutta se toimi siit\u00e4 huolimatta.<br \/>\nKello ei ole en\u00e4\u00e4 tallessa, kun se meni rikki lopulta.<\/p>\n<p>Nyky\u00e4\u00e4n en pid\u00e4 kelloa, ja yrit\u00e4n saada el\u00e4m\u00e4ni sellaiseksi, ett\u00e4 voisin m\u00e4\u00e4ritell\u00e4 itse ajan k\u00e4ytt\u00f6ni, tuntemusteni ja oman haluni mukaan. En toisten m\u00e4\u00e4rittelem\u00e4ll\u00e4 aikataululla.<br \/>\nLis\u00e4ksi olen niin pahasti nikkeliallerginen, ett\u00e4 kellon pit\u00e4isi olla l\u00e4peens\u00e4 jotain arvometallia, jotta voisin ylip\u00e4\u00e4ns\u00e4 kelloa pit\u00e4\u00e4. Sellaista voisi kyll\u00e4 kiva k\u00e4ytt\u00e4\u00e4, ihan koruna.<\/p>\n<p>&nbsp;<\/p>\n<p><strong>&#8211; Ajaton<\/strong><\/p>\n<p>&nbsp;<\/p>\n","protected":false},"excerpt":{"rendered":"<p>&nbsp;<\/p>\n<p>&nbsp;<\/p>\n","protected":false},"featured_media":0,"comment_status":"closed","ping_status":"closed","template":"","meta":[],"product_cat":[38],"product_tag":[36,63,62],"_links":{"self":[{"href":"https:\/\/www.kellomuseo.fi\/holvi\/wp-json\/wp\/v2\/product\/1448"}],"collection":[{"href":"https:\/\/www.kellomuseo.fi\/holvi\/wp-json\/wp\/v2\/product"}],"about":[{"href":"https:\/\/www.kellomuseo.fi\/holvi\/wp-json\/wp\/v2\/types\/product"}],"replies":[{"embeddable":true,"href":"https:\/\/www.kellomuseo.fi\/holvi\/wp-json\/wp\/v2\/comments?post=1448"}],"wp:attachment":[{"href":"https:\/\/www.kellomuseo.fi\/holvi\/wp-json\/wp\/v2\/media?parent=1448"}],"wp:term":[{"taxonomy":"product_cat","embeddable":true,"href":"https:\/\/www.kellomuseo.fi\/holvi\/wp-json\/wp\/v2\/product_cat?post=1448"},{"taxonomy":"product_tag","embeddable":true,"href":"https:\/\/www.kellomuseo.fi\/holvi\/wp-json\/wp\/v2\/product_tag?post=1448"}],"curies":[{"name":"wp","href":"https:\/\/api.w.org\/{rel}","templated":true}]}}