{"id":1446,"date":"2021-12-07T14:58:13","date_gmt":"2021-12-07T12:58:13","guid":{"rendered":"https:\/\/www.kellomuseo.fi\/holvi\/?post_type=product&#038;p=1446"},"modified":"2021-12-13T11:20:47","modified_gmt":"2021-12-13T09:20:47","slug":"kello-koulun-aloituksen-kunniaksi","status":"publish","type":"product","link":"https:\/\/www.kellomuseo.fi\/holvi\/tuote\/kello-koulun-aloituksen-kunniaksi\/","title":{"rendered":"Kello koulun aloituksen kunniaksi"},"content":{"rendered":"<p>Muistan hyvin tarkasti, milloin sain ensimm\u00e4isen rannekelloni! Koulu alkoi tuolloin viel\u00e4 1.9. ja syntym\u00e4p\u00e4iv\u00e4ni on 31.8. Eli ainoana syntym\u00e4p\u00e4iv\u00e4lahjanani tuolloin (elettiin 60-luvun keskivaihetta, ty\u00f6l\u00e4isperheess\u00e4 oltiin k\u00f6yhi\u00e4) upea Leijona-rannekello. Vanhemmat kovasti muistuttelivat \u201cpit\u00e4m\u00e4\u00e4n kelloa hyvin\u201d eli huolehtimaan siit\u00e4 itse, varomaan ehdottomasti rikkoutumista, vet\u00e4m\u00e4\u00e4n se joka ilta &#8211; ei kuitenkaan liikaa jne. Lahja oli my\u00f6s kallis, kotona ei ollut ylim\u00e4\u00e4r\u00e4ist\u00e4 rahaa paljoakaan. Silti p\u00e4\u00e4ttiv\u00e4t ostaa kellon koulun aloittavalle tyt\u00f6lle. Kellonajat oli toki opetettu jo aikaisemmin. Itse kello oli minusta hieno, upouusi ja musta oikea nahkahihna, joka tuoksuikin uudelta. Oli mahtavaa l\u00e4hte\u00e4 ensimm\u00e4isen\u00e4 aamuna kouluun uusi kello ranteessa!<\/p>\n<p>Irja L\u00e4hteenm\u00e4ki<\/p>\n","protected":false},"excerpt":{"rendered":"<p>&nbsp;<\/p>\n<p>&nbsp;<\/p>\n","protected":false},"featured_media":0,"comment_status":"closed","ping_status":"closed","template":"","meta":[],"product_cat":[38],"product_tag":[36,63,62],"_links":{"self":[{"href":"https:\/\/www.kellomuseo.fi\/holvi\/wp-json\/wp\/v2\/product\/1446"}],"collection":[{"href":"https:\/\/www.kellomuseo.fi\/holvi\/wp-json\/wp\/v2\/product"}],"about":[{"href":"https:\/\/www.kellomuseo.fi\/holvi\/wp-json\/wp\/v2\/types\/product"}],"replies":[{"embeddable":true,"href":"https:\/\/www.kellomuseo.fi\/holvi\/wp-json\/wp\/v2\/comments?post=1446"}],"wp:attachment":[{"href":"https:\/\/www.kellomuseo.fi\/holvi\/wp-json\/wp\/v2\/media?parent=1446"}],"wp:term":[{"taxonomy":"product_cat","embeddable":true,"href":"https:\/\/www.kellomuseo.fi\/holvi\/wp-json\/wp\/v2\/product_cat?post=1446"},{"taxonomy":"product_tag","embeddable":true,"href":"https:\/\/www.kellomuseo.fi\/holvi\/wp-json\/wp\/v2\/product_tag?post=1446"}],"curies":[{"name":"wp","href":"https:\/\/api.w.org\/{rel}","templated":true}]}}