{"id":1435,"date":"2021-12-07T14:35:04","date_gmt":"2021-12-07T12:35:04","guid":{"rendered":"https:\/\/www.kellomuseo.fi\/holvi\/?post_type=product&#038;p=1435"},"modified":"2021-12-07T15:12:43","modified_gmt":"2021-12-07T13:12:43","slug":"koruilla-on-tarina","status":"publish","type":"product","link":"https:\/\/www.kellomuseo.fi\/holvi\/tuote\/koruilla-on-tarina\/","title":{"rendered":"Lempi-t\u00e4din koru Kanadasta"},"content":{"rendered":"<p class=\"p1\">Lapsena vieraillessani mummin ja ukin luona, halusin katsella ja k\u00e4ytt\u00e4\u00e4 mummin ihastuttavia koruja. Tarina alkaa kuitenkin 1920-30-luvulla Viipurissa, jolloin kolme nuorta naista suunnittelivat Amerikkaan l\u00e4ht\u00f6\u00e4, he olivat mummini sek\u00e4 h\u00e4nen yst\u00e4v\u00e4ns\u00e4 Veera ja Lempi. Loppuen lopuksi Lempi l\u00e4hti Kanadaan, tarkkaa ajankohtaa en tied\u00e4. Mummi avioitui 1933 ja Veerasta tuli \u00e4itini kummit\u00e4ti. Lempi-t\u00e4ti l\u00e4hetti monia kauniita tavaroita, vaatteita ja koruja mummilleni Suomeen. Kyse on juuri niist\u00e4 koruista, joita lapsena ihailin. Korut eiv\u00e4t ole materiaalisesti arvokkaita, mutta niiss\u00e4 heijastuu ajan henki. Arvelen niiden olevan valmistettu sotien v\u00e4liss\u00e4 tai pian niiden j\u00e4lkeen, jolloin pukukorut yleistyiv\u00e4t. Kuvassa olevan korun p\u00e4\u00e4materiaalina on v\u00e4rj\u00e4tty helmi\u00e4inen. Aikaa my\u00f6ten perin mummin korut ja olen s\u00e4ilytt\u00e4nyt niit\u00e4 muistona.<\/p>\n<p class=\"p1\">Essi Pullinen<\/p>\n","protected":false},"excerpt":{"rendered":"<p><strong>Kuva:<\/strong> Essi Pullinen<\/p>\n<p>&nbsp;<\/p>\n","protected":false},"featured_media":1436,"comment_status":"closed","ping_status":"closed","template":"","meta":[],"product_cat":[38],"product_tag":[42,63,62],"_links":{"self":[{"href":"https:\/\/www.kellomuseo.fi\/holvi\/wp-json\/wp\/v2\/product\/1435"}],"collection":[{"href":"https:\/\/www.kellomuseo.fi\/holvi\/wp-json\/wp\/v2\/product"}],"about":[{"href":"https:\/\/www.kellomuseo.fi\/holvi\/wp-json\/wp\/v2\/types\/product"}],"replies":[{"embeddable":true,"href":"https:\/\/www.kellomuseo.fi\/holvi\/wp-json\/wp\/v2\/comments?post=1435"}],"wp:featuredmedia":[{"embeddable":true,"href":"https:\/\/www.kellomuseo.fi\/holvi\/wp-json\/wp\/v2\/media\/1436"}],"wp:attachment":[{"href":"https:\/\/www.kellomuseo.fi\/holvi\/wp-json\/wp\/v2\/media?parent=1435"}],"wp:term":[{"taxonomy":"product_cat","embeddable":true,"href":"https:\/\/www.kellomuseo.fi\/holvi\/wp-json\/wp\/v2\/product_cat?post=1435"},{"taxonomy":"product_tag","embeddable":true,"href":"https:\/\/www.kellomuseo.fi\/holvi\/wp-json\/wp\/v2\/product_tag?post=1435"}],"curies":[{"name":"wp","href":"https:\/\/api.w.org\/{rel}","templated":true}]}}