{"id":1433,"date":"2021-12-07T14:22:59","date_gmt":"2021-12-07T12:22:59","guid":{"rendered":"https:\/\/www.kellomuseo.fi\/holvi\/?post_type=product&#038;p=1433"},"modified":"2022-02-16T14:43:38","modified_gmt":"2022-02-16T12:43:38","slug":"suomalaisen-korun-vuosisata","status":"publish","type":"product","link":"https:\/\/www.kellomuseo.fi\/holvi\/tuote\/suomalaisen-korun-vuosisata\/","title":{"rendered":"Suomalaisen korun vuosisata"},"content":{"rendered":"<p><strong>Itsen\u00e4istymisen aika<\/strong><br \/>\nAutonomian ajan taloudellinen kehitys on luonut pohjan suomalaisen kultasep\u00e4nalan<br \/>\nnousulle jo 1800-luvun puolella. Pietarin verstaissa hankittu k\u00e4sity\u00f6taito<br \/>\nsaa rinnalleen teollista tuotantoa varsinkin hopeaesineiden valmistuksessa.<br \/>\nMonipuolinen taidek\u00e4sity\u00f6l\u00e4inen ja opettaja Eric O. W. Ehrst\u00f6m on vuosisadan alun<br \/>\nsuomalaisen metallitaiteen, my\u00f6s korutaiteen, uranuurtaja.<\/p>\n<p>1860 Jalokivisep\u00e4nliike A. Tillander perustetaan Pietariin.<br \/>\n1897 Nestor Westerbackin liike ja ty\u00f6huone perustetaan Helsinkiin.<br \/>\n1899 Suomen Kultasepp\u00e4 Oy perustetaan Turkuun.<br \/>\n1905 Suomen Kultaseppien liitto perustetaan.<br \/>\n1909 Joh. Aschanin kirjoittama Kultaseppien k\u00e4sikirja julkaistaan.<br \/>\n1913 Auran Kultasepp\u00e4 Oy perustetaan Turkuun.<br \/>\n1918 Kultakeskus Oy perustetaan H\u00e4meenlinnaan.<br \/>\nPietarista Suomeen muuttanut A. Tillander ostaa osan kultasepp\u00e4 V. Lindmanin liikkeest\u00e4. Ylimenokauden aikana yrityksen nimi on Lindman &amp; Tillander.<\/p>\n<p>&nbsp;<\/p>\n<p><strong>1920-LUKU<\/strong><br \/>\nYhteyksien katkeaminen Pietariin vaikuttaa monella tavoin suomalaiseen<br \/>\nkultasep\u00e4nalaan. Vuosisatainen kis\u00e4lli-mestarikoulutus katkeaa, liikkeiden omistajat<br \/>\nmenett\u00e4v\u00e4t asiakaskuntansa, ty\u00f6pajansa ja suuren osan omaisuuttaan. Osa \u201dPietarin<br \/>\nperinn\u00f6st\u00e4\u201d j\u00e4\u00e4 kuitenkin el\u00e4m\u00e4\u00e4n suomalaisissa ty\u00f6pajoissa ja alan koulutuksessa.<\/p>\n<p>1921 A. Tillander siirtyy Lindmanin liikkeen omistajaksi. Liikkeen nimeksi tulee A.Tillander. Buchertin kultasepp\u00e4suku muuttaa Pietarista Helsinkiin.<\/p>\n<p>1928 Jalometallien leimausoikeuden omaavia yrityksi\u00e4 on Suomessa noin 250.<\/p>\n<p>&nbsp;<\/p>\n<p><strong>1930-LUKU<\/strong><br \/>\nKultasepp\u00e4koulun perustaminen Helsinkiin merkitsee k\u00e4\u00e4nnekohtaa alan<br \/>\nkoulutukselle. Kalevalakorujen valtava suosio nostaa kansallista itsetuntoa ja<br \/>\nmerkitsee monille ty\u00f6pajoille ja verstaille tervetullutta tilausty\u00f6t\u00e4. Eva Gyld\u00e9n jatkaa<br \/>\n1910-luvulla aloittamaansa kameen kaiverrusta 1940-luvulle saakka.<\/p>\n<p>1935 Georg Buchert perustaa ty\u00f6huoneen Helsinkiin.<br \/>\nKalevalan 100-vuotisjuhlavuonna Kalevalaisen naisen muistomerkkihanketta ryhtyy<br \/>\najamaan toimikunta, josta my\u00f6hemmin muodostuu Kalevalaisten Naisten<br \/>\nLiitto. Patsaan rahoittamista varten syntyy idea kalevalaisista koruista.<\/p>\n<p>1937 Ensimm\u00e4iset Kalevala Korut esitell\u00e4\u00e4n Presidentinlinnassa.<\/p>\n<p>1938 Kultasepp\u00e4koulu perustetaan Helsinkiin.<\/p>\n<p>&nbsp;<\/p>\n<p><strong>1940-LUKU<\/strong><br \/>\nKultasep\u00e4nalan tuotanto romahtaa sotavuosina 1939\u20131944 ja niit\u00e4 seuranneena<br \/>\npula-aikana alle puoleen sotaa edelt\u00e4neest\u00e4 ajasta. Jalometallien huonon<br \/>\nsaatavuuden ja korutuonnin ehtymisen johdosta koruja aletaan valmistaa my\u00f6s<br \/>\nmuista materiaaleista. Sodan aikana jaettavat muistomerkit ja mitalit sek\u00e4<br \/>\nsotatarviketuotanto ty\u00f6llist\u00e4v\u00e4t alaa. Vuosikymmenen loppupuolella perustetaan<br \/>\nlukuisia alan yrityksi\u00e4 Suomeen. Suomalaisia korukivi\u00e4 aletaan hioa<br \/>\norastavan korumuotoilun tarpeisiin.<\/p>\n<p>1941 Kalevalaisten Naisten Liitto perustaa Kalevala Korun tuotanto- ja markkinointiyritykseksi.<br \/>\nSpektroliitin em\u00e4kallio l\u00f6ydet\u00e4\u00e4n Yl\u00e4maalta.<br \/>\n1945 Kupittaan Kulta perustetaan Turkuun. Perustajat ovat metallikaivertaja Elis Kauppi sek\u00e4 kultasep\u00e4t Pekka Kivipuro ja Jorma Nurmi. Yrityksest\u00e4 tulee modernin sarjatuotantokorun tienraivaaja.<br \/>\n1947 Kalevala Korunsuunnittelukilpailu on l\u00e4ht\u00f6laukaus moderniin korumuotoiluun. Kilpailun voittaa tekstiilitaiteilija Heli Vuori kansanomaisella T\u00e4hk\u00e4k\u00e4\u00e4dyll\u00e4\u00e4n. Kilpailun taiteiljal\u00f6yd\u00f6ksi osoittautuu pian tekstiilitaiteilija Kirsti Ilvessalo.<br \/>\n1948 A. Tillanderin matkamuistokilpailu. Tapio Wirkkala voittaa ensimm\u00e4isen ja toisen palkinnon hopeaesineill\u00e4\u00e4n.<br \/>\nNew Yorkissa avataan Finland House, jossa on Kalevala Korun myym\u00e4l\u00e4.<br \/>\n1949 Tauno Paronen perustaa jalokivihiomon Helsinkiin.<br \/>\nTaideteollisuuskeskuskoulu muuttuu Taideteolliseksi oppilaitokseksi.<br \/>\nK\u00f6\u00f6penhaminassa sodan j\u00e4lkeen ty\u00f6skennellyt hopeasepp\u00e4 Bertel Gardberg perustaa verstaan Helsinkiin.<\/p>\n<p>&nbsp;<\/p>\n<p><strong>1950-LUKU<\/strong><br \/>\nMenestyminen Milanon triennaaleissa, Frankfurtin kansainv\u00e4lisill\u00e4<br \/>\nkulutustavaramessuilla, M\u00fcnchenin k\u00e4sity\u00f6messuilla ja lukuisissa kotimaisissa<br \/>\nn\u00e4yttelyiss\u00e4 vahvistaa suomalaisen korumuotoilun identiteetti\u00e4, samoin<br \/>\nKultasepp\u00e4koulun ja Taideteollisuuskeskuskoulun yhteisty\u00f6 Helsingiss\u00e4. Milanon<br \/>\ntriennaalit merkitsev\u00e4t l\u00e4pily\u00f6nti\u00e4 maamme taideteollisuudelle, vaikka korutaidetta<br \/>\non melko v\u00e4h\u00e4isesti esill\u00e4. Taideteollisuuden vuosin\u00e4yttelyt 1950-luvulla ovat<br \/>\nmerkitt\u00e4vin kotimainen muotoilualan tapahtuma. Suomen Taideteollisuusyhdistys<br \/>\nj\u00e4rjest\u00e4\u00e4 my\u00f6s kansainv\u00e4lisi\u00e4 kierton\u00e4yttelyj\u00e4 ja ottaa osaa n\u00e4yttelyihin ulkomailla.<\/p>\n<p>1950 Kalevala Koru pestaa suunnittelijaksi Eero Rislakin.<br \/>\n1951 Tapio Wirkkala aloittaa suunnittelun N. Westerbackille \/ Kultakeskukselle.<br \/>\n1954 Aarikka Oy perustetaan Helsinkiin. Perustajat ovat tekstiilitaiteilija Kaija Aarikka ja h\u00e4nen miehens\u00e4 Erkki Ruokonen.<br \/>\n1956 Kaunis Koru Oy perustetaan Helsinkiin. Perustaja on Martta Ritvanen, ensimm\u00e4iset p\u00e4\u00e4suunnittelijat ovat Paula H\u00e4iv\u00e4oja ja Jan Salakari.<br \/>\nMetallitaiteilija Mauno Honkanen pestataan A. Tillanderin suunnittelijaksi.<br \/>\nKultasepp\u00e4 Bj\u00f6rn Weckstr\u00f6m perustaa verstaan Helsinkiin.<br \/>\n1958 Artekin n\u00e4yttely Helsingiss\u00e4. Bertel Gardberg, Elis Kauppi, B\u00f6rje Rajalin ja Eero Rislakki saavat n\u00e4yttelyll\u00e4\u00e4n aikaan modernin korun l\u00e4pimurron.<br \/>\n1959 Nuutaj\u00e4rven Lasin taiteilija Saara Hopea siirtyy korutaiteeseen ja ryhtyy suunnittelemaan sukunsa perheyritykselle Ossian Hopealle Porvoossa.<\/p>\n<p>&nbsp;<\/p>\n<p><strong>1960-LUKU<\/strong><br \/>\nLapponia Jewelry Oy ja Turun seudun yritykset aloittavat menestyksekk\u00e4\u00e4n koruviennin<br \/>\nPohjoismaihin ja Keski-Eurooppaan. Vienti laajenee my\u00f6s Euroopan ulkopuolelle. Yh\u00e4<br \/>\nuseammat yritykset alkavat k\u00e4ytt\u00e4\u00e4 valutekniikkaa korujen valmistuksessa. Suomalaiset<br \/>\nkorumuotoilijat menestyv\u00e4t kansainv\u00e4lisiss\u00e4 korumuotoilukilpailuissa, ja heid\u00e4n t\u00f6it\u00e4\u00e4n ostetaan<br \/>\ntunnettuihin eurooppalaisiin museoihin.<\/p>\n<p>1960 Finnish Design Center avautuu. Keskus on aatteellisten ja kaupallisten tahojen yhteishanke ja Suomen taideteollisuuden t\u00e4rke\u00e4 n\u00e4ytt\u00e4m\u00f6 vuoteen 1987 asti.<br \/>\nSuomen Gemmologinen Seura ry perustetaan. Seuran puheenjohtajaksi valitaan jalokivisepp\u00e4 Herbert Tillander.<br \/>\nKultasepp\u00e4 Pekka Anttila perustaa Helsinkiin Kruunukoru Oy:n, joka tulee tunnetuksi nimell\u00e4 Lapponia Jewelry. Bj\u00f6rn Weckstr\u00f6mist\u00e4 tulee yrityksen suunnittelija 1963.<br \/>\nPaula H\u00e4iv\u00e4oja aloittaa Kalevala Korun p\u00e4\u00e4suunnittelijana.<br \/>\n1965 Bj\u00f6rn Weckstr\u00f6m voittaa kultakorullaan Kukkiva muuri Rio de Janeiron kansainv\u00e4lisen korusuunnittelukilpailun.<br \/>\nMatti Hyv\u00e4risen rintakoru The rich and the poor palkitaan kansainv\u00e4lisess\u00e4 timanttikorujen suunnittelukilpailussa New Yorkissa.<br \/>\n1969 Liisa Vitalin Kultakeskus Oy:lle suunnittelema korumallisto esitell\u00e4\u00e4n Helsingiss\u00e4.<\/p>\n<p>&nbsp;<\/p>\n<p><strong>1970-LUKU<\/strong><br \/>\nEdellisell\u00e4 vuosikymmenell\u00e4 alkanut korutuotannon korkeasuhdanne jatkuu.<br \/>\nSuomalainen korumuotoilu saa huomiota varsinkin saksalaisessa lehdist\u00f6ss\u00e4.<br \/>\nKultasepp\u00e4koulun liitt\u00e4minen Lahden taideoppilaitoksiin alkaa n\u00e4ky\u00e4<br \/>\nkorumuotoilussa. Koulusta valmistuneet Matti Mattsson, Helena Lehtinen ja Juhani<br \/>\nHeikkil\u00e4 edustavat uutta taiteilijasukupolvea.<\/p>\n<p>1971 Lapponia Jewelry ryhtyy pestaamaan uusia suunnittelijoita. Ensimm\u00e4iset ovat tanskalainen kuvanveist\u00e4j\u00e4 Poul Havgaard ja taidemaalari Juhani Linnovaara.<br \/>\nKaunis Korulle suunnitellut Pekka Piek\u00e4inen aloittaa turkulaisen Auran Kultasep\u00e4n sunnittelijana.<br \/>\nLahden kaupunki ostaa Kultasepp\u00e4koulun ja liitt\u00e4\u00e4 sen Lahden taideoppilaitokseen.<br \/>\n1975 Suomen Taideteollisuusyhdistyksen 100-vuotisjuhlan\u00e4yttely Ateneumin Taidemuseossa Helsingiss\u00e4.<br \/>\nUnkarilaissyntyinen Zoltan Popovits aloittaa Lapponia Jewelryn suunnittelijana.<br \/>\nKultakeskus Oy:n uusi tehdas valmistuu H\u00e4meenlinnaan.<br \/>\n1977 George Lucasin T\u00e4htien sodassa Prinsessa Leialla (Carrie Fisher) Bj\u00f6rn Weckstr\u00f6min kaulakoru Planetaariset laaksot ja rannekoru Darinan koru.<\/p>\n<p>&nbsp;<\/p>\n<p><strong>1980-LUKU<\/strong><br \/>\nNaisten osuus perinteisell\u00e4 miesten alalla lis\u00e4\u00e4ntyy. Korutuonti ja kilpailu alkavat<br \/>\nmurentaa koruteollisuutta. Ratkaisua haetaan yritysfuusioista, jotka jatkuvat<br \/>\n2000-luvulle saakka. Ensimm\u00e4iset korumuotoiluun erikoistuneet maisterit<br \/>\nvalmistuvat Taideteollisesta korkeakoulusta. Kansainv\u00e4linen opiskelijavaihto<br \/>\nlis\u00e4\u00e4ntyy.<\/p>\n<p>1987 Suomen Taideteollisuusyhdistys ja Teollisuustaiteenliitto Ornamo perustavat Design Forumin edist\u00e4m\u00e4\u00e4n teollista muotoilua.<br \/>\n1988 Lahden Taide- ja k\u00e4siteollisuusoppilaitoksen nimi muuttuu Lahden muotoiluinstituutiksi.<br \/>\n1989 Kaunis Koru Oy siirtyy Kalevala Koru Oy:n omistukseen.<br \/>\nAuran Kultasepp\u00e4 Oy myyd\u00e4\u00e4n Kultakeskus Oy:lle ja sulautetaan siihen 1996.<br \/>\nE. R\u00e4s\u00e4nen Oy muuttaa nimens\u00e4 Saurum Oy:ksi.<\/p>\n<p>&nbsp;<\/p>\n<p><strong>1990-LUKU<\/strong><br \/>\nNuoret muotoilijat tulevat voimakkaasti esille. N\u00e4yttely- ja messutoiminta<br \/>\non monipuolista. Vakiintunut kansainv\u00e4linen yhteisty\u00f6 ruokkii korutaidetta.<br \/>\nTietokoneavusteinen suunnittelu ja valmistus yleistyv\u00e4t vuosikymmenen<br \/>\nloppupuolella. Union Design perustetaan.<\/p>\n<p>1990 Taideteolliseen korkeakouluun perustetaan k\u00e4si- ja taideteollisen muotoilun koulutusohjelma.<br \/>\nMatti Mattsson j\u00e4rjest\u00e4\u00e4 Harakan saarella Helsingiss\u00e4 kansainv\u00e4lisen suosion saaneen viikon mittaisen Sea Jewellery -seminaarin. Osallistujat ovat nyky\u00e4\u00e4n kansainv\u00e4lisesti tunnettuja korutaiteilijoita.<br \/>\n1990-2001 Suomen Taideteollisuusyhdistys jakaa Pro Finnish Design -palkintoa.<br \/>\n1993 Subjects 1993, kansainv\u00e4linen korun\u00e4yttely Design Forum Finlandissa. P\u00e4\u00e4suunnittelijoina Juhani Heikkil\u00e4 ja Petteri Itkonen.<br \/>\n1997 Faberg\u00e9 -n\u00e4yttely Lahden taidemuseossa. Nuorten korumuotoilijoiden studio Union Design aloittaa toimintansa Helsingiss\u00e4.<br \/>\n1998 Muotitaiteilija Marja Suna aloittaa Kalevala Korun suunnittelijana.<br \/>\nKoruvalmistukseen soveltuva laserskannaus ja 3D-tulostus otetaan k\u00e4ytt\u00f6\u00f6n Lahden Muotoiluinstituutissa.<\/p>\n<p>1999 Hibernate-taiteilijaryhm\u00e4 perustetaan, j\u00e4seni\u00e4 Helena Lehtinen, Eija Mustonen, Kimmo Heikkil\u00e4 ja Tarja Tuupanen.<\/p>\n<p>&nbsp;<\/p>\n<p><strong>2000-LUKU<\/strong><br \/>\nJalometallin leimausk\u00e4yt\u00e4nn\u00f6n vapautuminen lis\u00e4\u00e4 voimakkaasti<br \/>\nharrastustoimintaa. Alan koulutus pirstaloituu. Studiotyyppiset ty\u00f6pajat valmistavat<br \/>\nuniikkikoruja. Teollisuus fokusoituu. Kansainv\u00e4liset korutaideseminaarit el\u00e4v\u00f6itt\u00e4v\u00e4t<br \/>\nalaa.<\/p>\n<p>2001-2009<br \/>\nAmazing Animal -korutaiteilijaryhm\u00e4 , j\u00e4senin\u00e4 Mervi Kurvinen, Kati Nulpponen ja Maria Nuutinen.<\/p>\n<p>2005 Korutaideyhdistys ry perustetaan Lappeenrannassa.<br \/>\nKalevala Koru Oy ostaa Lapponia Jewelryn.<br \/>\nKansainv\u00e4linen Faberg\u00e9-biennaali j\u00e4rjestet\u00e4\u00e4n Lahden ammattikorkeakoulussa.<\/p>\n<p>2002-2015 Taidegalleria Johan S. j\u00e4rjest\u00e4\u00e4 lukuisia korun\u00e4yttelyit\u00e4. Galleristina Clarice Finell.<\/p>\n<p>2009-2010<br \/>\nLaaja Suomalainen Koru 1600-2009 -n\u00e4yttely pidet\u00e4\u00e4n Designmuseossa. Museo julkaisee n\u00e4yttelyn pohjalta kirjan Koru Suomessa.<\/p>\n<p>&nbsp;<\/p>\n<p><strong>2010-LUKU<\/strong><br \/>\nNuorten yhteispajoista syntyneet pienet hightech-ateljeety\u00f6pajatyleistyv\u00e4t. Uniikkity\u00f6t sek\u00e4<br \/>\nteollisuuden ja liikkeiden alihankinta ty\u00f6llist\u00e4v\u00e4t pieni\u00e4 ty\u00f6huoneita.<\/p>\n<p>2010 Mari Isopahkala voittaa Lapponia Jewelryn 50-vuotisjuhlavuoden korusuunnittelukilpailun ja aloittaa yrityksen suunnittelijana.<br \/>\nMia Maljojoki saa HerbertHoffman-palkinnon.<\/p>\n<p>2012 Janna Syv\u00e4nojalle my\u00f6nnet\u00e4\u00e4n Prins Eugen -mitali.<br \/>\n2013 Helena Lehtinen saa Herbert Hoffman-palkinnon.<br \/>\nBj\u00f6rn Weckstr\u00f6m saa ensimm\u00e4isen\u00e4 korutaiteilijana Suomen Taideteollisuusyhdistyksen Kaj Franck -palkinnon.<br \/>\n2014 Itsen\u00e4isyyden ajan suomalainen koru -kirja julkaistaan (Kustannusosakeyhti\u00f6 Tammi). Kirjan ovat kirjoittaneet Helena Pahlman, Lars Pahlman, Tuula Poutasuo, P\u00e4ivi Ruutiainen, UllaTillander-Godenhielm ja Esko Timonen.<br \/>\n2015 Suomen Kultaseppien Liitto j\u00e4rjest\u00e4\u00e4 Brilliant-n\u00e4yttelyn Kansallismuseossa, jossa esitell\u00e4\u00e4n vuoden kultaseppien t\u00f6it\u00e4 vuodesta 1987.<br \/>\n2016 Suomalainen Koru -kirja julkaistaan (Kustannusosakeyhti\u00f6 Tammi). Kirja pohjautuu vuoden 2014 julkaisuun samoilta tekij\u00f6ilt\u00e4.<br \/>\n2017 Lahden Ammattikorkeakoulu lopettaa Muotoiluinstituutin korumuotoilun p\u00e4\u00e4aineen.<br \/>\nSuomen Kellomuseo toteuttaa Suomi100-hankkeena Suomalainen Koru -n\u00e4yttelyn, joka k\u00e4ynnist\u00e4\u00e4 kultasepp\u00e4\/korumuseo-hankkeen.<\/p>\n<p><strong>2020-LUKU<\/strong><br \/>\n2020 Lapponian br\u00e4ndi sulautetaan osaksi Kalevala Korun mallistoa.<br \/>\n2021 Suomen Kello- ja korumuseo perustetaan.<br \/>\n2022 Suomen Kello- ja korumuseo avataan Tapiolaan.<\/p>\n<p>&nbsp;<\/p>\n<p><strong>L\u00e4hde:\u00a0<\/strong>Suomen Kello- ja korumuseo<\/p>\n","protected":false},"excerpt":{"rendered":"<p>&nbsp;<\/p>\n<p>&nbsp;<\/p>\n","protected":false},"featured_media":0,"comment_status":"closed","ping_status":"closed","template":"","meta":[],"product_cat":[37],"product_tag":[36,48,42,61,24,164],"_links":{"self":[{"href":"https:\/\/www.kellomuseo.fi\/holvi\/wp-json\/wp\/v2\/product\/1433"}],"collection":[{"href":"https:\/\/www.kellomuseo.fi\/holvi\/wp-json\/wp\/v2\/product"}],"about":[{"href":"https:\/\/www.kellomuseo.fi\/holvi\/wp-json\/wp\/v2\/types\/product"}],"replies":[{"embeddable":true,"href":"https:\/\/www.kellomuseo.fi\/holvi\/wp-json\/wp\/v2\/comments?post=1433"}],"wp:attachment":[{"href":"https:\/\/www.kellomuseo.fi\/holvi\/wp-json\/wp\/v2\/media?parent=1433"}],"wp:term":[{"taxonomy":"product_cat","embeddable":true,"href":"https:\/\/www.kellomuseo.fi\/holvi\/wp-json\/wp\/v2\/product_cat?post=1433"},{"taxonomy":"product_tag","embeddable":true,"href":"https:\/\/www.kellomuseo.fi\/holvi\/wp-json\/wp\/v2\/product_tag?post=1433"}],"curies":[{"name":"wp","href":"https:\/\/api.w.org\/{rel}","templated":true}]}}