{"id":1430,"date":"2021-12-07T14:14:39","date_gmt":"2021-12-07T12:14:39","guid":{"rendered":"https:\/\/www.kellomuseo.fi\/holvi\/?post_type=product&#038;p=1430"},"modified":"2021-12-13T10:52:37","modified_gmt":"2021-12-13T08:52:37","slug":"ei-vain-kimallusta-vaan-rosoisuutta-ja-yllattavyytta","status":"publish","type":"product","link":"https:\/\/www.kellomuseo.fi\/holvi\/tuote\/ei-vain-kimallusta-vaan-rosoisuutta-ja-yllattavyytta\/","title":{"rendered":"Ei vain kimallusta, vaan rosoisuutta ja yll\u00e4tt\u00e4vyytt\u00e4"},"content":{"rendered":"<p>Korutaide pakenee m\u00e4\u00e4rittely\u00e4 samalla tavalla kuin monet muutkin koruun liittyv\u00e4t nimitykset: nykykoru, designkoru, korumuotoilija jne. Koru sanan alussa voi viitata teoksen olemukseen tai teoksen tekemisen l\u00e4ht\u00f6kohtiin. Yhdistelm\u00e4n\u00e4 sanaa on k\u00e4ytetty pitk\u00e4\u00e4n, mutta k\u00e4sitteellisesti sanan k\u00e4ytt\u00f6\u00e4 on nostettu erityisesti 2000-luvulla. Korutaide n\u00e4ytt\u00e4\u00e4 siis sis\u00e4lt\u00e4v\u00e4n niin t\u00e4ysin ainutkertaiset (uniikit) korut kuin my\u00f6s piensarjaa tai osittain teollista tuotantoa. Jokainen tekij\u00e4 m\u00e4\u00e4rittelee itsens\u00e4 \u2013 haluaako nimet\u00e4 itsens\u00e4 korutaiteilijaksi vai joksikin muuksi.<\/p>\n<p>Jokaisella on oma k\u00e4sityksens\u00e4 siit\u00e4, mit\u00e4 koru oikein on. K\u00e4sitykset liittyv\u00e4t usein materiaaleihin, jolloin yleinen odotusarvo on se, ett\u00e4 koru on tehty arvokkaista materiaaleista, kuten kullasta ja jalokivist\u00e4. Toisaalta hankimme melkein kertak\u00e4ytt\u00f6isi\u00e4 koruja halvoista kaupoista. Samalla tavalla vaihtelevat k\u00e4sityksen korun olemuksesta: arki- ja juhlakorut ovat erilaisia, korun kauneusk\u00e4sityksi\u00e4 kannattelee historian painolasti, kuten my\u00f6s korun aiheitakin. Lis\u00e4ksi korun k\u00e4ytt\u00e4mist\u00e4 on s\u00e4\u00e4delty kautta historian.<\/p>\n<p>N\u00e4iden syiden takia korutaide vaikuttaa ep\u00e4m\u00e4\u00e4r\u00e4iselt\u00e4 ja monimutkaiselta olemukseltaan. Korutaidetta on rinnastettu muihin visuaalisiin taiteisiin, eik\u00e4 suotta. Samalla tavalla kuin kuvanveistossa, ovat koruissa k\u00e4ytett\u00e4v\u00e4t materiaalit ja tekniikat lis\u00e4\u00e4ntyneet ja muuttuneet. Kokeilevuus tekniikoiden suhteen on tarkoittanut hyvinkin yll\u00e4tyksellisten tekniikoiden k\u00e4ytt\u00e4mist\u00e4, niiden lainailua muilta taiteenaloilta ja perinteisten tekniikoiden yhdistelemist\u00e4 uusiin. N\u00e4m\u00e4 vaikuttavat siihen, miten kest\u00e4vi\u00e4 korut ovat ja\/tai miten niit\u00e4 voi k\u00e4ytt\u00e4\u00e4.<\/p>\n<p>Materiaalipohjaisuus tai -l\u00e4ht\u00f6isyys viittaa usein siihen, miten tekemisen l\u00e4ht\u00f6kohdat ovat materiaalissa. Korutaiteessa k\u00e4ytet\u00e4\u00e4n monenlaisia materiaaleja. Usein kuitenkin tekij\u00f6iden l\u00e4ht\u00f6kohdat ovat taiteessa, jolloin korun\/teoksen idea vaikuttaa materiaalin valintaan. Materiaali ei siis v\u00e4ltt\u00e4m\u00e4tt\u00e4 ole olennainen tai erottava tekij\u00e4. Voidaan k\u00e4ytt\u00e4\u00e4 halpoja (muovipussi, kondomi), kalliita, kierr\u00e4tett\u00e4vi\u00e4 (kirppisten aarteet, vanhat korut) materiaaleja, kest\u00e4vi\u00e4 ja hetkellisi\u00e4, eik\u00e4 korun arvo m\u00e4\u00e4r\u00e4ydy niin vahvasti k\u00e4ytettyjen materiaalien takia. Koru ei ole my\u00f6sk\u00e4\u00e4n v\u00e4ltt\u00e4m\u00e4tt\u00e4 ikuinen. Ei vain kimallusta, vaan rosoisuutta ja yll\u00e4ttyvyytt\u00e4<\/p>\n<p>Korutaide ei ole vain ripustettavia koruja. Toki osa tekij\u00f6ist\u00e4 tekee selke\u00e4sti keholle ripustet &#8211; tavia koruja, osa tekee korun nimess\u00e4 teoksia, joita ei voida ripustaa ollenkaan. Korun l\u00e4ht\u00f6kohdat ovat kehollisuudessa, mutta korut vaikuttavat my\u00f6s kehoon. Koru voi olla eri tavalla k\u00e4ytett\u00e4v\u00e4: suurikokoinen, painava, s\u00e4rmik\u00e4s, keholle neuleen tapaisesti asettautuva tai sit\u00e4 kantaessaan on jollain erilaisella tavalla tietoinen siit\u00e4. Mik\u00e4li korua ei voi ripustaa keholle, ovat sen l\u00e4ht\u00f6kohdat kehollisuudessa.<\/p>\n<p>Koru viestii aina jotain ja kun ripustat sen keholle, tuot esille jotain arvoja. Koruissa tekij\u00e4n intentiot ovat l\u00e4sn\u00e4 samalla tavalla kuin taiteessa \u2013 tekij\u00e4t tuovat usein ilmi arvomaailmaansa. Samalla tavalla kerrot jotain omista arvoistasi korutaiteen teoksen kautta. On se sitten sit\u00e4, ett\u00e4 ettet halua tyyty\u00e4 pieniin ja vaatimattomiin koruihin, tai haluat n\u00e4ytt\u00e4\u00e4, millainen sinun kauneusk\u00e4sityksesi on. Koru voi julistaa asioita tai sanoa pienemmin.<\/p>\n<p>Korutaiteen monimuotoisuus ja ristiriitaisuus on sallivaa ja upeaa. Kannat sitten kehollasi painavaa kivist\u00e4 rintakorua, p\u00e4hkin\u00e4nkuorista tehty\u00e4 kaulakorua tai vihkisormustasi. Erottaudut korutaiteella ja tulet omalla tavallasi itseksi.<\/p>\n<p>&nbsp;<\/p>\n<p><strong>L\u00e4hde:<\/strong> P\u00e4ivi Ruutiainen TaT, FM<br \/>\nKorutaideopas<br \/>\nKorutaideyhdistys ry<br \/>\nThe Finnish Jewelry Art Association<br \/>\nSmyckeskonstsamfundet 2018<\/p>\n","protected":false},"excerpt":{"rendered":"<p>&nbsp;<\/p>\n<p>&nbsp;<\/p>\n","protected":false},"featured_media":0,"comment_status":"closed","ping_status":"closed","template":"","meta":[],"product_cat":[37],"product_tag":[36,48,42,61],"_links":{"self":[{"href":"https:\/\/www.kellomuseo.fi\/holvi\/wp-json\/wp\/v2\/product\/1430"}],"collection":[{"href":"https:\/\/www.kellomuseo.fi\/holvi\/wp-json\/wp\/v2\/product"}],"about":[{"href":"https:\/\/www.kellomuseo.fi\/holvi\/wp-json\/wp\/v2\/types\/product"}],"replies":[{"embeddable":true,"href":"https:\/\/www.kellomuseo.fi\/holvi\/wp-json\/wp\/v2\/comments?post=1430"}],"wp:attachment":[{"href":"https:\/\/www.kellomuseo.fi\/holvi\/wp-json\/wp\/v2\/media?parent=1430"}],"wp:term":[{"taxonomy":"product_cat","embeddable":true,"href":"https:\/\/www.kellomuseo.fi\/holvi\/wp-json\/wp\/v2\/product_cat?post=1430"},{"taxonomy":"product_tag","embeddable":true,"href":"https:\/\/www.kellomuseo.fi\/holvi\/wp-json\/wp\/v2\/product_tag?post=1430"}],"curies":[{"name":"wp","href":"https:\/\/api.w.org\/{rel}","templated":true}]}}