{"id":1419,"date":"2021-12-07T13:32:42","date_gmt":"2021-12-07T11:32:42","guid":{"rendered":"https:\/\/www.kellomuseo.fi\/holvi\/?post_type=product&#038;p=1419"},"modified":"2022-02-25T12:26:02","modified_gmt":"2022-02-25T10:26:02","slug":"kelloala-muutosten-kourissa-1970-luvulla","status":"publish","type":"product","link":"https:\/\/www.kellomuseo.fi\/holvi\/tuote\/kelloala-muutosten-kourissa-1970-luvulla\/","title":{"rendered":"Kelloala muutosten kourissa 1970-luvulla"},"content":{"rendered":"<p>Kellosep\u00e4n ammatti muuttui 1970-luvulla, kun kvartsikellot valtasivat markkinat l\u00e4hes t\u00e4ysin. Ne tulivat Suomen markkinoille vuonna 1973. Muutokseen reagoitiin kelloalalla j\u00e4rjest\u00e4m\u00e4ll\u00e4 Kellosepp\u00e4koulussa koulutustilaisuuksia vanhemman kellosepp\u00e4polven ammattitaidon kartuttamiseksi. My\u00f6s uusien kelloseppien koulutuksessa alan muutos otettiin huomioon muuttuneella opintosuunnitelmalla. Kelloseppien kannalta huonointa kehityksess\u00e4 oli kellomyynnin siirtyminen mit\u00e4 erilaisimpiin liikkeisiin.<\/p>\n<p>Halvat kellot vy\u00f6ryiv\u00e4t Suomeen todenteolla 1980-luvulla. Vuonna 1982 suurin tuontimaa oli Hong Kong, josta tuotiin yli puolet pienkelloista. Tuonti kasvoi ja hinnat laskivat. My\u00f6s Japani tuli markkinoille yh\u00e4 kasvavalla kellotuotannollaan. Sveitsin osuus kellotuotannosta oli 1980-luvun lopulla en\u00e4\u00e4 6,6 prosenttia.<br \/>\nKelloliikkeen myynnist\u00e4 jo 1980-luvulla 90 prosenttia oli kvartsikelloja, loput mekaanisella koneistolla varustettuja kelloja. Korjaust\u00f6iss\u00e4 t\u00e4m\u00e4 suhde ei kuitenkaan p\u00e4tenyt, sill\u00e4 mekaaniset kellot ovat yh\u00e4 suosittuja ja niit\u00e4 kannattaa korjata toisin kuin kvartsikelloja.<\/p>\n<p>Maahantuotujen kellojen m\u00e4\u00e4r\u00e4 s\u00e4ilyi 1990-luvun lamavuosinakin korkeana. Suurimmaksi tuontimaaksi nousi Kiina 38 prosentin osuudellaan. Ne eiv\u00e4t kuitenkaan muodostaneet kovinkaan suurta osuutta tuotosta, sill\u00e4 kiinalaiset kellot olivat p\u00e4\u00e4osin halpakelloja. T\u00e4ysin yll\u00e4tt\u00e4v\u00e4ksi kellomarkkinoita muuttaneeksi tekij\u00e4ksi muodostuivat matkapuhelimet 1990-luvulla. Etenk\u00e4\u00e4n nuoret eiv\u00e4t en\u00e4\u00e4 2000-luvulla hanki lainkaan kelloa, kun kellonajan voi vaivatta tarkistaa k\u00e4nnyk\u00e4st\u00e4. Toisaalta valmius ostaa useampia kelloja on lis\u00e4\u00e4ntynyt kulutustottumuksien muuttuessa.<\/p>\n<p>&nbsp;<\/p>\n<p><strong>L\u00e4hde:<\/strong> Suomen Kellomuseo<\/p>\n<p>&nbsp;<\/p>\n","protected":false},"excerpt":{"rendered":"<p>&nbsp;<\/p>\n<p>&nbsp;<\/p>\n","protected":false},"featured_media":0,"comment_status":"closed","ping_status":"closed","template":"","meta":[],"product_cat":[31],"product_tag":[36,51,30,52],"_links":{"self":[{"href":"https:\/\/www.kellomuseo.fi\/holvi\/wp-json\/wp\/v2\/product\/1419"}],"collection":[{"href":"https:\/\/www.kellomuseo.fi\/holvi\/wp-json\/wp\/v2\/product"}],"about":[{"href":"https:\/\/www.kellomuseo.fi\/holvi\/wp-json\/wp\/v2\/types\/product"}],"replies":[{"embeddable":true,"href":"https:\/\/www.kellomuseo.fi\/holvi\/wp-json\/wp\/v2\/comments?post=1419"}],"wp:attachment":[{"href":"https:\/\/www.kellomuseo.fi\/holvi\/wp-json\/wp\/v2\/media?parent=1419"}],"wp:term":[{"taxonomy":"product_cat","embeddable":true,"href":"https:\/\/www.kellomuseo.fi\/holvi\/wp-json\/wp\/v2\/product_cat?post=1419"},{"taxonomy":"product_tag","embeddable":true,"href":"https:\/\/www.kellomuseo.fi\/holvi\/wp-json\/wp\/v2\/product_tag?post=1419"}],"curies":[{"name":"wp","href":"https:\/\/api.w.org\/{rel}","templated":true}]}}