{"id":1417,"date":"2021-12-07T13:28:36","date_gmt":"2021-12-07T11:28:36","guid":{"rendered":"https:\/\/www.kellomuseo.fi\/holvi\/?post_type=product&#038;p=1417"},"modified":"2022-02-25T12:24:54","modified_gmt":"2022-02-25T10:24:54","slug":"saannostely-synnyttaa-salakuljettajien-markkinat","status":"publish","type":"product","link":"https:\/\/www.kellomuseo.fi\/holvi\/tuote\/saannostely-synnyttaa-salakuljettajien-markkinat\/","title":{"rendered":"S\u00e4\u00e4nn\u00f6stely synnytt\u00e4\u00e4 salakuljettajien markkinat"},"content":{"rendered":"<p>Kellojen salakuljetus yleistyi sodan j\u00e4lkeen. Kelloja toivat laittomasti maahan mm. merimiehet ja runsaasti kelloja kulki Suomeen my\u00f6s Ruotsista maarajan yli Lappiin. Kellojen kaupustelijoita kiersi ty\u00f6paikoilla ja junissa tarjoamassa salakuljetettuja kelloja. Koska kysynt\u00e4 oli laillista tuontia suurempi, riitti asiakkaita runsain mitoin salakuljettajillekin ja tarjosi heille hyv\u00e4t toimeentulomahdollisuudet viel\u00e4 1950-luvun alussa. Laadukkaita ja suhteellisen halpoja kelloja oli kuitenkin jo tuolloin jonkin verran saatavissa jo laillisestikin. Salakuljettajat joutuivat kilpailemaan t\u00e4ll\u00f6in my\u00f6s hinnalla. T\u00e4m\u00e4 johti salakuljetettujen kellojen laadun heikkenemiseen. Salakuljettajien mukana alkoi virrata maahan my\u00f6s v\u00e4\u00e4rennettyj\u00e4 kelloja 1950-luvulla.<\/p>\n<p>Kellojen tuonti vapautettiin vuonna vaiheittain vuoteen 1957 menness\u00e4. J\u00e4ljelle j\u00e4iv\u00e4t kuitenkin kellojen korkeat tullimaksut. T\u00e4m\u00e4 levensi taas salakuljettajien leip\u00e4\u00e4. Salakuljettajien aika kellomarkkinoilla p\u00e4\u00e4ttyi Suomen liitytty\u00e4 EFTA:an vuonna 1961.<\/p>\n<p>Kellotuonnin vapauttamisen seurauksena kelloseppien kilpailijoiksi ilmaantui pian uusia kellokauppiaita. Osuuskaupat ja yksityiset tavaratalot ottivat taas kellot valikoimaansa. N\u00e4m\u00e4 kaupan rakennemuutoksen ensioireet saivat syyst\u00e4kin aikaan levottomuutta kellosepiss\u00e4.<\/p>\n<p>&nbsp;<\/p>\n<p><strong>L\u00e4hde:<\/strong> Suomen Kellomuseo<\/p>\n<p>&nbsp;<\/p>\n<p>&nbsp;<\/p>\n","protected":false},"excerpt":{"rendered":"<p>&nbsp;<\/p>\n<p>&nbsp;<\/p>\n","protected":false},"featured_media":0,"comment_status":"closed","ping_status":"closed","template":"","meta":[],"product_cat":[31],"product_tag":[36,51,30,52],"_links":{"self":[{"href":"https:\/\/www.kellomuseo.fi\/holvi\/wp-json\/wp\/v2\/product\/1417"}],"collection":[{"href":"https:\/\/www.kellomuseo.fi\/holvi\/wp-json\/wp\/v2\/product"}],"about":[{"href":"https:\/\/www.kellomuseo.fi\/holvi\/wp-json\/wp\/v2\/types\/product"}],"replies":[{"embeddable":true,"href":"https:\/\/www.kellomuseo.fi\/holvi\/wp-json\/wp\/v2\/comments?post=1417"}],"wp:attachment":[{"href":"https:\/\/www.kellomuseo.fi\/holvi\/wp-json\/wp\/v2\/media?parent=1417"}],"wp:term":[{"taxonomy":"product_cat","embeddable":true,"href":"https:\/\/www.kellomuseo.fi\/holvi\/wp-json\/wp\/v2\/product_cat?post=1417"},{"taxonomy":"product_tag","embeddable":true,"href":"https:\/\/www.kellomuseo.fi\/holvi\/wp-json\/wp\/v2\/product_tag?post=1417"}],"curies":[{"name":"wp","href":"https:\/\/api.w.org\/{rel}","templated":true}]}}