{"id":1253,"date":"2021-11-23T12:11:40","date_gmt":"2021-11-23T10:11:40","guid":{"rendered":"https:\/\/www.kellomuseo.fi\/holvi\/?post_type=product&#038;p=1253"},"modified":"2022-01-19T14:51:16","modified_gmt":"2022-01-19T12:51:16","slug":"saara-hopean-kaulakaadyt","status":"publish","type":"product","link":"https:\/\/www.kellomuseo.fi\/holvi\/tuote\/saara-hopean-kaulakaadyt\/","title":{"rendered":"Saara Hopean kaulak\u00e4\u00e4dyt"},"content":{"rendered":"<p>Helmikuussa 1977 Saara alkoi suunnitella ja valmistaa k\u00e4sinneulottuja kulta- ja hopeaketjuja k\u00e4ytett\u00e4v\u00e4ksi kaulakoruissa yhdess\u00e4 Ahlbergin valmistamien osien kanssa. Joissakin koruissa oli yksi ketju, toisissa kaksi, kolme tai viel\u00e4 useampia. Vuoteen 1983 menness\u00e4 he valmistivat kaiken kaikkiaan 54 kaulakorua, joissa neulottua ketjua k\u00e4ytettiin.<\/p>\n<p>Seuraavassa Saaran kertomaa televisio-ohjelmassa \u201cHopeakoru\u201d, jonka nimi viittaa kahtaalle, Saaran nimeen sek\u00e4 koruihin. Ohjelma kuului 12 tv-ohjelman sarjaan Pro Arte Utile. Sen tuotti vuonna 1979 TV1:n kulttuuritoimitus ja se esitteli merkitt\u00e4vien suomalaisten taiteilijoiden ja k\u00e4sity\u00f6l\u00e4isten ty\u00f6t\u00e4. T\u00e4ss\u00e4 ohjelmassa esiteltiin kaulaketjun valmistamista ja sen suunnitteli ja ohjasi Kirsti Pet\u00e4j\u00e4niemi. Kuvaussihteeri oli Anneli Pallas.<\/p>\n<p>Saara kertoi muinaisten nepalilaisten ja intialaisten korujen inspiroineen h\u00e4nt\u00e4 suunnittelemaan neulotusta ketjusta valmistettuja kaulakoruja erilaisine muunnelmineen.<br \/>\nSaara: \u201dOlen n\u00e4hnyt vanhoja nepaliliaisia ja intialaisia uskonnollisia maalauksia ja veistoksia, joissa heid\u00e4n jumalansa ja jumalattarensa on kuvattu yll\u00e4\u00e4n hyvin paljon koruja. Joissakin n\u00e4iss\u00e4 perinteisiss\u00e4 kaulakoruissa on sivukoristelu yhdistettym\u00e4 keskusriipukseen tai ilman sit\u00e4. Minusta se oli hauska idea, jota voisi kehitell\u00e4 ja soveltaa nykyajan koruihin.<\/p>\n<p>Kehitelless\u00e4ni n\u00e4iden aasialaisten prototyyppien inspiroimaa kaulakorua minun oli p\u00e4\u00e4tett\u00e4v\u00e4 mink\u00e4laista ketjua k\u00e4ytt\u00e4isin. Halusin sen olevan mahdollisimman taipuisa, mutta samalla riitt\u00e4v\u00e4n kest\u00e4v\u00e4 ja vahva, jotta se olisi k\u00e4yt\u00e4nn\u00f6llinen, En halunnut litteist\u00e4 renkaista valmistuttua ketjua, joka on yleisin, vaan jotakin py\u00f6re\u00e4mp\u00e4\u00e4.<\/p>\n<p>Sitten muistin, ett\u00e4 etruskit (700-600 eKr.) valmistivat neulottuja ketjuja ja Nepalissa ja Intiassa n\u00e4in perinteisten jalokiviseppien valmistavan samanlaisia ketjuja. Tuota ty\u00f6t\u00e4 tekiv\u00e4t enimm\u00e4kseen naiset.<br \/>\nT\u00e4llainen ketju sopi minun tarkoituksiini, koska se on homogeeninen ja taipuisa ja n\u00e4m\u00e4 olivat ominaisuuksia, joiden ajattelin tekev\u00e4n kaksipuoliset koristeet helposti havaittaviksi. Ketju vaikuttaa suhteellisen yksinkertaiselta ja sen vastakohtana ovat kaksipuolisten siviukoristeiden geometriset muodot rikkaita. Minusta korujen tulisi olla k\u00e4yt\u00f6ss\u00e4 niin mukavia kuin mahdollista ja minusta t\u00e4m\u00e4n ketjun py\u00f6re\u00e4 muoto ep\u00e4ilem\u00e4tt\u00e4 tekisi korusta sellaisen. P\u00e4\u00e4tin, ett\u00e4 t\u00e4m\u00e4 oli se ketju, jota k\u00e4ytt\u00e4isin n\u00e4iss\u00e4 kaulakoruissa.<\/p>\n<p>Mutta kuinka ne valmistettiin? Yritin keksi\u00e4 menetelm\u00e4\u00e4 ja onnekseni minulla oli yst\u00e4v\u00e4, kuuluisa amerikkalainen kultasepp\u00e4 John Paul Miller, joka tunsi yhden menetelm\u00e4n \u2013 monet olivat mahdollisia. Amerikan vierailuni aikana h\u00e4n opetti minulle kuinka se tehd\u00e4\u00e4n.\u201d<\/p>\n<p>&nbsp;<\/p>\n<p><strong>L\u00e4hde:<\/strong> Oppi Untracht: Saara Hopea-Untracht. El\u00e4 ja ty\u00f6. 1988, sivut 257-259 Suomen Kello- ja korumuseon kokoelma<\/p>\n<p>&nbsp;<\/p>\n","protected":false},"excerpt":{"rendered":"<p><strong>Kuva:<\/strong> Rami Laitinen<\/p>\n<p>&nbsp;<\/p>\n","protected":false},"featured_media":502,"comment_status":"closed","ping_status":"closed","template":"","meta":[],"product_cat":[37,20],"product_tag":[59,42,47,22],"_links":{"self":[{"href":"https:\/\/www.kellomuseo.fi\/holvi\/wp-json\/wp\/v2\/product\/1253"}],"collection":[{"href":"https:\/\/www.kellomuseo.fi\/holvi\/wp-json\/wp\/v2\/product"}],"about":[{"href":"https:\/\/www.kellomuseo.fi\/holvi\/wp-json\/wp\/v2\/types\/product"}],"replies":[{"embeddable":true,"href":"https:\/\/www.kellomuseo.fi\/holvi\/wp-json\/wp\/v2\/comments?post=1253"}],"wp:featuredmedia":[{"embeddable":true,"href":"https:\/\/www.kellomuseo.fi\/holvi\/wp-json\/wp\/v2\/media\/502"}],"wp:attachment":[{"href":"https:\/\/www.kellomuseo.fi\/holvi\/wp-json\/wp\/v2\/media?parent=1253"}],"wp:term":[{"taxonomy":"product_cat","embeddable":true,"href":"https:\/\/www.kellomuseo.fi\/holvi\/wp-json\/wp\/v2\/product_cat?post=1253"},{"taxonomy":"product_tag","embeddable":true,"href":"https:\/\/www.kellomuseo.fi\/holvi\/wp-json\/wp\/v2\/product_tag?post=1253"}],"curies":[{"name":"wp","href":"https:\/\/api.w.org\/{rel}","templated":true}]}}