{"id":1249,"date":"2021-11-23T11:48:50","date_gmt":"2021-11-23T09:48:50","guid":{"rendered":"https:\/\/www.kellomuseo.fi\/holvi\/?post_type=product&#038;p=1249"},"modified":"2022-03-08T16:30:01","modified_gmt":"2022-03-08T14:30:01","slug":"testituote-kuvatuote-3","status":"publish","type":"product","link":"https:\/\/www.kellomuseo.fi\/holvi\/tuote\/testituote-kuvatuote-3\/","title":{"rendered":"Kukkiva Muuri"},"content":{"rendered":"<p>Bj\u00f6rn Weckstr\u00f6m: \u201cKuulin Rio de Janeiron 400-vuotisjuhlan kunniaksi j\u00e4rjestett\u00e4v\u00e4st\u00e4 korusuunnittelukilpailusta ja p\u00e4\u00e4tin osallistua Lapponian perustajan Pekka Anttilan vuoksi, joka uskoi ja luotti minuun. Olin n\u00e4hnyt Ranskassa vanhan rapautuneen kivimuurin, joka oli rakennettu luonnon kivist\u00e4. Muurin raoista kasvoi kukkia. T\u00e4m\u00e4 n\u00e4kym\u00e4 mieless\u00e4ni syntyi Kukkiva Muuri \u2013 kultaa ja turmaliineja. Voitin kilpailun vuonna 1965 ja sen j\u00e4lkeen kaikki halusivat korujani. Uusi ennakkoluuloton suunnittelu nosti Lapponian maailman tietoisuuteen.\u201d<\/p>\n<p>&nbsp;<\/p>\n<p><strong>L\u00e4hde:<\/strong> Kalevala Koru<\/p>\n","protected":false},"excerpt":{"rendered":"<p><strong>Kuva:<\/strong> Kalevala koru<\/p>\n","protected":false},"featured_media":1250,"comment_status":"closed","ping_status":"closed","template":"","meta":[],"product_cat":[395,37,241,20],"product_tag":[504,45,46,42,60,24,503],"_links":{"self":[{"href":"https:\/\/www.kellomuseo.fi\/holvi\/wp-json\/wp\/v2\/product\/1249"}],"collection":[{"href":"https:\/\/www.kellomuseo.fi\/holvi\/wp-json\/wp\/v2\/product"}],"about":[{"href":"https:\/\/www.kellomuseo.fi\/holvi\/wp-json\/wp\/v2\/types\/product"}],"replies":[{"embeddable":true,"href":"https:\/\/www.kellomuseo.fi\/holvi\/wp-json\/wp\/v2\/comments?post=1249"}],"wp:featuredmedia":[{"embeddable":true,"href":"https:\/\/www.kellomuseo.fi\/holvi\/wp-json\/wp\/v2\/media\/1250"}],"wp:attachment":[{"href":"https:\/\/www.kellomuseo.fi\/holvi\/wp-json\/wp\/v2\/media?parent=1249"}],"wp:term":[{"taxonomy":"product_cat","embeddable":true,"href":"https:\/\/www.kellomuseo.fi\/holvi\/wp-json\/wp\/v2\/product_cat?post=1249"},{"taxonomy":"product_tag","embeddable":true,"href":"https:\/\/www.kellomuseo.fi\/holvi\/wp-json\/wp\/v2\/product_tag?post=1249"}],"curies":[{"name":"wp","href":"https:\/\/api.w.org\/{rel}","templated":true}]}}