{"id":6051,"date":"2022-03-08T10:51:58","date_gmt":"2022-03-08T08:51:58","guid":{"rendered":"https:\/\/www.kellomuseo.fi\/holvi\/?page_id=6051"},"modified":"2022-03-23T15:44:05","modified_gmt":"2022-03-23T13:44:05","slug":"valmistus-ja-tyokalut-2","status":"publish","type":"page","link":"https:\/\/www.kellomuseo.fi\/holvi\/valmistus-ja-tyokalut-2\/","title":{"rendered":"Valmistus ja ty\u00f6kalut"},"content":{"rendered":"\t\t<div data-elementor-type=\"wp-page\" data-elementor-id=\"6051\" class=\"elementor elementor-6051\">\n\t\t\t\t\t\t\t\t\t<section class=\"elementor-section elementor-top-section elementor-element elementor-element-e9a16f9 elementor-section-boxed elementor-section-height-default elementor-section-height-default\" data-id=\"e9a16f9\" data-element_type=\"section\" data-settings=\"{&quot;background_background&quot;:&quot;classic&quot;}\">\n\t\t\t\t\t\t<div class=\"elementor-container elementor-column-gap-default\">\n\t\t\t\t\t<div class=\"elementor-column elementor-col-100 elementor-top-column elementor-element elementor-element-107a489\" data-id=\"107a489\" data-element_type=\"column\">\n\t\t\t<div class=\"elementor-widget-wrap elementor-element-populated\">\n\t\t\t\t\t\t\t\t<div class=\"elementor-element elementor-element-74a7c2a elementor-widget elementor-widget-heading\" data-id=\"74a7c2a\" data-element_type=\"widget\" data-widget_type=\"heading.default\">\n\t\t\t\t<div class=\"elementor-widget-container\">\n\t\t\t<style>\/*! elementor - v3.17.0 - 01-11-2023 *\/\n.elementor-heading-title{padding:0;margin:0;line-height:1}.elementor-widget-heading .elementor-heading-title[class*=elementor-size-]>a{color:inherit;font-size:inherit;line-height:inherit}.elementor-widget-heading .elementor-heading-title.elementor-size-small{font-size:15px}.elementor-widget-heading .elementor-heading-title.elementor-size-medium{font-size:19px}.elementor-widget-heading .elementor-heading-title.elementor-size-large{font-size:29px}.elementor-widget-heading .elementor-heading-title.elementor-size-xl{font-size:39px}.elementor-widget-heading .elementor-heading-title.elementor-size-xxl{font-size:59px}<\/style><h2 class=\"elementor-heading-title elementor-size-default\">Monimuotoiset valmistustekniikat inspiroivat t\u00e4ss\u00e4 ja nyt<\/h2>\t\t<\/div>\n\t\t\t\t<\/div>\n\t\t\t\t<div class=\"elementor-element elementor-element-1dc1d51 elementor-widget elementor-widget-text-editor\" data-id=\"1dc1d51\" data-element_type=\"widget\" data-widget_type=\"text-editor.default\">\n\t\t\t\t<div class=\"elementor-widget-container\">\n\t\t\t<style>\/*! elementor - v3.17.0 - 01-11-2023 *\/\n.elementor-widget-text-editor.elementor-drop-cap-view-stacked .elementor-drop-cap{background-color:#69727d;color:#fff}.elementor-widget-text-editor.elementor-drop-cap-view-framed .elementor-drop-cap{color:#69727d;border:3px solid;background-color:transparent}.elementor-widget-text-editor:not(.elementor-drop-cap-view-default) .elementor-drop-cap{margin-top:8px}.elementor-widget-text-editor:not(.elementor-drop-cap-view-default) .elementor-drop-cap-letter{width:1em;height:1em}.elementor-widget-text-editor .elementor-drop-cap{float:left;text-align:center;line-height:1;font-size:50px}.elementor-widget-text-editor .elementor-drop-cap-letter{display:inline-block}<\/style>\t\t\t\t<p class=\"p1\">Kellojen ja korujen valmistusta leimaa korkea k\u00e4sity\u00f6n osuus ja valmistusmenetelm\u00e4t ovat olleet hyvin perinteisi\u00e4. Uusilla nykyteknologian avulla kehitellyill\u00e4 menetelmill\u00e4 pystyt\u00e4\u00e4n helpottamaan valmistusta\u00a0 korkealaatuista ty\u00f6n j\u00e4lke\u00e4 unohtamatta. Millaisilla ty\u00f6v\u00e4lineill\u00e4 ja tekniikoilla kelloja ja koruja valmistetaan? Tutustu siihen alla olevan osion avulla.<\/p>\t\t\t\t\t\t<\/div>\n\t\t\t\t<\/div>\n\t\t\t\t\t<\/div>\n\t\t<\/div>\n\t\t\t\t\t\t\t<\/div>\n\t\t<\/section>\n\t\t\t\t<section class=\"elementor-section elementor-top-section elementor-element elementor-element-302ddb92 elementor-section-boxed elementor-section-height-default elementor-section-height-default\" data-id=\"302ddb92\" data-element_type=\"section\" data-settings=\"{&quot;background_background&quot;:&quot;classic&quot;}\">\n\t\t\t\t\t\t<div class=\"elementor-container elementor-column-gap-default\">\n\t\t\t\t\t<div class=\"elementor-column elementor-col-100 elementor-top-column elementor-element elementor-element-1d4fbefd\" data-id=\"1d4fbefd\" data-element_type=\"column\">\n\t\t\t<div class=\"elementor-widget-wrap elementor-element-populated\">\n\t\t\t\t\t\t\t\t<div class=\"elementor-element elementor-element-1e724cd5 elementor-widget elementor-widget-heading\" data-id=\"1e724cd5\" data-element_type=\"widget\" data-widget_type=\"heading.default\">\n\t\t\t\t<div class=\"elementor-widget-container\">\n\t\t\t<h2 class=\"elementor-heading-title elementor-size-default\">Valmistustekniikat huokuvat ajan henke\u00e4<\/h2>\t\t<\/div>\n\t\t\t\t<\/div>\n\t\t\t\t\t<\/div>\n\t\t<\/div>\n\t\t\t\t\t\t\t<\/div>\n\t\t<\/section>\n\t\t\t\t<section class=\"elementor-section elementor-top-section elementor-element elementor-element-4c75e1b1 elementor-section-boxed elementor-section-height-default elementor-section-height-default\" data-id=\"4c75e1b1\" data-element_type=\"section\" data-settings=\"{&quot;background_background&quot;:&quot;classic&quot;}\">\n\t\t\t\t\t\t<div class=\"elementor-container elementor-column-gap-default\">\n\t\t\t\t\t<div class=\"elementor-column elementor-col-100 elementor-top-column elementor-element elementor-element-5e79c4dd\" data-id=\"5e79c4dd\" data-element_type=\"column\">\n\t\t\t<div class=\"elementor-widget-wrap elementor-element-populated\">\n\t\t\t\t\t\t\t\t<div class=\"elementor-element elementor-element-5c718d76 elementor-widget elementor-widget-heading\" data-id=\"5c718d76\" data-element_type=\"widget\" data-widget_type=\"heading.default\">\n\t\t\t\t<div class=\"elementor-widget-container\">\n\t\t\t<h2 class=\"elementor-heading-title elementor-size-default\">Sulkeudu ty\u00f6kalujen ja tekniikoiden maailmaan<\/h2>\t\t<\/div>\n\t\t\t\t<\/div>\n\t\t\t\t<div class=\"elementor-element elementor-element-655978ce eael-product-grid-column-tablet-4 eael-product-grid-column-mobile-2 eael-product-grid-column-4 elementor-widget elementor-widget-eicon-woocommerce\" data-id=\"655978ce\" data-element_type=\"widget\" data-widget_type=\"eicon-woocommerce.default\">\n\t\t\t\t<div class=\"elementor-widget-container\">\n\t\t\t\n        <div class=\"eael-product-grid eael-product-default masonry\" id=\"eael-product-grid\" data-widget-id=\"655978ce\" data-page-id=\"6051\" data-nonce=\"dd7e70b4e6\" >\n            <div class=\"woocommerce\">\n                <ul class=\"products\" data-layout-mode=\"masonry\"><li class=\"product type-product post-1602 status-publish first instock product_cat-kellosepan-tyovalineen-ja-tekniikat product_cat-valmistus-ja-tyokalut product_tag-kellosepan-tyovalineet-ja-tekniikat product_tag-kellosepat product_tag-kelloseppa product_tag-kellot product_tag-tekniikat product_tag-tyovalineet product_tag-valmistus-ja-tyokalut has-post-thumbnail shipping-taxable product-type-simple\">\n\t<\/li>\n<li class=\"product type-product post-7141 status-publish instock product_cat-kultasepan-tyovalineet-ja-tekniikat product_cat-valmistus-ja-tyokalut product_tag-koruvalmistus product_tag-kultasepan-tyovalineet product_tag-kultaseppa product_tag-tekniikat product_tag-tyovalineet product_tag-valmistus-ja-tyokalut has-post-thumbnail shipping-taxable product-type-simple\">\n\t<\/li>\n<li class=\"product type-product post-7359 status-publish instock product_cat-kaulakorut product_cat-kultasepan-tyovalineet-ja-tekniikat product_cat-muistot-ja-tarinat product_cat-valmistus-ja-tyokalut product_tag-kaulakoru product_tag-korutarinat product_tag-muistot product_tag-tarinat product_tag-tekniikat has-post-thumbnail shipping-taxable product-type-simple\">\n\t<\/li>\n<\/ul>            <\/div>\n        <\/div>\n\n        <script type=\"text\/javascript\">\n            jQuery(document).ready(function($) {\n                var $scope = jQuery(\".elementor-element-655978ce\");\n                var $products = $('.products', $scope);\n                var $layout_mode = $products.data('layout-mode');\n                \n                if ( $layout_mode === 'masonry' ) {\n                    \/\/ init isotope\n                    var $isotope_products = $products.isotope({\n                        itemSelector: \"li.product\",\n                        layoutMode: $layout_mode,\n                        percentPosition: true\n                    });\n\n                    $isotope_products.imagesLoaded().progress( function() {\n                        $isotope_products.isotope('layout');\n                    })\n\n                    $(window).on('resize', function() {\n                        $isotope_products.isotope('layout');\n                    });\n                }\n            });\n        <\/script>\n        \t\t<\/div>\n\t\t\t\t<\/div>\n\t\t\t\t\t<\/div>\n\t\t<\/div>\n\t\t\t\t\t\t\t<\/div>\n\t\t<\/section>\n\t\t\t\t<section class=\"elementor-section elementor-top-section elementor-element elementor-element-5b2464e3 elementor-section-boxed elementor-section-height-default elementor-section-height-default\" data-id=\"5b2464e3\" data-element_type=\"section\" data-settings=\"{&quot;background_background&quot;:&quot;classic&quot;}\">\n\t\t\t\t\t\t<div class=\"elementor-container elementor-column-gap-default\">\n\t\t\t\t\t<div class=\"elementor-column elementor-col-100 elementor-top-column elementor-element elementor-element-a380c4c\" data-id=\"a380c4c\" data-element_type=\"column\">\n\t\t\t<div class=\"elementor-widget-wrap elementor-element-populated\">\n\t\t\t\t\t\t\t\t<div class=\"elementor-element elementor-element-7b67f509 elementor-widget elementor-widget-heading\" data-id=\"7b67f509\" data-element_type=\"widget\" data-widget_type=\"heading.default\">\n\t\t\t\t<div class=\"elementor-widget-container\">\n\t\t\t<h2 class=\"elementor-heading-title elementor-size-default\">Ilmoita kokoelmaan ty\u00f6v\u00e4lineest\u00e4 tai tekniikasta<\/h2>\t\t<\/div>\n\t\t\t\t<\/div>\n\t\t\t\t<div class=\"elementor-element elementor-element-2c9e01ac elementor-align-center elementor-widget elementor-widget-button\" data-id=\"2c9e01ac\" data-element_type=\"widget\" data-widget_type=\"button.default\">\n\t\t\t\t<div class=\"elementor-widget-container\">\n\t\t\t\t\t<div class=\"elementor-button-wrapper\">\n\t\t\t<a class=\"elementor-button elementor-button-link elementor-size-md\" href=\"https:\/\/www.kellomuseo.fi\/holvi\/lisaa-tietoja-tyovalineesta-tai-tekniikasta\/\">\n\t\t\t\t\t\t<span class=\"elementor-button-content-wrapper\">\n\t\t\t\t\t\t<span class=\"elementor-button-text\">LIS\u00c4\u00c4 TY\u00d6V\u00c4LINE\u00a0TAI\u00a0TEKNIIKKA<\/span>\n\t\t<\/span>\n\t\t\t\t\t<\/a>\n\t\t<\/div>\n\t\t\t\t<\/div>\n\t\t\t\t<\/div>\n\t\t\t\t\t<\/div>\n\t\t<\/div>\n\t\t\t\t\t\t\t<\/div>\n\t\t<\/section>\n\t\t\t\t\t\t\t<\/div>\n\t\t","protected":false},"excerpt":{"rendered":"<p>Monimuotoiset valmistustekniikat inspiroivat t\u00e4ss\u00e4 ja nyt Kellojen ja korujen valmistusta leimaa korkea k\u00e4sity\u00f6n osuus ja valmistusmenetelm\u00e4t ovat olleet hyvin perinteisi\u00e4. Uusilla nykyteknologian avulla kehitellyill\u00e4 menetelmill\u00e4 pystyt\u00e4\u00e4n helpottamaan valmistusta\u00a0 korkealaatuista ty\u00f6n j\u00e4lke\u00e4 unohtamatta. Millaisilla ty\u00f6v\u00e4lineill\u00e4 ja tekniikoilla kelloja ja koruja valmistetaan? Tutustu siihen alla olevan osion avulla. Valmistustekniikat huokuvat ajan henke\u00e4 Sulkeudu ty\u00f6kalujen ja tekniikoiden maailmaan [&hellip;]<\/p>\n","protected":false},"author":2,"featured_media":0,"parent":0,"menu_order":0,"comment_status":"closed","ping_status":"closed","template":"elementor_header_footer","meta":[],"_links":{"self":[{"href":"https:\/\/www.kellomuseo.fi\/holvi\/wp-json\/wp\/v2\/pages\/6051"}],"collection":[{"href":"https:\/\/www.kellomuseo.fi\/holvi\/wp-json\/wp\/v2\/pages"}],"about":[{"href":"https:\/\/www.kellomuseo.fi\/holvi\/wp-json\/wp\/v2\/types\/page"}],"author":[{"embeddable":true,"href":"https:\/\/www.kellomuseo.fi\/holvi\/wp-json\/wp\/v2\/users\/2"}],"replies":[{"embeddable":true,"href":"https:\/\/www.kellomuseo.fi\/holvi\/wp-json\/wp\/v2\/comments?post=6051"}],"version-history":[{"count":21,"href":"https:\/\/www.kellomuseo.fi\/holvi\/wp-json\/wp\/v2\/pages\/6051\/revisions"}],"predecessor-version":[{"id":6755,"href":"https:\/\/www.kellomuseo.fi\/holvi\/wp-json\/wp\/v2\/pages\/6051\/revisions\/6755"}],"wp:attachment":[{"href":"https:\/\/www.kellomuseo.fi\/holvi\/wp-json\/wp\/v2\/media?parent=6051"}],"curies":[{"name":"wp","href":"https:\/\/api.w.org\/{rel}","templated":true}]}}