{"id":5420,"date":"2022-02-16T08:18:22","date_gmt":"2022-02-16T06:18:22","guid":{"rendered":"https:\/\/www.kellomuseo.fi\/holvi\/?page_id=5420"},"modified":"2022-02-16T09:21:00","modified_gmt":"2022-02-16T07:21:00","slug":"keittiokellot-2","status":"publish","type":"page","link":"https:\/\/www.kellomuseo.fi\/holvi\/keittiokellot-2\/","title":{"rendered":"Keitti\u00f6kellot"},"content":{"rendered":"\t\t<div data-elementor-type=\"wp-page\" data-elementor-id=\"5420\" class=\"elementor elementor-5420\">\n\t\t\t\t\t\t\t\t\t<section class=\"elementor-section elementor-top-section elementor-element elementor-element-e9a16f9 elementor-section-boxed elementor-section-height-default elementor-section-height-default\" data-id=\"e9a16f9\" data-element_type=\"section\" data-settings=\"{&quot;background_background&quot;:&quot;classic&quot;}\">\n\t\t\t\t\t\t<div class=\"elementor-container elementor-column-gap-default\">\n\t\t\t\t\t<div class=\"elementor-column elementor-col-100 elementor-top-column elementor-element elementor-element-107a489\" data-id=\"107a489\" data-element_type=\"column\">\n\t\t\t<div class=\"elementor-widget-wrap elementor-element-populated\">\n\t\t\t\t\t\t\t\t<div class=\"elementor-element elementor-element-74a7c2a elementor-widget elementor-widget-heading\" data-id=\"74a7c2a\" data-element_type=\"widget\" data-widget_type=\"heading.default\">\n\t\t\t\t<div class=\"elementor-widget-container\">\n\t\t\t<style>\/*! elementor - v3.17.0 - 01-11-2023 *\/\n.elementor-heading-title{padding:0;margin:0;line-height:1}.elementor-widget-heading .elementor-heading-title[class*=elementor-size-]>a{color:inherit;font-size:inherit;line-height:inherit}.elementor-widget-heading .elementor-heading-title.elementor-size-small{font-size:15px}.elementor-widget-heading .elementor-heading-title.elementor-size-medium{font-size:19px}.elementor-widget-heading .elementor-heading-title.elementor-size-large{font-size:29px}.elementor-widget-heading .elementor-heading-title.elementor-size-xl{font-size:39px}.elementor-widget-heading .elementor-heading-title.elementor-size-xxl{font-size:59px}<\/style><h2 class=\"elementor-heading-title elementor-size-default\">Keitti\u00f6kellot<\/h2>\t\t<\/div>\n\t\t\t\t<\/div>\n\t\t\t\t<div class=\"elementor-element elementor-element-1dc1d51 elementor-widget elementor-widget-text-editor\" data-id=\"1dc1d51\" data-element_type=\"widget\" data-widget_type=\"text-editor.default\">\n\t\t\t\t<div class=\"elementor-widget-container\">\n\t\t\t<style>\/*! elementor - v3.17.0 - 01-11-2023 *\/\n.elementor-widget-text-editor.elementor-drop-cap-view-stacked .elementor-drop-cap{background-color:#69727d;color:#fff}.elementor-widget-text-editor.elementor-drop-cap-view-framed .elementor-drop-cap{color:#69727d;border:3px solid;background-color:transparent}.elementor-widget-text-editor:not(.elementor-drop-cap-view-default) .elementor-drop-cap{margin-top:8px}.elementor-widget-text-editor:not(.elementor-drop-cap-view-default) .elementor-drop-cap-letter{width:1em;height:1em}.elementor-widget-text-editor .elementor-drop-cap{float:left;text-align:center;line-height:1;font-size:50px}.elementor-widget-text-editor .elementor-drop-cap-letter{display:inline-block}<\/style>\t\t\t\t<p>\u00a0<\/p><p>Keitti\u00f6kelloja ryhdyttiin markkinoimaan koteihin 1950-luvulla. Funktionalistinen sisustussuunnittelu oli muuttanut keitti\u00f6n tuvasta laboratorioksi. Uusi keitti\u00f6ajattelu siirsi perinteiset tupakellot historiaan ja tilalle tulivat helppohoitoiset keitti\u00f6kellot.<\/p><p>\u00a0<\/p><p>Uudet keitti\u00f6kellot olivat jousik\u00e4ytt\u00f6isi\u00e4, avaimella taulun l\u00e4pi vedett\u00e4vi\u00e4 ja kahdeksan p\u00e4iv\u00e4\u00e4 k\u00e4yvi\u00e4. Joka aamuisen kellon painojen nostamisen sai unohtaa. Keitti\u00f6kellot olivat varustettu liipotinkoneistolla, joten niiss\u00e4 ei ollut heiluria. Kellojen materiaalit olivat helppoja puhdistaa: bakeliittia, fajanssia ja ter\u00e4st\u00e4. Siten ne olivat my\u00f6s hygieenisi\u00e4 keitti\u00f6n sein\u00e4ll\u00e4.<\/p><p>\u00a0<\/p><p>1960-luvulla keitti\u00f6kelloihin liitettiin lis\u00e4ksi lyhytaikamittari eli \u201dmunakello\u201d.<\/p><p>\u00a0<\/p><p><strong>L\u00e4hde:<\/strong>\u00a0Suomen Kellomuseo<\/p>\t\t\t\t\t\t<\/div>\n\t\t\t\t<\/div>\n\t\t\t\t\t<\/div>\n\t\t<\/div>\n\t\t\t\t\t\t\t<\/div>\n\t\t<\/section>\n\t\t\t\t<section class=\"elementor-section elementor-top-section elementor-element elementor-element-614e5edd elementor-section-boxed elementor-section-height-default elementor-section-height-default\" data-id=\"614e5edd\" data-element_type=\"section\" data-settings=\"{&quot;background_background&quot;:&quot;classic&quot;}\">\n\t\t\t\t\t\t<div class=\"elementor-container elementor-column-gap-default\">\n\t\t\t\t\t<div class=\"elementor-column elementor-col-100 elementor-top-column elementor-element elementor-element-799c9eb4\" data-id=\"799c9eb4\" data-element_type=\"column\">\n\t\t\t<div class=\"elementor-widget-wrap elementor-element-populated\">\n\t\t\t\t\t\t\t\t<div class=\"elementor-element elementor-element-6bbfacd5 eael-product-grid-column-4 elementor-widget elementor-widget-eicon-woocommerce\" data-id=\"6bbfacd5\" data-element_type=\"widget\" data-widget_type=\"eicon-woocommerce.default\">\n\t\t\t\t<div class=\"elementor-widget-container\">\n\t\t\t\n        <div class=\"eael-product-grid eael-product-default grid\" id=\"eael-product-grid\" data-widget-id=\"6bbfacd5\" data-page-id=\"5420\" data-nonce=\"9e9516b9f6\" >\n            <div class=\"woocommerce\">\n                <p class=\"no-posts-found\">No posts found!<\/p>            <\/div>\n        <\/div>\n\n        <script type=\"text\/javascript\">\n            jQuery(document).ready(function($) {\n                var $scope = jQuery(\".elementor-element-6bbfacd5\");\n                var $products = $('.products', $scope);\n                var $layout_mode = $products.data('layout-mode');\n                \n                if ( $layout_mode === 'masonry' ) {\n                    \/\/ init isotope\n                    var $isotope_products = $products.isotope({\n                        itemSelector: \"li.product\",\n                        layoutMode: $layout_mode,\n                        percentPosition: true\n                    });\n\n                    $isotope_products.imagesLoaded().progress( function() {\n                        $isotope_products.isotope('layout');\n                    })\n\n                    $(window).on('resize', function() {\n                        $isotope_products.isotope('layout');\n                    });\n                }\n            });\n        <\/script>\n        \t\t<\/div>\n\t\t\t\t<\/div>\n\t\t\t\t\t<\/div>\n\t\t<\/div>\n\t\t\t\t\t\t\t<\/div>\n\t\t<\/section>\n\t\t\t\t\t\t\t<\/div>\n\t\t","protected":false},"excerpt":{"rendered":"<p>Keitti\u00f6kellot \u00a0 Keitti\u00f6kelloja ryhdyttiin markkinoimaan koteihin 1950-luvulla. Funktionalistinen sisustussuunnittelu oli muuttanut keitti\u00f6n tuvasta laboratorioksi. Uusi keitti\u00f6ajattelu siirsi perinteiset tupakellot historiaan ja tilalle tulivat helppohoitoiset keitti\u00f6kellot. \u00a0 Uudet keitti\u00f6kellot olivat jousik\u00e4ytt\u00f6isi\u00e4, avaimella taulun l\u00e4pi vedett\u00e4vi\u00e4 ja kahdeksan p\u00e4iv\u00e4\u00e4 k\u00e4yvi\u00e4. Joka aamuisen kellon painojen nostamisen sai unohtaa. Keitti\u00f6kellot olivat varustettu liipotinkoneistolla, joten niiss\u00e4 ei ollut heiluria. Kellojen [&hellip;]<\/p>\n","protected":false},"author":2,"featured_media":0,"parent":0,"menu_order":0,"comment_status":"closed","ping_status":"closed","template":"elementor_header_footer","meta":[],"_links":{"self":[{"href":"https:\/\/www.kellomuseo.fi\/holvi\/wp-json\/wp\/v2\/pages\/5420"}],"collection":[{"href":"https:\/\/www.kellomuseo.fi\/holvi\/wp-json\/wp\/v2\/pages"}],"about":[{"href":"https:\/\/www.kellomuseo.fi\/holvi\/wp-json\/wp\/v2\/types\/page"}],"author":[{"embeddable":true,"href":"https:\/\/www.kellomuseo.fi\/holvi\/wp-json\/wp\/v2\/users\/2"}],"replies":[{"embeddable":true,"href":"https:\/\/www.kellomuseo.fi\/holvi\/wp-json\/wp\/v2\/comments?post=5420"}],"version-history":[{"count":13,"href":"https:\/\/www.kellomuseo.fi\/holvi\/wp-json\/wp\/v2\/pages\/5420\/revisions"}],"predecessor-version":[{"id":5439,"href":"https:\/\/www.kellomuseo.fi\/holvi\/wp-json\/wp\/v2\/pages\/5420\/revisions\/5439"}],"wp:attachment":[{"href":"https:\/\/www.kellomuseo.fi\/holvi\/wp-json\/wp\/v2\/media?parent=5420"}],"curies":[{"name":"wp","href":"https:\/\/api.w.org\/{rel}","templated":true}]}}