{"id":4644,"date":"2022-01-26T15:23:38","date_gmt":"2022-01-26T13:23:38","guid":{"rendered":"https:\/\/www.kellomuseo.fi\/holvi\/?page_id=4644"},"modified":"2022-03-08T13:07:54","modified_gmt":"2022-03-08T11:07:54","slug":"kayttooikeuden-luovutus","status":"publish","type":"page","link":"https:\/\/www.kellomuseo.fi\/holvi\/kayttooikeuden-luovutus\/","title":{"rendered":"K\u00e4ytt\u00f6oikeuden luovutus"},"content":{"rendered":"\t\t<div data-elementor-type=\"wp-page\" data-elementor-id=\"4644\" class=\"elementor elementor-4644\">\n\t\t\t\t\t\t\t\t\t<section class=\"elementor-section elementor-top-section elementor-element elementor-element-e9a16f9 elementor-section-boxed elementor-section-height-default elementor-section-height-default\" data-id=\"e9a16f9\" data-element_type=\"section\" data-settings=\"{&quot;background_background&quot;:&quot;classic&quot;}\">\n\t\t\t\t\t\t<div class=\"elementor-container elementor-column-gap-default\">\n\t\t\t\t\t<div class=\"elementor-column elementor-col-100 elementor-top-column elementor-element elementor-element-107a489\" data-id=\"107a489\" data-element_type=\"column\">\n\t\t\t<div class=\"elementor-widget-wrap elementor-element-populated\">\n\t\t\t\t\t\t\t\t<div class=\"elementor-element elementor-element-74a7c2a elementor-widget elementor-widget-heading\" data-id=\"74a7c2a\" data-element_type=\"widget\" data-widget_type=\"heading.default\">\n\t\t\t\t<div class=\"elementor-widget-container\">\n\t\t\t<style>\/*! elementor - v3.17.0 - 01-11-2023 *\/\n.elementor-heading-title{padding:0;margin:0;line-height:1}.elementor-widget-heading .elementor-heading-title[class*=elementor-size-]>a{color:inherit;font-size:inherit;line-height:inherit}.elementor-widget-heading .elementor-heading-title.elementor-size-small{font-size:15px}.elementor-widget-heading .elementor-heading-title.elementor-size-medium{font-size:19px}.elementor-widget-heading .elementor-heading-title.elementor-size-large{font-size:29px}.elementor-widget-heading .elementor-heading-title.elementor-size-xl{font-size:39px}.elementor-widget-heading .elementor-heading-title.elementor-size-xxl{font-size:59px}<\/style><h2 class=\"elementor-heading-title elementor-size-default\">Valokuvien k\u00e4ytt\u00f6oikeuden luovutus<\/h2>\t\t<\/div>\n\t\t\t\t<\/div>\n\t\t\t\t<div class=\"elementor-element elementor-element-1dc1d51 elementor-widget elementor-widget-text-editor\" data-id=\"1dc1d51\" data-element_type=\"widget\" data-widget_type=\"text-editor.default\">\n\t\t\t\t<div class=\"elementor-widget-container\">\n\t\t\t<style>\/*! elementor - v3.17.0 - 01-11-2023 *\/\n.elementor-widget-text-editor.elementor-drop-cap-view-stacked .elementor-drop-cap{background-color:#69727d;color:#fff}.elementor-widget-text-editor.elementor-drop-cap-view-framed .elementor-drop-cap{color:#69727d;border:3px solid;background-color:transparent}.elementor-widget-text-editor:not(.elementor-drop-cap-view-default) .elementor-drop-cap{margin-top:8px}.elementor-widget-text-editor:not(.elementor-drop-cap-view-default) .elementor-drop-cap-letter{width:1em;height:1em}.elementor-widget-text-editor .elementor-drop-cap{float:left;text-align:center;line-height:1;font-size:50px}.elementor-widget-text-editor .elementor-drop-cap-letter{display:inline-block}<\/style>\t\t\t\t<p>Sopimus valokuvien k\u00e4ytt\u00f6oikeuden ja aineiston luovutuksesta<\/p><p><strong>1. Sopimuksen osapuolet<\/strong><\/p><p>K\u00e4ytt\u00f6oikeuden saaja: Kello- ja korumuseos\u00e4\u00e4ti\u00f6 rekister\u00f6ity s\u00e4\u00e4ti\u00f6\u2028Opinkuja 2, 02100 Espoo\u2028Y-tunnus: 0728657-4<\/p><p>K\u00e4ytt\u00f6oikeuden luovuttaja:\u2028 Valokuvaaja, jonka nimi on ilmoitettu Holvi-tietopankin lomakkeella.<\/p><p><strong>2. Sopimuksen kohde<\/strong><br \/>K\u00e4ytt\u00f6oikeus kuviin ja kuvatiedostoihin, jotka on l\u00e4hetetty Holvi-tietopankin lomakkeella.<\/p><p><strong>3. K\u00e4ytt\u00f6oikeuden laajuus<\/strong><br \/>K\u00e4ytt\u00f6oikeuden luovuttaja antaa Suomen kello- ja korumuseolle oikeuden valmistaa ja k\u00e4ytt\u00e4\u00e4 lomakkeella l\u00e4hetettyj\u00e4 valokuvia.\u2028Museo voi k\u00e4ytt\u00e4\u00e4 kuvia kaikessa toiminnassaan ja kaikissa julkaisuissaan. Museolla on oikeus valmistaa kuvia ja laittaa kuvat yleis\u00f6n n\u00e4ht\u00e4v\u00e4ksi. Museolla on muunteluoikeus eli oikeus muuntaa esimerkiksi digitaalinen kuva painetuksi kuvaksi. Museolla on edelleenluovutusoikeus, se mahdollistaa museolle valokuvan digitaalisen k\u00e4ytt\u00e4misen esimerkiksi viestinn\u00e4ss\u00e4. K\u00e4ytt\u00f6oikeus on voimassa jatkuvasti.<br \/>K\u00e4ytt\u00f6oikeus on ei-yksinomainen. T\u00e4m\u00e4 tarkoittaa, ett\u00e4 valokuvaajalla on oikeus luovuttaa samanlainen k\u00e4ytt\u00f6oikeus jollekin muulle. Valokuvaajalla on my\u00f6s aina oikeus k\u00e4ytt\u00e4\u00e4 kuvia omissa ty\u00f6n\u00e4ytteiss\u00e4\u00e4n.<\/p><p><strong>4. Moraaliset oikeudet<\/strong><br \/>Valokuvan moraaliset oikeudet ovat tekij\u00e4noikeuslain mukaisesti kuvaajalla. Museo ei k\u00e4yt\u00e4 kuvaa loukkaavalla tavalla.<\/p><p><strong>5. Korvaus<\/strong><br \/>Valokuvaaja ei saa kuvista rahaa tai muuta korvausta.<\/p><p><strong>6. Valokuvaajan nimi<\/strong><br \/>Museo julkaisee kuvaajan nimen siin\u00e4 muodossa kuin se on ilmoitettu lomakkeella. Jos julkaisussa on monta kuvaa samalta kuvaajalta, kuvaajan nimi on julkaisussa yhden kerran. Pieness\u00e4 esitteess\u00e4 tai muussa pieness\u00e4 k\u00e4yt\u00f6ss\u00e4 valokuva voidaan julkaista ilman kuvaajan nime\u00e4.<\/p><p><strong>7. Erimielisyydet<\/strong><br \/>Jos sopimuksen osapuolet ovat eri mielt\u00e4, asia yritet\u00e4\u00e4n ratkaista neuvottelulla. Jos ratkaisua ei synny, erimielisyydet ratkaisee Helsingin k\u00e4r\u00e4j\u00e4oikeus.<\/p>\t\t\t\t\t\t<\/div>\n\t\t\t\t<\/div>\n\t\t\t\t\t<\/div>\n\t\t<\/div>\n\t\t\t\t\t\t\t<\/div>\n\t\t<\/section>\n\t\t\t\t\t\t\t<\/div>\n\t\t","protected":false},"excerpt":{"rendered":"<p>Valokuvien k\u00e4ytt\u00f6oikeuden luovutus Sopimus valokuvien k\u00e4ytt\u00f6oikeuden ja aineiston luovutuksesta 1. Sopimuksen osapuolet K\u00e4ytt\u00f6oikeuden saaja: Kello- ja korumuseos\u00e4\u00e4ti\u00f6 rekister\u00f6ity s\u00e4\u00e4ti\u00f6\u2028Opinkuja 2, 02100 Espoo\u2028Y-tunnus: 0728657-4 K\u00e4ytt\u00f6oikeuden luovuttaja:\u2028 Valokuvaaja, jonka nimi on ilmoitettu Holvi-tietopankin lomakkeella. 2. Sopimuksen kohdeK\u00e4ytt\u00f6oikeus kuviin ja kuvatiedostoihin, jotka on l\u00e4hetetty Holvi-tietopankin lomakkeella. 3. K\u00e4ytt\u00f6oikeuden laajuusK\u00e4ytt\u00f6oikeuden luovuttaja antaa Suomen kello- ja korumuseolle oikeuden valmistaa ja [&hellip;]<\/p>\n","protected":false},"author":2,"featured_media":0,"parent":0,"menu_order":0,"comment_status":"closed","ping_status":"closed","template":"elementor_header_footer","meta":[],"_links":{"self":[{"href":"https:\/\/www.kellomuseo.fi\/holvi\/wp-json\/wp\/v2\/pages\/4644"}],"collection":[{"href":"https:\/\/www.kellomuseo.fi\/holvi\/wp-json\/wp\/v2\/pages"}],"about":[{"href":"https:\/\/www.kellomuseo.fi\/holvi\/wp-json\/wp\/v2\/types\/page"}],"author":[{"embeddable":true,"href":"https:\/\/www.kellomuseo.fi\/holvi\/wp-json\/wp\/v2\/users\/2"}],"replies":[{"embeddable":true,"href":"https:\/\/www.kellomuseo.fi\/holvi\/wp-json\/wp\/v2\/comments?post=4644"}],"version-history":[{"count":25,"href":"https:\/\/www.kellomuseo.fi\/holvi\/wp-json\/wp\/v2\/pages\/4644\/revisions"}],"predecessor-version":[{"id":6145,"href":"https:\/\/www.kellomuseo.fi\/holvi\/wp-json\/wp\/v2\/pages\/4644\/revisions\/6145"}],"wp:attachment":[{"href":"https:\/\/www.kellomuseo.fi\/holvi\/wp-json\/wp\/v2\/media?parent=4644"}],"curies":[{"name":"wp","href":"https:\/\/api.w.org\/{rel}","templated":true}]}}