{"id":3486,"date":"2022-01-17T13:37:57","date_gmt":"2022-01-17T11:37:57","guid":{"rendered":"https:\/\/www.kellomuseo.fi\/holvi\/?page_id=3486"},"modified":"2022-02-09T15:23:57","modified_gmt":"2022-02-09T13:23:57","slug":"erikoismyyjakoulutus","status":"publish","type":"page","link":"https:\/\/www.kellomuseo.fi\/holvi\/erikoismyyjakoulutus\/","title":{"rendered":"Erikoismyyj\u00e4koulutus"},"content":{"rendered":"\t\t<div data-elementor-type=\"wp-page\" data-elementor-id=\"3486\" class=\"elementor elementor-3486\">\n\t\t\t\t\t\t\t\t\t<section class=\"elementor-section elementor-top-section elementor-element elementor-element-e9a16f9 elementor-section-boxed elementor-section-height-default elementor-section-height-default\" data-id=\"e9a16f9\" data-element_type=\"section\" data-settings=\"{&quot;background_background&quot;:&quot;classic&quot;}\">\n\t\t\t\t\t\t<div class=\"elementor-container elementor-column-gap-default\">\n\t\t\t\t\t<div class=\"elementor-column elementor-col-100 elementor-top-column elementor-element elementor-element-107a489\" data-id=\"107a489\" data-element_type=\"column\">\n\t\t\t<div class=\"elementor-widget-wrap elementor-element-populated\">\n\t\t\t\t\t\t\t\t<div class=\"elementor-element elementor-element-74a7c2a elementor-widget elementor-widget-heading\" data-id=\"74a7c2a\" data-element_type=\"widget\" data-widget_type=\"heading.default\">\n\t\t\t\t<div class=\"elementor-widget-container\">\n\t\t\t<style>\/*! elementor - v3.17.0 - 01-11-2023 *\/\n.elementor-heading-title{padding:0;margin:0;line-height:1}.elementor-widget-heading .elementor-heading-title[class*=elementor-size-]>a{color:inherit;font-size:inherit;line-height:inherit}.elementor-widget-heading .elementor-heading-title.elementor-size-small{font-size:15px}.elementor-widget-heading .elementor-heading-title.elementor-size-medium{font-size:19px}.elementor-widget-heading .elementor-heading-title.elementor-size-large{font-size:29px}.elementor-widget-heading .elementor-heading-title.elementor-size-xl{font-size:39px}.elementor-widget-heading .elementor-heading-title.elementor-size-xxl{font-size:59px}<\/style><h2 class=\"elementor-heading-title elementor-size-default\">Erikoismyyj\u00e4koulutus<\/h2>\t\t<\/div>\n\t\t\t\t<\/div>\n\t\t\t\t<div class=\"elementor-element elementor-element-1dc1d51 elementor-widget elementor-widget-text-editor\" data-id=\"1dc1d51\" data-element_type=\"widget\" data-widget_type=\"text-editor.default\">\n\t\t\t\t<div class=\"elementor-widget-container\">\n\t\t\t<style>\/*! elementor - v3.17.0 - 01-11-2023 *\/\n.elementor-widget-text-editor.elementor-drop-cap-view-stacked .elementor-drop-cap{background-color:#69727d;color:#fff}.elementor-widget-text-editor.elementor-drop-cap-view-framed .elementor-drop-cap{color:#69727d;border:3px solid;background-color:transparent}.elementor-widget-text-editor:not(.elementor-drop-cap-view-default) .elementor-drop-cap{margin-top:8px}.elementor-widget-text-editor:not(.elementor-drop-cap-view-default) .elementor-drop-cap-letter{width:1em;height:1em}.elementor-widget-text-editor .elementor-drop-cap{float:left;text-align:center;line-height:1;font-size:50px}.elementor-widget-text-editor .elementor-drop-cap-letter{display:inline-block}<\/style>\t\t\t\t<p>\u00a0<\/p><p>Kellosepp\u00e4koulu j\u00e4rjest\u00e4\u00e4 kello- ja jalometallialan erikoismyyj\u00e4kursseja. Tavoitteena on antaa valmiudet ty\u00f6skennell\u00e4 kello- ja jalometallialan v\u00e4hitt\u00e4isliikkeiden vaativissa myyntiteht\u00e4viss\u00e4 ja p\u00e4\u00e4paino on alan tuotetuntemuksessa. Oppiaineita ovat esimerkiksi: jalokivet ja niiden myynti, jalometallit ja kultasep\u00e4nty\u00f6n alkeet, asiakaspalvelu, markkinointi ja myynti, visuaalinen markkinointi, somistus, paketointi jne.<\/p><p>Erikoismyyj\u00e4kurssi kest\u00e4\u00e4 18 viikkoa, josta 11 viikkoa opiskellaan teoria-aineita koulussa. Ty\u00f6harjoittelua on 7 viikkoa ja se suoritetaan kahdessa osassa (3 ja 4 viikkoa) alan v\u00e4hitt\u00e4isliikkeiss\u00e4.<\/p><p><strong><a href=\"https:\/\/www.kelloseppakoulu.fi\/erikoismyyja.html\">https:\/\/www.kelloseppakoulu.fi\/erikoismyyja.html<\/a><\/strong><\/p>\t\t\t\t\t\t<\/div>\n\t\t\t\t<\/div>\n\t\t\t\t\t<\/div>\n\t\t<\/div>\n\t\t\t\t\t\t\t<\/div>\n\t\t<\/section>\n\t\t\t\t\t\t\t<\/div>\n\t\t","protected":false},"excerpt":{"rendered":"<p>Erikoismyyj\u00e4koulutus \u00a0 Kellosepp\u00e4koulu j\u00e4rjest\u00e4\u00e4 kello- ja jalometallialan erikoismyyj\u00e4kursseja. Tavoitteena on antaa valmiudet ty\u00f6skennell\u00e4 kello- ja jalometallialan v\u00e4hitt\u00e4isliikkeiden vaativissa myyntiteht\u00e4viss\u00e4 ja p\u00e4\u00e4paino on alan tuotetuntemuksessa. Oppiaineita ovat esimerkiksi: jalokivet ja niiden myynti, jalometallit ja kultasep\u00e4nty\u00f6n alkeet, asiakaspalvelu, markkinointi ja myynti, visuaalinen markkinointi, somistus, paketointi jne. Erikoismyyj\u00e4kurssi kest\u00e4\u00e4 18 viikkoa, josta 11 viikkoa opiskellaan teoria-aineita koulussa. Ty\u00f6harjoittelua [&hellip;]<\/p>\n","protected":false},"author":2,"featured_media":0,"parent":0,"menu_order":0,"comment_status":"closed","ping_status":"closed","template":"elementor_header_footer","meta":[],"_links":{"self":[{"href":"https:\/\/www.kellomuseo.fi\/holvi\/wp-json\/wp\/v2\/pages\/3486"}],"collection":[{"href":"https:\/\/www.kellomuseo.fi\/holvi\/wp-json\/wp\/v2\/pages"}],"about":[{"href":"https:\/\/www.kellomuseo.fi\/holvi\/wp-json\/wp\/v2\/types\/page"}],"author":[{"embeddable":true,"href":"https:\/\/www.kellomuseo.fi\/holvi\/wp-json\/wp\/v2\/users\/2"}],"replies":[{"embeddable":true,"href":"https:\/\/www.kellomuseo.fi\/holvi\/wp-json\/wp\/v2\/comments?post=3486"}],"version-history":[{"count":13,"href":"https:\/\/www.kellomuseo.fi\/holvi\/wp-json\/wp\/v2\/pages\/3486\/revisions"}],"predecessor-version":[{"id":5236,"href":"https:\/\/www.kellomuseo.fi\/holvi\/wp-json\/wp\/v2\/pages\/3486\/revisions\/5236"}],"wp:attachment":[{"href":"https:\/\/www.kellomuseo.fi\/holvi\/wp-json\/wp\/v2\/media?parent=3486"}],"curies":[{"name":"wp","href":"https:\/\/api.w.org\/{rel}","templated":true}]}}