{"id":3472,"date":"2022-01-17T13:35:28","date_gmt":"2022-01-17T11:35:28","guid":{"rendered":"https:\/\/www.kellomuseo.fi\/holvi\/?page_id=3472"},"modified":"2022-02-09T15:24:27","modified_gmt":"2022-02-09T13:24:27","slug":"oppisopimus","status":"publish","type":"page","link":"https:\/\/www.kellomuseo.fi\/holvi\/oppisopimus\/","title":{"rendered":"Oppisopimus"},"content":{"rendered":"\t\t<div data-elementor-type=\"wp-page\" data-elementor-id=\"3472\" class=\"elementor elementor-3472\">\n\t\t\t\t\t\t\t\t\t<section class=\"elementor-section elementor-top-section elementor-element elementor-element-e9a16f9 elementor-section-boxed elementor-section-height-default elementor-section-height-default\" data-id=\"e9a16f9\" data-element_type=\"section\" data-settings=\"{&quot;background_background&quot;:&quot;classic&quot;}\">\n\t\t\t\t\t\t<div class=\"elementor-container elementor-column-gap-default\">\n\t\t\t\t\t<div class=\"elementor-column elementor-col-100 elementor-top-column elementor-element elementor-element-107a489\" data-id=\"107a489\" data-element_type=\"column\">\n\t\t\t<div class=\"elementor-widget-wrap elementor-element-populated\">\n\t\t\t\t\t\t\t\t<div class=\"elementor-element elementor-element-74a7c2a elementor-widget elementor-widget-heading\" data-id=\"74a7c2a\" data-element_type=\"widget\" data-widget_type=\"heading.default\">\n\t\t\t\t<div class=\"elementor-widget-container\">\n\t\t\t<style>\/*! elementor - v3.17.0 - 01-11-2023 *\/\n.elementor-heading-title{padding:0;margin:0;line-height:1}.elementor-widget-heading .elementor-heading-title[class*=elementor-size-]>a{color:inherit;font-size:inherit;line-height:inherit}.elementor-widget-heading .elementor-heading-title.elementor-size-small{font-size:15px}.elementor-widget-heading .elementor-heading-title.elementor-size-medium{font-size:19px}.elementor-widget-heading .elementor-heading-title.elementor-size-large{font-size:29px}.elementor-widget-heading .elementor-heading-title.elementor-size-xl{font-size:39px}.elementor-widget-heading .elementor-heading-title.elementor-size-xxl{font-size:59px}<\/style><h2 class=\"elementor-heading-title elementor-size-default\">Oppisopimus<\/h2>\t\t<\/div>\n\t\t\t\t<\/div>\n\t\t\t\t<div class=\"elementor-element elementor-element-1dc1d51 elementor-widget elementor-widget-text-editor\" data-id=\"1dc1d51\" data-element_type=\"widget\" data-widget_type=\"text-editor.default\">\n\t\t\t\t<div class=\"elementor-widget-container\">\n\t\t\t<style>\/*! elementor - v3.17.0 - 01-11-2023 *\/\n.elementor-widget-text-editor.elementor-drop-cap-view-stacked .elementor-drop-cap{background-color:#69727d;color:#fff}.elementor-widget-text-editor.elementor-drop-cap-view-framed .elementor-drop-cap{color:#69727d;border:3px solid;background-color:transparent}.elementor-widget-text-editor:not(.elementor-drop-cap-view-default) .elementor-drop-cap{margin-top:8px}.elementor-widget-text-editor:not(.elementor-drop-cap-view-default) .elementor-drop-cap-letter{width:1em;height:1em}.elementor-widget-text-editor .elementor-drop-cap{float:left;text-align:center;line-height:1;font-size:50px}.elementor-widget-text-editor .elementor-drop-cap-letter{display:inline-block}<\/style>\t\t\t\t<p>Oppisopimus-opiskelussa ty\u00f6nantaja kouluttaa ty\u00f6ntekij\u00e4n ja tekee h\u00e4nen kanssaan m\u00e4\u00e4r\u00e4aikaisen ty\u00f6sopimuksen. Oppisopimuksella voi suorittaa mink\u00e4 tahansa toisen asteen ammatillisen tutkinnon ja sen voi suorittaa my\u00f6s monessa eri yrityksess\u00e4. Oppisopimustutkinto suoritetaan oppilaitosyhteisty\u00f6ss\u00e4. Suoritettu tutkinto vastaa perustutkintoa ja siit\u00e4 saa vastaavan jatko-opintokelpoisuuden. Oppisopimuksella kouluttaudut ty\u00f6t\u00e4 tehden ja saat sovitun palkan. Sit\u00e4 voi my\u00f6s hy\u00f6dynt\u00e4\u00e4 lis\u00e4koulutukseen ja yksitt\u00e4isten tutkinnonosien suorittaminen on mahdollista.<\/p><p><strong><a href=\"https:\/\/www.oppisopimus.fi\/opiskelijalle\/oppisopimuskoulutus\/\">https:\/\/www.oppisopimus.fi\/opiskelijalle\/oppisopimuskoulutus\/<\/a><\/strong><\/p><p>\u00a0<\/p>\t\t\t\t\t\t<\/div>\n\t\t\t\t<\/div>\n\t\t\t\t\t<\/div>\n\t\t<\/div>\n\t\t\t\t\t\t\t<\/div>\n\t\t<\/section>\n\t\t\t\t\t\t\t<\/div>\n\t\t","protected":false},"excerpt":{"rendered":"<p>Oppisopimus Oppisopimus-opiskelussa ty\u00f6nantaja kouluttaa ty\u00f6ntekij\u00e4n ja tekee h\u00e4nen kanssaan m\u00e4\u00e4r\u00e4aikaisen ty\u00f6sopimuksen. Oppisopimuksella voi suorittaa mink\u00e4 tahansa toisen asteen ammatillisen tutkinnon ja sen voi suorittaa my\u00f6s monessa eri yrityksess\u00e4. Oppisopimustutkinto suoritetaan oppilaitosyhteisty\u00f6ss\u00e4. Suoritettu tutkinto vastaa perustutkintoa ja siit\u00e4 saa vastaavan jatko-opintokelpoisuuden. Oppisopimuksella kouluttaudut ty\u00f6t\u00e4 tehden ja saat sovitun palkan. Sit\u00e4 voi my\u00f6s hy\u00f6dynt\u00e4\u00e4 lis\u00e4koulutukseen ja yksitt\u00e4isten [&hellip;]<\/p>\n","protected":false},"author":2,"featured_media":0,"parent":0,"menu_order":0,"comment_status":"closed","ping_status":"closed","template":"elementor_header_footer","meta":[],"_links":{"self":[{"href":"https:\/\/www.kellomuseo.fi\/holvi\/wp-json\/wp\/v2\/pages\/3472"}],"collection":[{"href":"https:\/\/www.kellomuseo.fi\/holvi\/wp-json\/wp\/v2\/pages"}],"about":[{"href":"https:\/\/www.kellomuseo.fi\/holvi\/wp-json\/wp\/v2\/types\/page"}],"author":[{"embeddable":true,"href":"https:\/\/www.kellomuseo.fi\/holvi\/wp-json\/wp\/v2\/users\/2"}],"replies":[{"embeddable":true,"href":"https:\/\/www.kellomuseo.fi\/holvi\/wp-json\/wp\/v2\/comments?post=3472"}],"version-history":[{"count":13,"href":"https:\/\/www.kellomuseo.fi\/holvi\/wp-json\/wp\/v2\/pages\/3472\/revisions"}],"predecessor-version":[{"id":5239,"href":"https:\/\/www.kellomuseo.fi\/holvi\/wp-json\/wp\/v2\/pages\/3472\/revisions\/5239"}],"wp:attachment":[{"href":"https:\/\/www.kellomuseo.fi\/holvi\/wp-json\/wp\/v2\/media?parent=3472"}],"curies":[{"name":"wp","href":"https:\/\/api.w.org\/{rel}","templated":true}]}}