{"id":3221,"date":"2022-01-14T12:45:23","date_gmt":"2022-01-14T10:45:23","guid":{"rendered":"https:\/\/www.kellomuseo.fi\/holvi\/?page_id=3221"},"modified":"2022-03-04T09:14:31","modified_gmt":"2022-03-04T07:14:31","slug":"teolliset-yritykset","status":"publish","type":"page","link":"https:\/\/www.kellomuseo.fi\/holvi\/teolliset-yritykset\/","title":{"rendered":"Teolliset yritykset"},"content":{"rendered":"\t\t<div data-elementor-type=\"wp-page\" data-elementor-id=\"3221\" class=\"elementor elementor-3221\">\n\t\t\t\t\t\t\t\t\t<section class=\"elementor-section elementor-top-section elementor-element elementor-element-e9a16f9 elementor-section-boxed elementor-section-height-default elementor-section-height-default\" data-id=\"e9a16f9\" data-element_type=\"section\" data-settings=\"{&quot;background_background&quot;:&quot;classic&quot;}\">\n\t\t\t\t\t\t<div class=\"elementor-container elementor-column-gap-default\">\n\t\t\t\t\t<div class=\"elementor-column elementor-col-100 elementor-top-column elementor-element elementor-element-107a489\" data-id=\"107a489\" data-element_type=\"column\">\n\t\t\t<div class=\"elementor-widget-wrap elementor-element-populated\">\n\t\t\t\t\t\t\t\t<div class=\"elementor-element elementor-element-74a7c2a elementor-widget elementor-widget-heading\" data-id=\"74a7c2a\" data-element_type=\"widget\" data-widget_type=\"heading.default\">\n\t\t\t\t<div class=\"elementor-widget-container\">\n\t\t\t<style>\/*! elementor - v3.17.0 - 01-11-2023 *\/\n.elementor-heading-title{padding:0;margin:0;line-height:1}.elementor-widget-heading .elementor-heading-title[class*=elementor-size-]>a{color:inherit;font-size:inherit;line-height:inherit}.elementor-widget-heading .elementor-heading-title.elementor-size-small{font-size:15px}.elementor-widget-heading .elementor-heading-title.elementor-size-medium{font-size:19px}.elementor-widget-heading .elementor-heading-title.elementor-size-large{font-size:29px}.elementor-widget-heading .elementor-heading-title.elementor-size-xl{font-size:39px}.elementor-widget-heading .elementor-heading-title.elementor-size-xxl{font-size:59px}<\/style><h2 class=\"elementor-heading-title elementor-size-default\">Teolliset yritykset<\/h2>\t\t<\/div>\n\t\t\t\t<\/div>\n\t\t\t\t<div class=\"elementor-element elementor-element-1dc1d51 elementor-widget elementor-widget-text-editor\" data-id=\"1dc1d51\" data-element_type=\"widget\" data-widget_type=\"text-editor.default\">\n\t\t\t\t<div class=\"elementor-widget-container\">\n\t\t\t<style>\/*! elementor - v3.17.0 - 01-11-2023 *\/\n.elementor-widget-text-editor.elementor-drop-cap-view-stacked .elementor-drop-cap{background-color:#69727d;color:#fff}.elementor-widget-text-editor.elementor-drop-cap-view-framed .elementor-drop-cap{color:#69727d;border:3px solid;background-color:transparent}.elementor-widget-text-editor:not(.elementor-drop-cap-view-default) .elementor-drop-cap{margin-top:8px}.elementor-widget-text-editor:not(.elementor-drop-cap-view-default) .elementor-drop-cap-letter{width:1em;height:1em}.elementor-widget-text-editor .elementor-drop-cap{float:left;text-align:center;line-height:1;font-size:50px}.elementor-widget-text-editor .elementor-drop-cap-letter{display:inline-block}<\/style>\t\t\t\t<p>Alalla toimii my\u00f6s yrityksi\u00e4, jotka ovat valmistaneet ja valmistavat tuotteita laajemmassa mittakaavassa ja ty\u00f6llist\u00e4v\u00e4t useita ammattilaisia. Lue heist\u00e4 lis\u00e4\u00e4 t\u00e4\u00e4lt\u00e4.<\/p>\t\t\t\t\t\t<\/div>\n\t\t\t\t<\/div>\n\t\t\t\t\t<\/div>\n\t\t<\/div>\n\t\t\t\t\t\t\t<\/div>\n\t\t<\/section>\n\t\t\t\t<section class=\"elementor-section elementor-top-section elementor-element elementor-element-d794258 elementor-section-boxed elementor-section-height-default elementor-section-height-default\" data-id=\"d794258\" data-element_type=\"section\" data-settings=\"{&quot;background_background&quot;:&quot;classic&quot;}\">\n\t\t\t\t\t\t<div class=\"elementor-container elementor-column-gap-default\">\n\t\t\t\t\t<div class=\"elementor-column elementor-col-100 elementor-top-column elementor-element elementor-element-cd1e4ab\" data-id=\"cd1e4ab\" data-element_type=\"column\">\n\t\t\t<div class=\"elementor-widget-wrap elementor-element-populated\">\n\t\t\t\t\t\t\t\t<div class=\"elementor-element elementor-element-ad24fb9 eael-product-grid-column-4 elementor-widget elementor-widget-eicon-woocommerce\" data-id=\"ad24fb9\" data-element_type=\"widget\" data-widget_type=\"eicon-woocommerce.default\">\n\t\t\t\t<div class=\"elementor-widget-container\">\n\t\t\t\n        <div class=\"eael-product-grid eael-product-default grid\" id=\"eael-product-grid\" data-widget-id=\"ad24fb9\" data-page-id=\"3221\" data-nonce=\"a3ccd87c2d\" >\n            <div class=\"woocommerce\">\n                <ul class=\"products\" data-layout-mode=\"grid\"><li class=\"product type-product post-5904 status-publish first instock product_cat-tekijat product_cat-teolliset-yritykset product_tag-frejvid-borg product_tag-kakikello product_tag-kope product_tag-poytakello product_tag-rannekello product_tag-seinakello product_tag-sirius product_tag-taskukello product_tag-tekijat-ja-tyohuoneet product_tag-teolliset-yritykset product_tag-walter-weckerle has-post-thumbnail shipping-taxable product-type-simple\">\n\t<\/li>\n<li class=\"product type-product post-5903 status-publish instock product_cat-tekijat product_cat-teolliset-yritykset product_tag-aamo product_tag-edvin-kytola product_tag-ernest-harkka product_tag-hehku product_tag-hienopaja-hehku product_tag-honka product_tag-lennart-rafael-harkka product_tag-minor product_tag-mitra product_tag-sampo product_tag-seinakello product_tag-tekijat-ja-tyohuoneet product_tag-teolliset-yritykset product_tag-waltti has-post-thumbnail shipping-taxable product-type-simple\">\n\t<\/li>\n<li class=\"product type-product post-5902 status-publish instock product_cat-tekijat product_cat-teolliset-yritykset product_tag-bertil-frilander product_tag-erkki-kytola product_tag-jaakko-kytola product_tag-kelloteollisuus product_tag-olli-kytola product_tag-tekijat-ja-tyohuoneet product_tag-teolliset-yritykset product_tag-uuno-tuomi product_tag-vaihtovirtakello has-post-thumbnail shipping-taxable product-type-simple\">\n\t<\/li>\n<li class=\"product type-product post-5901 status-publish last instock product_cat-tekijat product_cat-teolliset-yritykset product_tag-kellotehdas-vihna product_tag-lauri-helske product_tag-ready product_tag-teolliset-yritykset has-post-thumbnail shipping-taxable product-type-simple\">\n\t<\/li>\n<li class=\"product type-product post-5900 status-publish first instock product_cat-tekijat product_cat-teolliset-yritykset product_tag-kellonvalmistamo product_tag-konni product_tag-otto-vilanto product_tag-seinakello product_tag-teolliset-yritykset has-post-thumbnail shipping-taxable product-type-simple\">\n\t<\/li>\n<li class=\"product type-product post-5899 status-publish instock product_cat-tekijat product_cat-teolliset-yritykset product_tag-aila product_tag-aino product_tag-antti product_tag-iisakki product_tag-ilmapuntari product_tag-jussi product_tag-matti product_tag-olli product_tag-pentti-kiuru product_tag-poytakello product_tag-rauni product_tag-seinakello product_tag-teolliset-yritykset product_tag-valmet-instrumenttitehdas has-post-thumbnail shipping-taxable product-type-simple\">\n\t<\/li>\n<li class=\"product type-product post-5898 status-publish instock product_cat-tekijat product_cat-teolliset-yritykset product_tag-kalervo-soidinsalo product_tag-kellotehdas product_tag-teolliset-yritykset product_tag-tupakellot has-post-thumbnail shipping-taxable product-type-simple\">\n\t<\/li>\n<li class=\"product type-product post-5896 status-publish last instock product_cat-tekijat product_cat-teolliset-yritykset product_tag-kalevi-salonen product_tag-kauko-palmar product_tag-teolliset-yritykset product_tag-trans-kello product_tag-transistorikello has-post-thumbnail shipping-taxable product-type-simple\">\n\t<\/li>\n<li class=\"product type-product post-5895 status-publish first instock product_cat-tekijat product_cat-teolliset-yritykset product_tag-arent-stanley product_tag-graham-kayntilaite product_tag-hugo-stanley product_tag-kellotehdas product_tag-keskuskellot product_tag-oswald-stanley product_tag-teolliset-yritykset has-post-thumbnail shipping-taxable product-type-simple\">\n\t<\/li>\n<li class=\"product type-product post-5487 status-publish instock product_cat-tekijat product_cat-teolliset-yritykset product_tag-hevosenjouhikorut product_tag-kankaankutoja product_tag-korutaiteilija product_tag-lauri-eno product_tag-marjut-viitanen product_tag-tarja-kaarnakoski product_tag-tekstiilisuunnittelija shipping-taxable product-type-simple\">\n\t<\/li>\n<\/ul><nav id='ad24fb9-eael-pagination' class='eael-woo-pagination' data-plimit='100' data-totalpage ='10' data-widgetid='ad24fb9' data-pageid='3221' data-args='post_type=product&post_status%5B0%5D=publish&post_status%5B1%5D=pending&post_status%5B2%5D=future&posts_per_page=100&order=desc&offset=0&tax_query%5B0%5D%5Btaxonomy%5D=product_cat&tax_query%5B0%5D%5Bfield%5D=slug&tax_query%5B0%5D%5Bterms%5D%5B0%5D=teolliset-yritykset&tax_query%5B0%5D%5Boperator%5D=IN&orderby=date&meta_query%5Brelation%5D=AND&max_page=1&total_post=10'  data-template='{\"dir\":\"free\",\"file_name\":\"default\",\"name\":\"eicon-woocommerce\"}'><ul class='page-numbers'><li><a href='javascript:void(0);' id='post' class='page-numbers current' data-pnumber='1'>1<\/a><\/li><\/ul><\/nav>            <\/div>\n        <\/div>\n\n        <script type=\"text\/javascript\">\n            jQuery(document).ready(function($) {\n                var $scope = jQuery(\".elementor-element-ad24fb9\");\n                var $products = $('.products', $scope);\n                var $layout_mode = $products.data('layout-mode');\n                \n                if ( $layout_mode === 'masonry' ) {\n                    \/\/ init isotope\n                    var $isotope_products = $products.isotope({\n                        itemSelector: \"li.product\",\n                        layoutMode: $layout_mode,\n                        percentPosition: true\n                    });\n\n                    $isotope_products.imagesLoaded().progress( function() {\n                        $isotope_products.isotope('layout');\n                    })\n\n                    $(window).on('resize', function() {\n                        $isotope_products.isotope('layout');\n                    });\n                }\n            });\n        <\/script>\n        \t\t<\/div>\n\t\t\t\t<\/div>\n\t\t\t\t\t<\/div>\n\t\t<\/div>\n\t\t\t\t\t\t\t<\/div>\n\t\t<\/section>\n\t\t\t\t\t\t\t<\/div>\n\t\t","protected":false},"excerpt":{"rendered":"<p>Teolliset yritykset Alalla toimii my\u00f6s yrityksi\u00e4, jotka ovat valmistaneet ja valmistavat tuotteita laajemmassa mittakaavassa ja ty\u00f6llist\u00e4v\u00e4t useita ammattilaisia. Lue heist\u00e4 lis\u00e4\u00e4 t\u00e4\u00e4lt\u00e4. SaLe Lue Lis\u00e4\u00e4 Kope Oy Lue Lis\u00e4\u00e4 Hienopaja Hehku Oy Lue Lis\u00e4\u00e4 Kelloteollisuus Oy Lue Lis\u00e4\u00e4 Kellotehdas Vihna Oy Lue Lis\u00e4\u00e4 Kellonvalmistamo Oy Lue Lis\u00e4\u00e4 Valmet Instrumenttitehdas Oy Lue Lis\u00e4\u00e4 Kellotehdas K. Soidinsalo [&hellip;]<\/p>\n","protected":false},"author":2,"featured_media":0,"parent":0,"menu_order":0,"comment_status":"closed","ping_status":"closed","template":"elementor_header_footer","meta":[],"_links":{"self":[{"href":"https:\/\/www.kellomuseo.fi\/holvi\/wp-json\/wp\/v2\/pages\/3221"}],"collection":[{"href":"https:\/\/www.kellomuseo.fi\/holvi\/wp-json\/wp\/v2\/pages"}],"about":[{"href":"https:\/\/www.kellomuseo.fi\/holvi\/wp-json\/wp\/v2\/types\/page"}],"author":[{"embeddable":true,"href":"https:\/\/www.kellomuseo.fi\/holvi\/wp-json\/wp\/v2\/users\/2"}],"replies":[{"embeddable":true,"href":"https:\/\/www.kellomuseo.fi\/holvi\/wp-json\/wp\/v2\/comments?post=3221"}],"version-history":[{"count":16,"href":"https:\/\/www.kellomuseo.fi\/holvi\/wp-json\/wp\/v2\/pages\/3221\/revisions"}],"predecessor-version":[{"id":5908,"href":"https:\/\/www.kellomuseo.fi\/holvi\/wp-json\/wp\/v2\/pages\/3221\/revisions\/5908"}],"wp:attachment":[{"href":"https:\/\/www.kellomuseo.fi\/holvi\/wp-json\/wp\/v2\/media?parent=3221"}],"curies":[{"name":"wp","href":"https:\/\/api.w.org\/{rel}","templated":true}]}}