{"id":3206,"date":"2022-01-14T12:39:28","date_gmt":"2022-01-14T10:39:28","guid":{"rendered":"https:\/\/www.kellomuseo.fi\/holvi\/?page_id=3206"},"modified":"2022-02-28T11:17:20","modified_gmt":"2022-02-28T09:17:20","slug":"henkilot","status":"publish","type":"page","link":"https:\/\/www.kellomuseo.fi\/holvi\/henkilot\/","title":{"rendered":"Henkil\u00f6t"},"content":{"rendered":"\t\t<div data-elementor-type=\"wp-page\" data-elementor-id=\"3206\" class=\"elementor elementor-3206\">\n\t\t\t\t\t\t\t\t\t<section class=\"elementor-section elementor-top-section elementor-element elementor-element-e9a16f9 elementor-section-boxed elementor-section-height-default elementor-section-height-default\" data-id=\"e9a16f9\" data-element_type=\"section\" data-settings=\"{&quot;background_background&quot;:&quot;classic&quot;}\">\n\t\t\t\t\t\t<div class=\"elementor-container elementor-column-gap-default\">\n\t\t\t\t\t<div class=\"elementor-column elementor-col-100 elementor-top-column elementor-element elementor-element-107a489\" data-id=\"107a489\" data-element_type=\"column\">\n\t\t\t<div class=\"elementor-widget-wrap elementor-element-populated\">\n\t\t\t\t\t\t\t\t<div class=\"elementor-element elementor-element-74a7c2a elementor-widget elementor-widget-heading\" data-id=\"74a7c2a\" data-element_type=\"widget\" data-widget_type=\"heading.default\">\n\t\t\t\t<div class=\"elementor-widget-container\">\n\t\t\t<style>\/*! elementor - v3.17.0 - 01-11-2023 *\/\n.elementor-heading-title{padding:0;margin:0;line-height:1}.elementor-widget-heading .elementor-heading-title[class*=elementor-size-]>a{color:inherit;font-size:inherit;line-height:inherit}.elementor-widget-heading .elementor-heading-title.elementor-size-small{font-size:15px}.elementor-widget-heading .elementor-heading-title.elementor-size-medium{font-size:19px}.elementor-widget-heading .elementor-heading-title.elementor-size-large{font-size:29px}.elementor-widget-heading .elementor-heading-title.elementor-size-xl{font-size:39px}.elementor-widget-heading .elementor-heading-title.elementor-size-xxl{font-size:59px}<\/style><h2 class=\"elementor-heading-title elementor-size-default\">Henkil\u00f6t<\/h2>\t\t<\/div>\n\t\t\t\t<\/div>\n\t\t\t\t<div class=\"elementor-element elementor-element-1dc1d51 elementor-widget elementor-widget-text-editor\" data-id=\"1dc1d51\" data-element_type=\"widget\" data-widget_type=\"text-editor.default\">\n\t\t\t\t<div class=\"elementor-widget-container\">\n\t\t\t<style>\/*! elementor - v3.17.0 - 01-11-2023 *\/\n.elementor-widget-text-editor.elementor-drop-cap-view-stacked .elementor-drop-cap{background-color:#69727d;color:#fff}.elementor-widget-text-editor.elementor-drop-cap-view-framed .elementor-drop-cap{color:#69727d;border:3px solid;background-color:transparent}.elementor-widget-text-editor:not(.elementor-drop-cap-view-default) .elementor-drop-cap{margin-top:8px}.elementor-widget-text-editor:not(.elementor-drop-cap-view-default) .elementor-drop-cap-letter{width:1em;height:1em}.elementor-widget-text-editor .elementor-drop-cap{float:left;text-align:center;line-height:1;font-size:50px}.elementor-widget-text-editor .elementor-drop-cap-letter{display:inline-block}<\/style>\t\t\t\t<p>Tutustu suomalaisiin kello- ja korualan ammattilaisiin t\u00e4\u00e4ll\u00e4.<\/p>\t\t\t\t\t\t<\/div>\n\t\t\t\t<\/div>\n\t\t\t\t\t<\/div>\n\t\t<\/div>\n\t\t\t\t\t\t\t<\/div>\n\t\t<\/section>\n\t\t\t\t<section class=\"elementor-section elementor-top-section elementor-element elementor-element-d794258 elementor-section-boxed elementor-section-height-default elementor-section-height-default\" data-id=\"d794258\" data-element_type=\"section\" data-settings=\"{&quot;background_background&quot;:&quot;classic&quot;}\">\n\t\t\t\t\t\t<div class=\"elementor-container elementor-column-gap-default\">\n\t\t\t\t\t<div class=\"elementor-column elementor-col-100 elementor-top-column elementor-element elementor-element-cd1e4ab\" data-id=\"cd1e4ab\" data-element_type=\"column\">\n\t\t\t<div class=\"elementor-widget-wrap elementor-element-populated\">\n\t\t\t\t\t\t\t\t<div class=\"elementor-element elementor-element-ad24fb9 eael-product-grid-column-4 elementor-widget elementor-widget-eicon-woocommerce\" data-id=\"ad24fb9\" data-element_type=\"widget\" data-widget_type=\"eicon-woocommerce.default\">\n\t\t\t\t<div class=\"elementor-widget-container\">\n\t\t\t\n        <div class=\"eael-product-grid eael-product-default grid\" id=\"eael-product-grid\" data-widget-id=\"ad24fb9\" data-page-id=\"3206\" data-nonce=\"6526c1a206\" >\n            <div class=\"woocommerce\">\n                <ul class=\"products\" data-layout-mode=\"grid\"><li class=\"product type-product post-7117 status-publish first instock product_cat-henkilot product_cat-tekijat product_tag-henkilot product_tag-kellojen-historiaa product_tag-kellosepat product_tag-kellot product_tag-kellot-suomessa product_tag-konnien-suku product_tag-konnit product_tag-lattiakellot has-post-thumbnail shipping-taxable product-type-simple\">\n\t<\/li>\n<li class=\"product type-product post-3810 status-publish instock product_cat-henkilot product_cat-tekijat product_cat-yritykset product_tag-kelloseppa product_tag-tekijat-ja-tyohuoneet has-post-thumbnail shipping-taxable product-type-simple\">\n\t<\/li>\n<li class=\"product type-product post-3808 status-publish instock product_cat-henkilot product_cat-tekijat product_cat-yritykset product_tag-kelloseppa product_tag-merikronometri product_tag-tekijat-ja-tyohuoneet has-post-thumbnail shipping-taxable product-type-simple\">\n\t<\/li>\n<li class=\"product type-product post-3803 status-publish last instock product_cat-henkilot product_cat-tekijat product_tag-kelloseppa product_tag-tekijat-ja-tyohuoneet has-post-thumbnail shipping-taxable product-type-simple\">\n\t<\/li>\n<li class=\"product type-product post-3801 status-publish first instock product_cat-henkilot product_cat-jalleenmyyjat product_cat-kellojen-maahantuojat product_cat-tekijat product_cat-yritykset product_tag-kelloseppa product_tag-kelloseppasuku product_tag-tekijat-ja-tyohuoneet has-post-thumbnail shipping-taxable product-type-simple\">\n\t<\/li>\n<li class=\"product type-product post-3799 status-publish instock product_cat-henkilot product_cat-tekijat product_tag-henkilot product_tag-kelloseppa product_tag-tekijat-ja-tyohuoneet has-post-thumbnail shipping-taxable product-type-simple\">\n\t<\/li>\n<li class=\"product type-product post-3795 status-publish instock product_cat-henkilot product_cat-kellot product_cat-suomalainen-kellotuotanto product_tag-kelloseppamestari product_tag-raekello product_tag-tekijat-ja-tyohuoneet has-post-thumbnail shipping-taxable product-type-simple\">\n\t<\/li>\n<li class=\"product type-product post-3787 status-publish last instock product_cat-henkilot product_cat-tekijat product_tag-hopeaseppa product_tag-korutaiteilija product_tag-tekijat-ja-tyohuoneet has-post-thumbnail shipping-taxable product-type-simple\">\n\t<\/li>\n<li class=\"product type-product post-3782 status-publish first instock product_cat-henkilot product_cat-tekijat product_tag-korutaiteilija product_tag-tekijat-ja-tyohuoneet has-post-thumbnail shipping-taxable product-type-simple\">\n\t<\/li>\n<li class=\"product type-product post-3780 status-publish instock product_cat-henkilot product_cat-tekijat product_tag-korutaideopettaja product_tag-korutaiteilija has-post-thumbnail shipping-taxable product-type-simple\">\n\t<\/li>\n<li class=\"product type-product post-3778 status-publish instock product_cat-henkilot product_cat-tekijat product_tag-artenomi product_tag-artesaani product_tag-koru-ja-kivialan-artenomi product_tag-korutaiteilija shipping-taxable product-type-simple\">\n\t<\/li>\n<li class=\"product type-product post-3776 status-publish last instock product_cat-henkilot product_cat-tekijat product_tag-artenomi product_tag-korutaiteilija product_tag-kuvataiteilija product_tag-tekijat-ja-tyohuoneet has-post-thumbnail shipping-taxable product-type-simple\">\n\t<\/li>\n<li class=\"product type-product post-3774 status-publish first instock product_cat-henkilot product_cat-tekijat product_tag-korutaiteilija product_tag-taiteen-maisteri has-post-thumbnail shipping-taxable product-type-simple\">\n\t<\/li>\n<li class=\"product type-product post-3773 status-publish instock product_cat-henkilot product_cat-tekijat product_tag-kultaseppa shipping-taxable product-type-simple\">\n\t<\/li>\n<li class=\"product type-product post-3771 status-publish instock product_cat-henkilot product_cat-tekijat product_tag-korumuotoilija product_tag-korutaiteilija has-post-thumbnail shipping-taxable product-type-simple\">\n\t<\/li>\n<li class=\"product type-product post-3769 status-publish last instock product_cat-henkilot product_cat-tekijat product_tag-korumuotoilija product_tag-metalliartesaani has-post-thumbnail shipping-taxable product-type-simple\">\n\t<\/li>\n<li class=\"product type-product post-3768 status-publish first instock product_cat-henkilot product_cat-tekijat product_tag-korutaiteilija product_tag-kuvataiteilija shipping-taxable product-type-simple\">\n\t<\/li>\n<li class=\"product type-product post-3766 status-publish instock product_cat-henkilot product_cat-tekijat product_tag-koru-ja-jalometallimuotoilija product_tag-korutaiteilija product_tag-metalliartesaani has-post-thumbnail shipping-taxable product-type-simple\">\n\t<\/li>\n<li class=\"product type-product post-3764 status-publish instock product_cat-henkilot product_cat-tekijat product_tag-kivi-ja-korumuotoilun-artenomi product_tag-korutaiteilija has-post-thumbnail shipping-taxable product-type-simple\">\n\t<\/li>\n<li class=\"product type-product post-3762 status-publish last instock product_cat-henkilot product_cat-tekijat product_tag-kiviesine-ja-korumuotoilija product_tag-korutaiteilija product_tag-metalliartesaani product_tag-muotoilija has-post-thumbnail shipping-taxable product-type-simple\">\n\t<\/li>\n<li class=\"product type-product post-3760 status-publish first instock product_cat-henkilot product_cat-tekijat product_tag-korutaiteilija product_tag-muotoilija has-post-thumbnail shipping-taxable product-type-simple\">\n\t<\/li>\n<li class=\"product type-product post-3758 status-publish instock product_cat-henkilot product_cat-tekijat product_tag-korutaiteilija product_tag-kultasepanalan-artesaani product_tag-muotoilija has-post-thumbnail shipping-taxable product-type-simple\">\n\t<\/li>\n<li class=\"product type-product post-3756 status-publish instock product_cat-henkilot product_cat-tekijat product_tag-artenomi product_tag-artesaani product_tag-korutaiteilija product_tag-kuvataiteilija product_tag-metallialan-artesaani has-post-thumbnail shipping-taxable product-type-simple\">\n\t<\/li>\n<li class=\"product type-product post-3754 status-publish last instock product_cat-henkilot product_cat-tekijat product_tag-korumuotoilija product_tag-kultaseppa product_tag-metallialan-artesaani has-post-thumbnail shipping-taxable product-type-simple\">\n\t<\/li>\n<li class=\"product type-product post-3752 status-publish first instock product_cat-henkilot product_cat-tekijat product_tag-korumuotoilija product_tag-kultaseppa has-post-thumbnail shipping-taxable product-type-simple\">\n\t<\/li>\n<li class=\"product type-product post-3750 status-publish instock product_cat-henkilot product_cat-tekijat product_tag-korumuotoilija product_tag-kuvataiteilja product_tag-tekstiiliartesaani product_tag-tekstiilitaiteilija has-post-thumbnail shipping-taxable product-type-simple\">\n\t<\/li>\n<li class=\"product type-product post-3748 status-publish instock product_cat-henkilot product_cat-tekijat product_tag-korumuotoilija product_tag-korumuotoilu product_tag-kuvataiteilja product_tag-tekijat-ja-tyohuoneet has-post-thumbnail shipping-taxable product-type-simple\">\n\t<\/li>\n<li class=\"product type-product post-3746 status-publish last instock product_cat-henkilot product_cat-tekijat product_tag-korumuotoilija product_tag-korumuotoilu product_tag-tekijat-ja-tyohuoneet has-post-thumbnail shipping-taxable product-type-simple\">\n\t<\/li>\n<li class=\"product type-product post-3744 status-publish first instock product_cat-henkilot product_cat-tekijat product_tag-korumuotoilija product_tag-korumuotoilu product_tag-korutaiteilija product_tag-tekijat-ja-tyohuoneet has-post-thumbnail shipping-taxable product-type-simple\">\n\t<\/li>\n<li class=\"product type-product post-3742 status-publish instock product_cat-henkilot product_cat-tekijat product_tag-korumuotoilija product_tag-korumuotoilu product_tag-korutaiteilija has-post-thumbnail shipping-taxable product-type-simple\">\n\t<\/li>\n<li class=\"product type-product post-3740 status-publish instock product_cat-henkilot product_cat-tekijat product_tag-korumuotoilija product_tag-korumuotoilu product_tag-korutaiteilija has-post-thumbnail shipping-taxable product-type-simple\">\n\t<\/li>\n<li class=\"product type-product post-3738 status-publish last instock product_cat-henkilot product_cat-tekijat product_tag-korumuotoilija product_tag-korumuotoilu product_tag-korutaiteilija product_tag-kultaseppa-artesaani has-post-thumbnail shipping-taxable product-type-simple\">\n\t<\/li>\n<li class=\"product type-product post-3736 status-publish first instock product_cat-henkilot product_cat-tekijat product_tag-korumuotoilu product_tag-korutaiteilija product_tag-tekstiilimuotoilija has-post-thumbnail shipping-taxable product-type-simple\">\n\t<\/li>\n<li class=\"product type-product post-3734 status-publish instock product_cat-henkilot product_cat-tekijat product_tag-kivi-ja-koruesineiden-muotoilija product_tag-korumuotoilu product_tag-taiteen-maisteri has-post-thumbnail shipping-taxable product-type-simple\">\n\t<\/li>\n<li class=\"product type-product post-3678 status-publish instock product_cat-henkilot product_cat-tekijat product_tag-artenomi product_tag-hopeatyo product_tag-kivityosto product_tag-koruala product_tag-korumuotoilija product_tag-korumuotoilu product_tag-korutaide has-post-thumbnail shipping-taxable product-type-simple\">\n\t<\/li>\n<li class=\"product type-product post-3675 status-publish last instock product_cat-henkilot product_cat-tekijat product_tag-jewellery-art-and-design product_tag-korumuotoilija product_tag-korumuotoilu product_tag-kuvataiteilija product_tag-tekijat-ja-tyohuoneet has-post-thumbnail shipping-taxable product-type-simple\">\n\t<\/li>\n<li class=\"product type-product post-3674 status-publish first instock product_cat-henkilot product_cat-tekijat product_tag-kivi-ja-metallialan-artesaani product_tag-korumuotoilu product_tag-kuvataide product_tag-tekijat-ja-tyohuoneet has-post-thumbnail shipping-taxable product-type-simple\">\n\t<\/li>\n<li class=\"product type-product post-3671 status-publish instock product_cat-henkilot product_cat-tekijat product_tag-korumuotoilija product_tag-korumuotoilu product_tag-taiteilijat has-post-thumbnail shipping-taxable product-type-simple\">\n\t<\/li>\n<li class=\"product type-product post-3664 status-publish instock product_cat-henkilot product_cat-tekijat product_tag-hopeamuotoilu product_tag-korumuotoilija product_tag-korumuotoilu product_tag-taiteen-maisteri product_tag-taiteilijat has-post-thumbnail shipping-taxable product-type-simple\">\n\t<\/li>\n<li class=\"product type-product post-3661 status-publish last instock product_cat-henkilot product_cat-tekijat product_tag-korumuotoilija product_tag-korumuotoilu product_tag-korutaiteilija has-post-thumbnail shipping-taxable product-type-simple\">\n\t<\/li>\n<li class=\"product type-product post-3657 status-publish first instock product_cat-henkilot product_cat-tekijat product_tag-korumuotoilija product_tag-korumuotoilu product_tag-taiteilijat has-post-thumbnail shipping-taxable product-type-simple\">\n\t<\/li>\n<li class=\"product type-product post-1615 status-publish instock product_cat-henkilot product_cat-tekijat product_tag-henkilot product_tag-kellojen-historiaa product_tag-kellosepat product_tag-kellot product_tag-kellot-suomessa product_tag-konnien-suku product_tag-konnit product_tag-lattiakellot has-post-thumbnail shipping-taxable product-type-simple\">\n\t<\/li>\n<li class=\"product type-product post-1612 status-publish instock product_cat-henkilot product_cat-tekijat product_tag-esteri-perkko product_tag-kellojen-historiaa product_tag-kellosepat product_tag-kelloseppaliitto product_tag-kellot product_tag-kellot-suomessa has-post-thumbnail shipping-taxable product-type-simple\">\n\t<\/li>\n<li class=\"product type-product post-638 status-publish last instock product_cat-henkilot product_cat-yleinen product_tag-bjorn-weckstrom product_tag-korumuotoilija product_tag-korumuotoilu product_tag-lapponia product_tag-taiteilijat has-post-thumbnail shipping-taxable product-type-simple\">\n\t<\/li>\n<\/ul><nav id='ad24fb9-eael-pagination' class='eael-woo-pagination' data-plimit='100' data-totalpage ='44' data-widgetid='ad24fb9' data-pageid='3206' data-args='post_type=product&post_status%5B0%5D=publish&post_status%5B1%5D=pending&post_status%5B2%5D=future&posts_per_page=100&order=desc&offset=0&tax_query%5B0%5D%5Btaxonomy%5D=product_cat&tax_query%5B0%5D%5Bfield%5D=slug&tax_query%5B0%5D%5Bterms%5D%5B0%5D=henkilot&tax_query%5B0%5D%5Boperator%5D=IN&orderby=date&meta_query%5Brelation%5D=AND&max_page=1&total_post=44'  data-template='{\"dir\":\"free\",\"file_name\":\"default\",\"name\":\"eicon-woocommerce\"}'><ul class='page-numbers'><li><a href='javascript:void(0);' id='post' class='page-numbers current' data-pnumber='1'>1<\/a><\/li><\/ul><\/nav>            <\/div>\n        <\/div>\n\n        <script type=\"text\/javascript\">\n            jQuery(document).ready(function($) {\n                var $scope = jQuery(\".elementor-element-ad24fb9\");\n                var $products = $('.products', $scope);\n                var $layout_mode = $products.data('layout-mode');\n                \n                if ( $layout_mode === 'masonry' ) {\n                    \/\/ init isotope\n                    var $isotope_products = $products.isotope({\n                        itemSelector: \"li.product\",\n                        layoutMode: $layout_mode,\n                        percentPosition: true\n                    });\n\n                    $isotope_products.imagesLoaded().progress( function() {\n                        $isotope_products.isotope('layout');\n                    })\n\n                    $(window).on('resize', function() {\n                        $isotope_products.isotope('layout');\n                    });\n                }\n            });\n        <\/script>\n        \t\t<\/div>\n\t\t\t\t<\/div>\n\t\t\t\t\t<\/div>\n\t\t<\/div>\n\t\t\t\t\t\t\t<\/div>\n\t\t<\/section>\n\t\t\t\t\t\t\t<\/div>\n\t\t","protected":false},"excerpt":{"rendered":"<p>Henkil\u00f6t Tutustu suomalaisiin kello- ja korualan ammattilaisiin t\u00e4\u00e4ll\u00e4. Nanna Salmi Lue Lis\u00e4\u00e4 Hanna S\u00f6derlund Lue Lis\u00e4\u00e4 Anders S\u00e4rkel\u00e4 Lue Lis\u00e4\u00e4 Olga Aikala Lue Lis\u00e4\u00e4 Elfstr\u00f6min kellosepp\u00e4suku Lue Lis\u00e4\u00e4 Saara Oksanen Lue Lis\u00e4\u00e4 Lauri Helske Lue Lis\u00e4\u00e4 Terhi Tolvanen Lue Lis\u00e4\u00e4 Eeva Wornell Lue Lis\u00e4\u00e4 Monica Wickstr\u00f6m Lue Lis\u00e4\u00e4 Tarja Tuupanen Lue Lis\u00e4\u00e4 Nelli Tanner Lue [&hellip;]<\/p>\n","protected":false},"author":2,"featured_media":0,"parent":0,"menu_order":0,"comment_status":"closed","ping_status":"closed","template":"elementor_header_footer","meta":[],"_links":{"self":[{"href":"https:\/\/www.kellomuseo.fi\/holvi\/wp-json\/wp\/v2\/pages\/3206"}],"collection":[{"href":"https:\/\/www.kellomuseo.fi\/holvi\/wp-json\/wp\/v2\/pages"}],"about":[{"href":"https:\/\/www.kellomuseo.fi\/holvi\/wp-json\/wp\/v2\/types\/page"}],"author":[{"embeddable":true,"href":"https:\/\/www.kellomuseo.fi\/holvi\/wp-json\/wp\/v2\/users\/2"}],"replies":[{"embeddable":true,"href":"https:\/\/www.kellomuseo.fi\/holvi\/wp-json\/wp\/v2\/comments?post=3206"}],"version-history":[{"count":10,"href":"https:\/\/www.kellomuseo.fi\/holvi\/wp-json\/wp\/v2\/pages\/3206\/revisions"}],"predecessor-version":[{"id":5545,"href":"https:\/\/www.kellomuseo.fi\/holvi\/wp-json\/wp\/v2\/pages\/3206\/revisions\/5545"}],"wp:attachment":[{"href":"https:\/\/www.kellomuseo.fi\/holvi\/wp-json\/wp\/v2\/media?parent=3206"}],"curies":[{"name":"wp","href":"https:\/\/api.w.org\/{rel}","templated":true}]}}