{"id":3144,"date":"2022-01-14T11:14:57","date_gmt":"2022-01-14T09:14:57","guid":{"rendered":"https:\/\/www.kellomuseo.fi\/holvi\/?page_id=3144"},"modified":"2022-04-04T11:20:22","modified_gmt":"2022-04-04T08:20:22","slug":"ajan-lyhyt-historia","status":"publish","type":"page","link":"https:\/\/www.kellomuseo.fi\/holvi\/ajan-lyhyt-historia\/","title":{"rendered":"Ajan lyhyt historia"},"content":{"rendered":"\t\t<div data-elementor-type=\"wp-page\" data-elementor-id=\"3144\" class=\"elementor elementor-3144\">\n\t\t\t\t\t\t\t\t\t<section class=\"elementor-section elementor-top-section elementor-element elementor-element-e9a16f9 elementor-section-boxed elementor-section-height-default elementor-section-height-default\" data-id=\"e9a16f9\" data-element_type=\"section\" data-settings=\"{&quot;background_background&quot;:&quot;classic&quot;}\">\n\t\t\t\t\t\t<div class=\"elementor-container elementor-column-gap-default\">\n\t\t\t\t\t<div class=\"elementor-column elementor-col-100 elementor-top-column elementor-element elementor-element-107a489\" data-id=\"107a489\" data-element_type=\"column\">\n\t\t\t<div class=\"elementor-widget-wrap elementor-element-populated\">\n\t\t\t\t\t\t\t\t<div class=\"elementor-element elementor-element-74a7c2a elementor-widget elementor-widget-heading\" data-id=\"74a7c2a\" data-element_type=\"widget\" data-widget_type=\"heading.default\">\n\t\t\t\t<div class=\"elementor-widget-container\">\n\t\t\t<style>\/*! elementor - v3.17.0 - 01-11-2023 *\/\n.elementor-heading-title{padding:0;margin:0;line-height:1}.elementor-widget-heading .elementor-heading-title[class*=elementor-size-]>a{color:inherit;font-size:inherit;line-height:inherit}.elementor-widget-heading .elementor-heading-title.elementor-size-small{font-size:15px}.elementor-widget-heading .elementor-heading-title.elementor-size-medium{font-size:19px}.elementor-widget-heading .elementor-heading-title.elementor-size-large{font-size:29px}.elementor-widget-heading .elementor-heading-title.elementor-size-xl{font-size:39px}.elementor-widget-heading .elementor-heading-title.elementor-size-xxl{font-size:59px}<\/style><h2 class=\"elementor-heading-title elementor-size-default\">Ajan lyhyt historia<\/h2>\t\t<\/div>\n\t\t\t\t<\/div>\n\t\t\t\t<div class=\"elementor-element elementor-element-1dc1d51 elementor-widget elementor-widget-text-editor\" data-id=\"1dc1d51\" data-element_type=\"widget\" data-widget_type=\"text-editor.default\">\n\t\t\t\t<div class=\"elementor-widget-container\">\n\t\t\t<style>\/*! elementor - v3.17.0 - 01-11-2023 *\/\n.elementor-widget-text-editor.elementor-drop-cap-view-stacked .elementor-drop-cap{background-color:#69727d;color:#fff}.elementor-widget-text-editor.elementor-drop-cap-view-framed .elementor-drop-cap{color:#69727d;border:3px solid;background-color:transparent}.elementor-widget-text-editor:not(.elementor-drop-cap-view-default) .elementor-drop-cap{margin-top:8px}.elementor-widget-text-editor:not(.elementor-drop-cap-view-default) .elementor-drop-cap-letter{width:1em;height:1em}.elementor-widget-text-editor .elementor-drop-cap{float:left;text-align:center;line-height:1;font-size:50px}.elementor-widget-text-editor .elementor-drop-cap-letter{display:inline-block}<\/style>\t\t\t\t<p><strong>Aika<\/strong><\/p><p>Aika on kahden hetken v\u00e4li.<\/p><p>Aikaa on mitattu jo vuosituhansia maapallon liikkeiden perusteella.<\/p><p>Maa py\u00f6r\u00e4ht\u00e4\u00e4 akselinsa ymp\u00e4ri vuorokaudessa<br \/>Kuu kiert\u00e4\u00e4 maan kuukakudessa.<br \/>Maa kiert\u00e4\u00e4 auringon vuodessa.<\/p><p>Aluksi aikaa mitattiin seuraamalla auringon paikkaa taivaalla.<\/p><p><strong>n. 2200 eKr.<\/strong><\/p><p>Stonehengen kivipaasia k\u00e4ytettiin mahdollisesti ajan mittaukseen.<\/p><p><strong>n. 1500 eKr.<\/strong><\/p><p>Aurinkokello Egyptiss\u00e4. Gnomonin varjo lankeaa eri aikoina kellotaulun eri kohtiin.<\/p><p>Tunti syntyi egyptil\u00e4isten jakaessa p\u00e4iv\u00e4n valoisan osan kahteentoista osaan. My\u00f6hemmin my\u00f6s y\u00f6 jaettiin ja vuorokaudesta tuli 24-tuntinen.<\/p><p>Kes\u00e4ll\u00e4 p\u00e4iv\u00e4tunnit olivat pidempi\u00e4 kuin y\u00f6tunnit. Tasapituisiin tunteihin siirryttiin vasta 1300\u2013luvulla.<\/p><p><strong>n. 400 eKr.<\/strong><\/p><p>Babylonialaiset jakoivat tunnin 60 osaan ja n\u00e4m\u00e4 osat viel\u00e4 60 osaan. Syntyiv\u00e4t minuutti ja sekunti.<\/p><p><strong>890 jKr.<\/strong><\/p><p>Englannin kuningas Alfred Suuri k\u00e4ytti kynttil\u00e4kelloa.<\/p><p><strong>1100-luku<\/strong><\/p><p>Tiimalasi keksittiin lasinvalmistustaidon my\u00f6t\u00e4.<\/p><p><strong>1300-luku<\/strong><\/p><p>Ensimm\u00e4isi\u00e4 tornikellot luostareissa. Kelloissa ei ollut taulua &#8211; rukousajat ilmoitettiin soittamalla kelloja.<\/p><p><strong>1364<\/strong><\/p><p>Ensimm\u00e4iset tunnetut kotikellot rakensi italialainen Giovanni Dondi. Ne olvat pieni\u00e4 tornikellon j\u00e4ljitelmi\u00e4, joihin oli lis\u00e4tty tuntiviisari.<\/p><p><strong>1386<\/strong><\/p><p>Vanhin yh\u00e4 toimiva mekaaninen kello rakennettiin Salisburyn katedraaliin Englantiin.<\/p><p><strong>1510<\/strong><\/p><p>Ensimm\u00e4isen kannettavan kellon rakensi Peter Henlein.<\/p><p><strong>1550<\/strong><\/p><p>Turun linnassa Suomen ensimm\u00e4inen rataskello.<\/p><p><strong>1582<\/strong><\/p><p>Galileo Galilei osoitti heiluriliikkeen olevan s\u00e4\u00e4nn\u00f6llist\u00e4.<\/p><p><strong>1600-luku<\/strong><\/p><p>Kannettavat kellot pieneniv\u00e4t taskukokoon.<\/p><p><strong>1657<\/strong><\/p><p>Ensimm\u00e4isen heilurikellon rakensi Christiaan Huygens.<\/p><p><strong>1675<\/strong><\/p><p>Huygens kehitti kierukkamaisen liipotinjousen, joka v\u00e4hensi k\u00e4yntipoikkeaman kahteen minuuttiin vuorokaudessa.<\/p><p><strong>1690-luku<\/strong><\/p><p>T\u00e4htitieteilij\u00e4t Greenwichin observatoriossa Lontoossa mittasivat aikaa t\u00e4hdist\u00e4.<\/p><p><strong>1700-luku<\/strong><\/p><p>Taskukello oli vain varakkaiden herrojen koru. Se saattoi maksaa saman verran kuin pieni kaupunkitalo.<\/p><p><strong>1700-luvun alku<\/strong> Pohjanmaalla alkoi lattiakellojen valmistus.<\/p><p><strong>1730<\/strong><\/p><p>K\u00e4kikello keksittiin Saksan Schwarzwaldissa.<\/p><p><strong>1754<\/strong><\/p><p>Heilurikellojen k\u00e4yntipoikkeama v\u00e4henee 10 sekuntiin vuorokaudessa.<\/p><p><strong>1759<\/strong><\/p><p>Englantilainen puusepp\u00e4 John Harrison rakensi tarkan merikronometrin. Kello k\u00e4vi tarkasti laivan liikkeist\u00e4 riippumatta. K\u00e4yntipoikkeama oli alle minuutti viidess\u00e4 kuukaudessa.<\/p><p><strong>1760-luku<\/strong><\/p><p>Ammattimainen kellosepp\u00e4kunta alkoi muodostua Suomeen.<\/p><p><strong>1800-luku<\/strong><\/p><p>Taskukellojen teollinen tuotanto alkoi. Kellot kuitenkin viel\u00e4 yksitt\u00e4iskappaleita.<\/p><p><strong>1840-luku<\/strong><\/p><p>Suomalaiset kellosep\u00e4t hakivat oppinsa Pietarista. <br \/>Kellosepp\u00e4koulutus tapahtui oppipoika \u2013 kis\u00e4lli \u2013 mestari \u2013periaatteella.<\/p><p><strong>1842<\/strong><\/p><p>A. Philippe kehitti nuppivedon taskukelloon.<\/p><p><strong>1880-luku<\/strong><\/p><p>Rautatien my\u00f6t\u00e4 koko Suomessa k\u00e4ytt\u00f6\u00f6n Helsingin paikallisaika. Paikkakuntien omat paikallisajat h\u00e4visiv\u00e4t.<\/p><p>Taskukellon koneiston osien standardointi. Massatuotanto alkoi. Taskukellosta tuli jokamiehen kello.<\/p><p><strong>1884<\/strong><\/p><p>Greenwichin ajasta kansainv\u00e4linen yleisaika GMT (Greenwich Mean Time).<\/p><p><strong>1900<\/strong><\/p><p>Ensimmiset rannekellot. Aluksi rannekelloja k\u00e4yttiv\u00e4t vain naiset. I maailmansodassa miehetkin alkoivat suosia rannekelloja.<\/p><p>Her\u00e4tyskellot yleistyv\u00e4t.<\/p><p><strong>1905-1910<\/strong><\/p><p>Suomen ensimm\u00e4inen kellosepp\u00e4koulu toimi Anttolan k\u00e4siteollisuuskoulussa.<\/p><p><strong>1921<\/strong><\/p><p>Suomi siirtyi k\u00e4ytt\u00e4m\u00e4\u00e4n kansainv\u00e4list\u00e4 yleisaikaa GMT +2.<br \/>Kelloja siirrettiin 20 minuuttia 10,9 sekuntia eteenp\u00e4in.<\/p><p><strong>1923<\/strong><\/p><p>Harwood -automaattirannekello.<\/p><p><strong>1927<\/strong><\/p><p>Ensimm\u00e4isen kvartsikellon suunnittelivat Marrison, Giebe ja Scheibe.<\/p><p><strong>1936<\/strong><\/p><p>Lauri Helske rakensi raekellon.<\/p><p><strong>1939<\/strong><\/p><p>Kvartsikide asennetaan Greenwichiin.<\/p><p><strong>1940<\/strong><\/p><p>Kellosepp\u00e4koulutus alkoi Westendin Invalidien Oppilaitoksessa Espoossa ja nelj\u00e4 vuotta my\u00f6hemmin Kellosepp\u00e4koulu perustettiin Lahteen.<\/p><p><strong>1948<\/strong><\/p><p>Ensimm\u00e4inen atomikello rakennettiin Yhdysvalloissa<\/p><p><strong>1959<\/strong><\/p><p>Kellosepp\u00e4koulu muutti Tapiolaan.<\/p><p><strong>1967<\/strong><\/p><p>Kvartsirannekello Beta 1.<\/p><p><strong>1970-luku<\/strong><\/p><p>Digitaalikvartsikellot yleistyiv\u00e4t.<\/p><p><strong>2006<\/strong><\/p><p>Maapallon ajanmittauksessa k\u00e4ytet\u00e4\u00e4n 65 atomikelloa eri puolilla maailmaa. <br \/>N\u00e4iden keskiaika on maapallon koordinoitu yleisaika. (UTC, Coordinated Universal Time)<\/p><p><strong>2007<\/strong><\/p><p>Kellosepp\u00e4koulu Lepp\u00e4vaaraan<\/p><p><strong>L\u00e4hde:\u00a0 <\/strong>Kello- ja korumuseo Kruunu<\/p>\t\t\t\t\t\t<\/div>\n\t\t\t\t<\/div>\n\t\t\t\t\t<\/div>\n\t\t<\/div>\n\t\t\t\t\t\t\t<\/div>\n\t\t<\/section>\n\t\t\t\t<section class=\"elementor-section elementor-top-section elementor-element elementor-element-d794258 elementor-section-boxed elementor-section-height-default elementor-section-height-default\" data-id=\"d794258\" data-element_type=\"section\" data-settings=\"{&quot;background_background&quot;:&quot;classic&quot;}\">\n\t\t\t\t\t\t<div class=\"elementor-container elementor-column-gap-default\">\n\t\t\t\t\t<div class=\"elementor-column elementor-col-100 elementor-top-column elementor-element elementor-element-cd1e4ab\" data-id=\"cd1e4ab\" data-element_type=\"column\">\n\t\t\t<div class=\"elementor-widget-wrap elementor-element-populated\">\n\t\t\t\t\t\t\t\t<div class=\"elementor-element elementor-element-ad24fb9 eael-product-grid-column-3 elementor-widget elementor-widget-eicon-woocommerce\" data-id=\"ad24fb9\" data-element_type=\"widget\" data-widget_type=\"eicon-woocommerce.default\">\n\t\t\t\t<div class=\"elementor-widget-container\">\n\t\t\t\n        <div class=\"eael-product-grid eael-product-default grid\" id=\"eael-product-grid\" data-widget-id=\"ad24fb9\" data-page-id=\"3144\" data-nonce=\"dae775d6a3\" >\n            <div class=\"woocommerce\">\n                <ul class=\"products\" data-layout-mode=\"grid\"><li class=\"product type-product post-7404 status-publish first instock product_cat-kellot product_cat-miesten-peruskellot product_cat-miesten-rannekellot product_tag-kellot product_tag-miesten-rannekellot product_tag-rannekello product_tag-sveitsilaiset-kellot has-post-thumbnail shipping-taxable product-type-simple\">\n\t<\/li>\n<li class=\"product type-product post-7394 status-publish instock product_cat-kellot product_cat-muistot-ja-tarinat product_cat-naisten-rannekellot product_tag-kellot product_tag-naisten-rannekellot has-post-thumbnail shipping-taxable product-type-simple\">\n\t<\/li>\n<li class=\"product type-product post-7027 status-publish instock product_cat-kellot product_cat-miesten-peruskellot product_tag-1980-luku product_tag-casio product_tag-japanilainen product_tag-kellot product_tag-miesten-peruskello product_tag-miesten-rannekellot product_tag-rannekello has-post-thumbnail shipping-taxable product-type-simple\">\n\t<\/li>\n<\/ul><nav id='ad24fb9-eael-pagination' class='eael-woo-pagination' data-plimit='3' data-totalpage ='50' data-widgetid='ad24fb9' data-pageid='3144' data-args='post_type=product&post_status%5B0%5D=publish&post_status%5B1%5D=pending&post_status%5B2%5D=future&posts_per_page=3&order=desc&offset=0&tax_query%5B0%5D%5Btaxonomy%5D=product_cat&tax_query%5B0%5D%5Bfield%5D=slug&tax_query%5B0%5D%5Bterms%5D%5B0%5D=kellot&tax_query%5B0%5D%5Boperator%5D=IN&orderby=date&meta_query%5Brelation%5D=AND&max_page=17&total_post=50'  data-template='{\"dir\":\"free\",\"file_name\":\"default\",\"name\":\"eicon-woocommerce\"}'><ul class='page-numbers'><li><a href='javascript:void(0);' id='post' class='page-numbers current' data-pnumber='1'>1<\/a><\/li><li><a href='javascript:void(0);' id='post' class='page-numbers ' data-pnumber='2'>2<\/a><\/li><li><a href='javascript:void(0);' id='post' class='page-numbers ' data-pnumber='3'>3<\/a><\/li><li><a href='javascript:void(0);' id='post' class='page-numbers ' data-pnumber='4'>4<\/a><\/li><li><a href='javascript:void(0);' id='post' class='page-numbers ' data-pnumber='5'>5<\/a><\/li><li><a href='javascript:void(0);' id='post' class='page-numbers ' data-pnumber='6'>6<\/a><\/li><li><a href='javascript:void(0);' id='post' class='page-numbers ' data-pnumber='7'>7<\/a><\/li><li><a href='javascript:void(0);' id='post' class='page-numbers ' data-pnumber='8'>8<\/a><\/li><li class='pagitext dots'>...<\/li><li><a href='javascript:void(0);' id='post' class='page-numbers ' data-pnumber='9'>9<\/a><\/li><li class='pagitext'><a href='javascript:void(0);' class='page-numbers' data-pnumber='2'>\u2192<\/a><\/li><\/ul><\/nav>            <div class=\"eael-load-more-button-wrap eael-force-hide\">\n                <button class=\"eael-load-more-button\" id=\"eael-load-more-btn-ad24fb9\" data-widget-id=\"ad24fb9\" data-widget=\"ad24fb9\" data-page-id=\"3144\" data-template=\"{&quot;dir&quot;:&quot;lite&quot;,&quot;file_name&quot;:&quot;default.php&quot;,&quot;name&quot;:&quot;Eicon-Woocommerce&quot;}\" data-class=\"Essential_Addons_Elementor\\Elements\\Product_Grid\" data-layout=\"grid\" data-page=\"1\" data-args=\"post_type=product&amp;post_status%5B0%5D=publish&amp;post_status%5B1%5D=pending&amp;post_status%5B2%5D=future&amp;posts_per_page=3&amp;order=desc&amp;offset=0&amp;tax_query%5B0%5D%5Btaxonomy%5D=product_cat&amp;tax_query%5B0%5D%5Bfield%5D=slug&amp;tax_query%5B0%5D%5Bterms%5D%5B0%5D=kellot&amp;tax_query%5B0%5D%5Boperator%5D=IN&amp;orderby=date&amp;meta_query%5Brelation%5D=AND&amp;total_post=50\" data-max-page=\"17\">\n                    <span class=\"eael-btn-loader button__loader\"><\/span>\n                    <span class=\"eael_load_more_text\"><\/span>\n                <\/button>\n            <\/div>\n                    <\/div>\n        <\/div>\n\n        <script type=\"text\/javascript\">\n            jQuery(document).ready(function($) {\n                var $scope = jQuery(\".elementor-element-ad24fb9\");\n                var $products = $('.products', $scope);\n                var $layout_mode = $products.data('layout-mode');\n                \n                if ( $layout_mode === 'masonry' ) {\n                    \/\/ init isotope\n                    var $isotope_products = $products.isotope({\n                        itemSelector: \"li.product\",\n                        layoutMode: $layout_mode,\n                        percentPosition: true\n                    });\n\n                    $isotope_products.imagesLoaded().progress( function() {\n                        $isotope_products.isotope('layout');\n                    })\n\n                    $(window).on('resize', function() {\n                        $isotope_products.isotope('layout');\n                    });\n                }\n            });\n        <\/script>\n        \t\t<\/div>\n\t\t\t\t<\/div>\n\t\t\t\t\t<\/div>\n\t\t<\/div>\n\t\t\t\t\t\t\t<\/div>\n\t\t<\/section>\n\t\t\t\t\t\t\t<\/div>\n\t\t","protected":false},"excerpt":{"rendered":"<p>Ajan lyhyt historia Aika Aika on kahden hetken v\u00e4li. Aikaa on mitattu jo vuosituhansia maapallon liikkeiden perusteella. Maa py\u00f6r\u00e4ht\u00e4\u00e4 akselinsa ymp\u00e4ri vuorokaudessaKuu kiert\u00e4\u00e4 maan kuukakudessa.Maa kiert\u00e4\u00e4 auringon vuodessa. Aluksi aikaa mitattiin seuraamalla auringon paikkaa taivaalla. n. 2200 eKr. Stonehengen kivipaasia k\u00e4ytettiin mahdollisesti ajan mittaukseen. n. 1500 eKr. Aurinkokello Egyptiss\u00e4. Gnomonin varjo lankeaa eri aikoina kellotaulun [&hellip;]<\/p>\n","protected":false},"author":2,"featured_media":0,"parent":0,"menu_order":0,"comment_status":"closed","ping_status":"closed","template":"elementor_header_footer","meta":[],"_links":{"self":[{"href":"https:\/\/www.kellomuseo.fi\/holvi\/wp-json\/wp\/v2\/pages\/3144"}],"collection":[{"href":"https:\/\/www.kellomuseo.fi\/holvi\/wp-json\/wp\/v2\/pages"}],"about":[{"href":"https:\/\/www.kellomuseo.fi\/holvi\/wp-json\/wp\/v2\/types\/page"}],"author":[{"embeddable":true,"href":"https:\/\/www.kellomuseo.fi\/holvi\/wp-json\/wp\/v2\/users\/2"}],"replies":[{"embeddable":true,"href":"https:\/\/www.kellomuseo.fi\/holvi\/wp-json\/wp\/v2\/comments?post=3144"}],"version-history":[{"count":22,"href":"https:\/\/www.kellomuseo.fi\/holvi\/wp-json\/wp\/v2\/pages\/3144\/revisions"}],"predecessor-version":[{"id":6990,"href":"https:\/\/www.kellomuseo.fi\/holvi\/wp-json\/wp\/v2\/pages\/3144\/revisions\/6990"}],"wp:attachment":[{"href":"https:\/\/www.kellomuseo.fi\/holvi\/wp-json\/wp\/v2\/media?parent=3144"}],"curies":[{"name":"wp","href":"https:\/\/api.w.org\/{rel}","templated":true}]}}