{"id":2784,"date":"2022-01-11T14:09:49","date_gmt":"2022-01-11T12:09:49","guid":{"rendered":"https:\/\/www.kellomuseo.fi\/holvi\/?page_id=2784"},"modified":"2022-02-16T09:55:36","modified_gmt":"2022-02-16T07:55:36","slug":"kellotelineet","status":"publish","type":"page","link":"https:\/\/www.kellomuseo.fi\/holvi\/kellotelineet\/","title":{"rendered":"Kellotelineet"},"content":{"rendered":"\t\t<div data-elementor-type=\"wp-page\" data-elementor-id=\"2784\" class=\"elementor elementor-2784\">\n\t\t\t\t\t\t\t\t\t<section class=\"elementor-section elementor-top-section elementor-element elementor-element-e9a16f9 elementor-section-boxed elementor-section-height-default elementor-section-height-default\" data-id=\"e9a16f9\" data-element_type=\"section\" data-settings=\"{&quot;background_background&quot;:&quot;classic&quot;}\">\n\t\t\t\t\t\t<div class=\"elementor-container elementor-column-gap-default\">\n\t\t\t\t\t<div class=\"elementor-column elementor-col-100 elementor-top-column elementor-element elementor-element-107a489\" data-id=\"107a489\" data-element_type=\"column\">\n\t\t\t<div class=\"elementor-widget-wrap elementor-element-populated\">\n\t\t\t\t\t\t\t\t<div class=\"elementor-element elementor-element-74a7c2a elementor-widget elementor-widget-heading\" data-id=\"74a7c2a\" data-element_type=\"widget\" data-widget_type=\"heading.default\">\n\t\t\t\t<div class=\"elementor-widget-container\">\n\t\t\t<style>\/*! elementor - v3.17.0 - 01-11-2023 *\/\n.elementor-heading-title{padding:0;margin:0;line-height:1}.elementor-widget-heading .elementor-heading-title[class*=elementor-size-]>a{color:inherit;font-size:inherit;line-height:inherit}.elementor-widget-heading .elementor-heading-title.elementor-size-small{font-size:15px}.elementor-widget-heading .elementor-heading-title.elementor-size-medium{font-size:19px}.elementor-widget-heading .elementor-heading-title.elementor-size-large{font-size:29px}.elementor-widget-heading .elementor-heading-title.elementor-size-xl{font-size:39px}.elementor-widget-heading .elementor-heading-title.elementor-size-xxl{font-size:59px}<\/style><h2 class=\"elementor-heading-title elementor-size-default\">Kellotelineet<\/h2>\t\t<\/div>\n\t\t\t\t<\/div>\n\t\t\t\t<div class=\"elementor-element elementor-element-1dc1d51 elementor-widget elementor-widget-text-editor\" data-id=\"1dc1d51\" data-element_type=\"widget\" data-widget_type=\"text-editor.default\">\n\t\t\t\t<div class=\"elementor-widget-container\">\n\t\t\t<style>\/*! elementor - v3.17.0 - 01-11-2023 *\/\n.elementor-widget-text-editor.elementor-drop-cap-view-stacked .elementor-drop-cap{background-color:#69727d;color:#fff}.elementor-widget-text-editor.elementor-drop-cap-view-framed .elementor-drop-cap{color:#69727d;border:3px solid;background-color:transparent}.elementor-widget-text-editor:not(.elementor-drop-cap-view-default) .elementor-drop-cap{margin-top:8px}.elementor-widget-text-editor:not(.elementor-drop-cap-view-default) .elementor-drop-cap-letter{width:1em;height:1em}.elementor-widget-text-editor .elementor-drop-cap{float:left;text-align:center;line-height:1;font-size:50px}.elementor-widget-text-editor .elementor-drop-cap-letter{display:inline-block}<\/style>\t\t\t\t<p>T\u00e4m\u00e4n p\u00e4iv\u00e4n kellonk\u00e4ytt\u00e4j\u00e4lle kellotelineet esineryhm\u00e4n\u00e4 saattaa olla varsin tuntematon. Kellotelineit\u00e4 oli kuitenkin k\u00e4yt\u00f6ss\u00e4 l\u00e4hes jokaisessa taloudessa eri muodoissa tasku- ja riipuskellojen aikakausilla. Kellotelineet olivat k\u00e4yt\u00f6ss\u00e4 silloin kun kelloa ei kannettu mukana. Kello ripustettiin sille tarkoitettuun telineeseen, jossa se n\u00e4kyi ja s\u00e4ilyi hyvin kolhiintumiselta ja koneiston vahingoittumiselta. K\u00e4ytt\u00f6esinein\u00e4 kellotelineet poistuivat jo runsaat 50 vuotta sitten ja siirtyiv\u00e4t ker\u00e4ilij\u00f6iden ja museoiden kokoelmiin. Nykyajan matkapuhelimien telineet ja lataustelakat ovat leikkis\u00e4sti verrattavissa t\u00e4h\u00e4n esineryhm\u00e4\u00e4n.<\/p><p>\u00a0<\/p><p>Kellotelineiden k\u00e4ytt\u00f6historia alkoi 1600-loppupuolella ja jatkui aina 1900-luvun puoliv\u00e4liin. Ajanjakso on ollut tasku- ja riipuskellojen suurta aikakautta. N\u00e4iden k\u00e4yt\u00f6n v\u00e4hentyess\u00e4, ja l\u00e4hes poistuttua kokonaan rannekellojen yleistytty\u00e4, my\u00f6s kellotelineiden elinkaaren voidaan sanoa p\u00e4\u00e4ttyneen. Kotien sisustuksissa kellotelineill\u00e4 on ollut huomattava rooli. Parhaimmillaan ne ovat olleet omistajansa varallisuutta korostavia sisustuselementtej\u00e4 ja tekij\u00e4ns\u00e4 mielikuvituksesta kertovia koriste-esineit\u00e4.<\/p><p>\u00a0<\/p><p>Kellotelineiden ulkomuoto on vaihdellut eri aikakausien vallitsevien tyylisuuntien ja materiaalien mukaan. Ensimm\u00e4isten kellotelineiden esikuvina olivat \u201doikeat kellot\u201d kuten sein\u00e4kellot ja my\u00f6hemmin my\u00f6s p\u00f6yt\u00e4kellot, jotka olivat varsin uusi ilmi\u00f6 1600-luvun j\u00e4lkipuoliskolla. 1700-luvulla kullatusta pronssista valmistetut kellotelineet olivat saaneet esikuvansa kullatuista rokokoo-pendyyleist\u00e4, jotka olivat muodikkaita ja suosittuja kodin koristajia Euroopassa.<\/p><p>\u00a0<\/p><p>1700-luvun taskukellotelineet ovat suurelta osin valmistettu yksitt\u00e4iskappaleina. Hienoimmat ja viimeistellyimm\u00e4t ovat kaupunkimestareiden, puuseppien ja veist\u00e4jien valmistamia. Niiss\u00e4 k\u00e4ytetty materiaali on useimmiten ollut puuta. Toistuvuutta t\u00e4m\u00e4n ajan telineiss\u00e4 ei juuri esiinny, joten mallit ovat hyvin yksil\u00f6llisi\u00e4, tekij\u00e4ns\u00e4 omia malleja. 1700-luvun komea miesten ylellisyysesine, taskukello, sai my\u00f6s arvonsa mukaisen telineen.<\/p><p>\u00a0<\/p><p>1700-luvun loppua kohden taskukellot yleistyiv\u00e4t Euroopassa. P\u00e4ivitt\u00e4in kelloa kantoivat taskussaan s\u00e4\u00e4tyl\u00e4isten lis\u00e4ksi jo varakkaimmat porvarit. Y\u00f6n ajaksi kello asetettiin telineeseen y\u00f6p\u00f6yd\u00e4lle tai ripustettiin s\u00e4ngyn viereen sein\u00e4koukkuun\/naulaan, jossa oli brodeerattu kellotyyny pehmikkeen\u00e4. Kelloteline siirtyi salongista makuukamariin ja samalla sen eleganssi my\u00f6s heikkeni.<\/p><p>\u00a0<\/p><p>1800-luvun alkupuolella erityisesti Staffordshiren alueen pajoissa Englannissa, ryhdyttiin valmistamaan fajanssisia kellotelineit\u00e4 s\u00e4nkykamarik\u00e4ytt\u00f6\u00f6n. 1800-luvun j\u00e4lkipuoliskolla valmistettiin valtavia m\u00e4\u00e4ri\u00e4 kellotelineit\u00e4 k\u00e4sity\u00f6n\u00e4. Taskukello kulki jo l\u00e4hes jokaisen miehen taskussa. Hinnat olivat kasvavan teollisen tuotannon my\u00f6t\u00e4 halventuneet ja kellot yleistyneet. K\u00e4sist\u00e4\u00e4n taitavat neidit brodeerasivat kellotyynyj\u00e4 silkist\u00e4 ja sametista lahjoiksi mielitietyilleen.<\/p><p>\u00a0<\/p><p>Erilaisten raaka-aineiden k\u00e4ytt\u00f6 lis\u00e4\u00e4ntyi 180-luvulla ja kellotelineit\u00e4 tehtiin k\u00e4ytt\u00e4en mit\u00e4 mielikuvituksellisimpia koristeluita ja muotteja. El\u00e4in-, rakennus-, enkeli-, luonto-, henkil\u00f6-, kello- ja soitin-aiheet kuten monet muut motiivit sek\u00e4 materiaalit marmorista nahkaan ja simpukoista metallipunokseen olivat k\u00e4yt\u00f6ss\u00e4 kellotelineiss\u00e4. Kellotelineiss\u00e4 on saattanut runsaan koristeellisuutensa vuoksi olla p\u00e4\u00e4osassa jotain aivan muutakin kuin itse kello.<\/p><p>\u00a0<\/p><p>1800-luvun j\u00e4lkipuoliskolla naisten riipuskellot yleistyiv\u00e4t. N\u00e4it\u00e4 k\u00e4ytettiin kaulakorun tapaan kaulassa sek\u00e4 asusteena. N\u00e4m\u00e4 korumaiset ja sirot, taskukelloja muistuttavat kellot, olivat yleinen kihlajaislahja Suomessakin. Riipuskellojen suosio johti oman kello- ja korutelineen kehittymiseen. Riipuskellojen telineiss\u00e4 oli oma paikkansa, kuten lasimalja tai lokero, kellon ketjulle. Naisten asuihin kiinnitetyiss\u00e4 kelloissa oli aluksi jopa metrin mittainen ketju, jolla varmistettiin kellon s\u00e4ilyminen. My\u00f6s sormuksia ja kolikoita saatettiin s\u00e4ilytt\u00e4\u00e4 kellotelineiden maljoissa. <br \/>Huikeita poikkeuksia l\u00f6ytyy t\u00e4st\u00e4kin esineryhm\u00e4st\u00e4. Hienoimmillaan kelloteline veti, s\u00e4\u00e4ti ja asetti aikaan siihen asetetun taskukellon, kuten kuuluisan kellosepp\u00e4 Abraham-Louis Breguetin valmistamat Sympathique \u2013 p\u00f6yt\u00e4kellot 1800-luvun alussa.<\/p><p>\u00a0<\/p><p>Kellotelineiden valmistajien tunnistaminen ja i\u00e4n m\u00e4\u00e4rittely on haastavaa. Yleens\u00e4 valmistajat eiv\u00e4t ole signeeranneet tai tehneet valmistusmerkint\u00f6j\u00e4 kellotelineisiin. Kellotelineiden tyyli\u00e4 voidaan k\u00e4ytt\u00e4\u00e4 yhten\u00e4 tunnistamisen apuv\u00e4lineen\u00e4 kuten my\u00f6s kellolle tarkoitetun taskun tai muun tilan kokoa. Mit\u00e4 suurempi tila kellolle on varattu sit\u00e4 vanhemmalle kellolle teline on todenn\u00e4k\u00f6isesti valmistettu.<\/p><p>\u00a0<\/p><p>Suomessa kellotelineit\u00e4 valmistettu p\u00e4\u00e4asiassa yksitt\u00e4iskappaleina, mutta my\u00f6s muutaman ruukin tuoteluetteloissa on kuvia kellotelineist\u00e4. Suomalaisen itseoppineen kuvanveist\u00e4j\u00e4 Erkki Lahden alias Pitti-Pojan (1816-1858) tiedet\u00e4\u00e4n valmistaneen puusta lukematon m\u00e4\u00e4r\u00e4 hyvin erilaisia kellotelineit\u00e4. Pitti-Pojan telineet muistuttavat muodoltaan Pohjanmaalaisia lattiakelloja, mutta my\u00f6s ulkomaisia vaikutteita kreikkalaisesta mytologiasta ja klassisesta arkkitehtuurista on k\u00e4ytetty, unohtamatta kuvanveist\u00e4j\u00e4n humoristisempia kellotelineit\u00e4.<\/p><p>\u00a0<\/p><p><strong>L\u00e4hde:\u00a0<\/strong>Suomen Kellomuseo<\/p>\t\t\t\t\t\t<\/div>\n\t\t\t\t<\/div>\n\t\t\t\t\t<\/div>\n\t\t<\/div>\n\t\t\t\t\t\t\t<\/div>\n\t\t<\/section>\n\t\t\t\t<section class=\"elementor-section elementor-top-section elementor-element elementor-element-4967d5c6 elementor-section-boxed elementor-section-height-default elementor-section-height-default\" data-id=\"4967d5c6\" data-element_type=\"section\" data-settings=\"{&quot;background_background&quot;:&quot;classic&quot;}\">\n\t\t\t\t\t\t<div class=\"elementor-container elementor-column-gap-default\">\n\t\t\t\t\t<div class=\"elementor-column elementor-col-100 elementor-top-column elementor-element elementor-element-2ed1be7d\" data-id=\"2ed1be7d\" data-element_type=\"column\">\n\t\t\t<div class=\"elementor-widget-wrap elementor-element-populated\">\n\t\t\t\t\t\t\t\t<div class=\"elementor-element elementor-element-4394bd61 eael-product-grid-column-4 elementor-widget elementor-widget-eicon-woocommerce\" data-id=\"4394bd61\" data-element_type=\"widget\" data-widget_type=\"eicon-woocommerce.default\">\n\t\t\t\t<div class=\"elementor-widget-container\">\n\t\t\t\n        <div class=\"eael-product-grid eael-product-default grid\" id=\"eael-product-grid\" data-widget-id=\"4394bd61\" data-page-id=\"2784\" data-nonce=\"2a6d9a87df\" >\n            <div class=\"woocommerce\">\n                <p class=\"no-posts-found\">No posts found!<\/p>            <\/div>\n        <\/div>\n\n        <script type=\"text\/javascript\">\n            jQuery(document).ready(function($) {\n                var $scope = jQuery(\".elementor-element-4394bd61\");\n                var $products = $('.products', $scope);\n                var $layout_mode = $products.data('layout-mode');\n                \n                if ( $layout_mode === 'masonry' ) {\n                    \/\/ init isotope\n                    var $isotope_products = $products.isotope({\n                        itemSelector: \"li.product\",\n                        layoutMode: $layout_mode,\n                        percentPosition: true\n                    });\n\n                    $isotope_products.imagesLoaded().progress( function() {\n                        $isotope_products.isotope('layout');\n                    })\n\n                    $(window).on('resize', function() {\n                        $isotope_products.isotope('layout');\n                    });\n                }\n            });\n        <\/script>\n        \t\t<\/div>\n\t\t\t\t<\/div>\n\t\t\t\t\t<\/div>\n\t\t<\/div>\n\t\t\t\t\t\t\t<\/div>\n\t\t<\/section>\n\t\t\t\t\t\t\t<\/div>\n\t\t","protected":false},"excerpt":{"rendered":"<p>Kellotelineet T\u00e4m\u00e4n p\u00e4iv\u00e4n kellonk\u00e4ytt\u00e4j\u00e4lle kellotelineet esineryhm\u00e4n\u00e4 saattaa olla varsin tuntematon. Kellotelineit\u00e4 oli kuitenkin k\u00e4yt\u00f6ss\u00e4 l\u00e4hes jokaisessa taloudessa eri muodoissa tasku- ja riipuskellojen aikakausilla. Kellotelineet olivat k\u00e4yt\u00f6ss\u00e4 silloin kun kelloa ei kannettu mukana. Kello ripustettiin sille tarkoitettuun telineeseen, jossa se n\u00e4kyi ja s\u00e4ilyi hyvin kolhiintumiselta ja koneiston vahingoittumiselta. K\u00e4ytt\u00f6esinein\u00e4 kellotelineet poistuivat jo runsaat 50 vuotta sitten [&hellip;]<\/p>\n","protected":false},"author":2,"featured_media":0,"parent":0,"menu_order":0,"comment_status":"closed","ping_status":"closed","template":"elementor_header_footer","meta":[],"_links":{"self":[{"href":"https:\/\/www.kellomuseo.fi\/holvi\/wp-json\/wp\/v2\/pages\/2784"}],"collection":[{"href":"https:\/\/www.kellomuseo.fi\/holvi\/wp-json\/wp\/v2\/pages"}],"about":[{"href":"https:\/\/www.kellomuseo.fi\/holvi\/wp-json\/wp\/v2\/types\/page"}],"author":[{"embeddable":true,"href":"https:\/\/www.kellomuseo.fi\/holvi\/wp-json\/wp\/v2\/users\/2"}],"replies":[{"embeddable":true,"href":"https:\/\/www.kellomuseo.fi\/holvi\/wp-json\/wp\/v2\/comments?post=2784"}],"version-history":[{"count":17,"href":"https:\/\/www.kellomuseo.fi\/holvi\/wp-json\/wp\/v2\/pages\/2784\/revisions"}],"predecessor-version":[{"id":5464,"href":"https:\/\/www.kellomuseo.fi\/holvi\/wp-json\/wp\/v2\/pages\/2784\/revisions\/5464"}],"wp:attachment":[{"href":"https:\/\/www.kellomuseo.fi\/holvi\/wp-json\/wp\/v2\/media?parent=2784"}],"curies":[{"name":"wp","href":"https:\/\/api.w.org\/{rel}","templated":true}]}}