{"id":2753,"date":"2022-01-11T13:57:37","date_gmt":"2022-01-11T11:57:37","guid":{"rendered":"https:\/\/www.kellomuseo.fi\/holvi\/?page_id=2753"},"modified":"2022-03-03T13:38:37","modified_gmt":"2022-03-03T11:38:37","slug":"aly-urheilukellot","status":"publish","type":"page","link":"https:\/\/www.kellomuseo.fi\/holvi\/aly-urheilukellot\/","title":{"rendered":"\u00c4ly \/ urheilukellot"},"content":{"rendered":"\t\t<div data-elementor-type=\"wp-page\" data-elementor-id=\"2753\" class=\"elementor elementor-2753\">\n\t\t\t\t\t\t\t\t\t<section class=\"elementor-section elementor-top-section elementor-element elementor-element-e9a16f9 elementor-section-boxed elementor-section-height-default elementor-section-height-default\" data-id=\"e9a16f9\" data-element_type=\"section\" data-settings=\"{&quot;background_background&quot;:&quot;classic&quot;}\">\n\t\t\t\t\t\t<div class=\"elementor-container elementor-column-gap-default\">\n\t\t\t\t\t<div class=\"elementor-column elementor-col-100 elementor-top-column elementor-element elementor-element-107a489\" data-id=\"107a489\" data-element_type=\"column\">\n\t\t\t<div class=\"elementor-widget-wrap elementor-element-populated\">\n\t\t\t\t\t\t\t\t<div class=\"elementor-element elementor-element-74a7c2a elementor-widget elementor-widget-heading\" data-id=\"74a7c2a\" data-element_type=\"widget\" data-widget_type=\"heading.default\">\n\t\t\t\t<div class=\"elementor-widget-container\">\n\t\t\t<style>\/*! elementor - v3.17.0 - 01-11-2023 *\/\n.elementor-heading-title{padding:0;margin:0;line-height:1}.elementor-widget-heading .elementor-heading-title[class*=elementor-size-]>a{color:inherit;font-size:inherit;line-height:inherit}.elementor-widget-heading .elementor-heading-title.elementor-size-small{font-size:15px}.elementor-widget-heading .elementor-heading-title.elementor-size-medium{font-size:19px}.elementor-widget-heading .elementor-heading-title.elementor-size-large{font-size:29px}.elementor-widget-heading .elementor-heading-title.elementor-size-xl{font-size:39px}.elementor-widget-heading .elementor-heading-title.elementor-size-xxl{font-size:59px}<\/style><h2 class=\"elementor-heading-title elementor-size-default\">\u00c4ly\/urheilukellot<\/h2>\t\t<\/div>\n\t\t\t\t<\/div>\n\t\t\t\t<div class=\"elementor-element elementor-element-1dc1d51 elementor-widget elementor-widget-text-editor\" data-id=\"1dc1d51\" data-element_type=\"widget\" data-widget_type=\"text-editor.default\">\n\t\t\t\t<div class=\"elementor-widget-container\">\n\t\t\t<style>\/*! elementor - v3.17.0 - 01-11-2023 *\/\n.elementor-widget-text-editor.elementor-drop-cap-view-stacked .elementor-drop-cap{background-color:#69727d;color:#fff}.elementor-widget-text-editor.elementor-drop-cap-view-framed .elementor-drop-cap{color:#69727d;border:3px solid;background-color:transparent}.elementor-widget-text-editor:not(.elementor-drop-cap-view-default) .elementor-drop-cap{margin-top:8px}.elementor-widget-text-editor:not(.elementor-drop-cap-view-default) .elementor-drop-cap-letter{width:1em;height:1em}.elementor-widget-text-editor .elementor-drop-cap{float:left;text-align:center;line-height:1;font-size:50px}.elementor-widget-text-editor .elementor-drop-cap-letter{display:inline-block}<\/style>\t\t\t\t<p>Nykyteknologia on mahdollistanut lis\u00e4t\u00e4 rannekelloihin joukon erilaisia ominaisuuksia ja se on samalla synnytt\u00e4nyt uuden rannekellotyypin. Ensimm\u00e4isiin erikoiskelloihin voidaan laskea sukeltajan kellot, purjehtijan kellot, sotilaskellot ja lent\u00e4j\u00e4n kellot. \u00c4ly- tai urheilukelloissa on useita eri toiminnallisuuksia ajan n\u00e4yt\u00f6n lis\u00e4ksi. Kello voi mitata sykett\u00e4, unirytmi\u00e4, aktiviisuutta, matkaa vain muutamia funktioita mainitaksemme. Jotkut kutsuvatkin niit\u00e4 ranteessa pidett\u00e4viksi pienoistietokoneiksi. Kellot ovat yleens\u00e4 isokokoisia ja valmistettu kest\u00e4vist\u00e4 materiaaleista.<\/p><p>Suomalainen Suunto sek\u00e4 Polar ja Garmin ovat tunnettuja \u00e4ly\/urheilukellojen valmistajia. Monet puhelinvalmistajat, kuten Apple, Samsung, Huawei, Honor, ovat tuoneet markkinoille my\u00f6s oman \u00e4lykellonsa.<\/p>\t\t\t\t\t\t<\/div>\n\t\t\t\t<\/div>\n\t\t\t\t\t<\/div>\n\t\t<\/div>\n\t\t\t\t\t\t\t<\/div>\n\t\t<\/section>\n\t\t\t\t<section class=\"elementor-section elementor-top-section elementor-element elementor-element-3237210d elementor-section-boxed elementor-section-height-default elementor-section-height-default\" data-id=\"3237210d\" data-element_type=\"section\" data-settings=\"{&quot;background_background&quot;:&quot;classic&quot;}\">\n\t\t\t\t\t\t<div class=\"elementor-container elementor-column-gap-default\">\n\t\t\t\t\t<div class=\"elementor-column elementor-col-100 elementor-top-column elementor-element elementor-element-67b7245\" data-id=\"67b7245\" data-element_type=\"column\">\n\t\t\t<div class=\"elementor-widget-wrap elementor-element-populated\">\n\t\t\t\t\t\t\t\t<div class=\"elementor-element elementor-element-29db1164 eael-product-grid-column-4 elementor-widget elementor-widget-eicon-woocommerce\" data-id=\"29db1164\" data-element_type=\"widget\" data-widget_type=\"eicon-woocommerce.default\">\n\t\t\t\t<div class=\"elementor-widget-container\">\n\t\t\t\n        <div class=\"eael-product-grid eael-product-default grid\" id=\"eael-product-grid\" data-widget-id=\"29db1164\" data-page-id=\"2753\" data-nonce=\"738a990e65\" >\n            <div class=\"woocommerce\">\n                <p class=\"no-posts-found\">No posts found!<\/p>            <\/div>\n        <\/div>\n\n        <script type=\"text\/javascript\">\n            jQuery(document).ready(function($) {\n                var $scope = jQuery(\".elementor-element-29db1164\");\n                var $products = $('.products', $scope);\n                var $layout_mode = $products.data('layout-mode');\n                \n                if ( $layout_mode === 'masonry' ) {\n                    \/\/ init isotope\n                    var $isotope_products = $products.isotope({\n                        itemSelector: \"li.product\",\n                        layoutMode: $layout_mode,\n                        percentPosition: true\n                    });\n\n                    $isotope_products.imagesLoaded().progress( function() {\n                        $isotope_products.isotope('layout');\n                    })\n\n                    $(window).on('resize', function() {\n                        $isotope_products.isotope('layout');\n                    });\n                }\n            });\n        <\/script>\n        \t\t<\/div>\n\t\t\t\t<\/div>\n\t\t\t\t\t<\/div>\n\t\t<\/div>\n\t\t\t\t\t\t\t<\/div>\n\t\t<\/section>\n\t\t\t\t\t\t\t<\/div>\n\t\t","protected":false},"excerpt":{"rendered":"<p>\u00c4ly\/urheilukellot Nykyteknologia on mahdollistanut lis\u00e4t\u00e4 rannekelloihin joukon erilaisia ominaisuuksia ja se on samalla synnytt\u00e4nyt uuden rannekellotyypin. Ensimm\u00e4isiin erikoiskelloihin voidaan laskea sukeltajan kellot, purjehtijan kellot, sotilaskellot ja lent\u00e4j\u00e4n kellot. \u00c4ly- tai urheilukelloissa on useita eri toiminnallisuuksia ajan n\u00e4yt\u00f6n lis\u00e4ksi. Kello voi mitata sykett\u00e4, unirytmi\u00e4, aktiviisuutta, matkaa vain muutamia funktioita mainitaksemme. Jotkut kutsuvatkin niit\u00e4 ranteessa pidett\u00e4viksi pienoistietokoneiksi. [&hellip;]<\/p>\n","protected":false},"author":2,"featured_media":0,"parent":0,"menu_order":0,"comment_status":"closed","ping_status":"closed","template":"elementor_header_footer","meta":[],"_links":{"self":[{"href":"https:\/\/www.kellomuseo.fi\/holvi\/wp-json\/wp\/v2\/pages\/2753"}],"collection":[{"href":"https:\/\/www.kellomuseo.fi\/holvi\/wp-json\/wp\/v2\/pages"}],"about":[{"href":"https:\/\/www.kellomuseo.fi\/holvi\/wp-json\/wp\/v2\/types\/page"}],"author":[{"embeddable":true,"href":"https:\/\/www.kellomuseo.fi\/holvi\/wp-json\/wp\/v2\/users\/2"}],"replies":[{"embeddable":true,"href":"https:\/\/www.kellomuseo.fi\/holvi\/wp-json\/wp\/v2\/comments?post=2753"}],"version-history":[{"count":17,"href":"https:\/\/www.kellomuseo.fi\/holvi\/wp-json\/wp\/v2\/pages\/2753\/revisions"}],"predecessor-version":[{"id":5871,"href":"https:\/\/www.kellomuseo.fi\/holvi\/wp-json\/wp\/v2\/pages\/2753\/revisions\/5871"}],"wp:attachment":[{"href":"https:\/\/www.kellomuseo.fi\/holvi\/wp-json\/wp\/v2\/media?parent=2753"}],"curies":[{"name":"wp","href":"https:\/\/api.w.org\/{rel}","templated":true}]}}