{"id":2746,"date":"2022-01-11T13:55:58","date_gmt":"2022-01-11T11:55:58","guid":{"rendered":"https:\/\/www.kellomuseo.fi\/holvi\/?page_id=2746"},"modified":"2022-03-03T13:01:04","modified_gmt":"2022-03-03T11:01:04","slug":"sukeltajankellot","status":"publish","type":"page","link":"https:\/\/www.kellomuseo.fi\/holvi\/sukeltajankellot\/","title":{"rendered":"Sukeltajankellot"},"content":{"rendered":"\t\t<div data-elementor-type=\"wp-page\" data-elementor-id=\"2746\" class=\"elementor elementor-2746\">\n\t\t\t\t\t\t\t\t\t<section class=\"elementor-section elementor-top-section elementor-element elementor-element-e9a16f9 elementor-section-boxed elementor-section-height-default elementor-section-height-default\" data-id=\"e9a16f9\" data-element_type=\"section\" data-settings=\"{&quot;background_background&quot;:&quot;classic&quot;}\">\n\t\t\t\t\t\t<div class=\"elementor-container elementor-column-gap-default\">\n\t\t\t\t\t<div class=\"elementor-column elementor-col-100 elementor-top-column elementor-element elementor-element-107a489\" data-id=\"107a489\" data-element_type=\"column\">\n\t\t\t<div class=\"elementor-widget-wrap elementor-element-populated\">\n\t\t\t\t\t\t\t\t<div class=\"elementor-element elementor-element-74a7c2a elementor-widget elementor-widget-heading\" data-id=\"74a7c2a\" data-element_type=\"widget\" data-widget_type=\"heading.default\">\n\t\t\t\t<div class=\"elementor-widget-container\">\n\t\t\t<style>\/*! elementor - v3.17.0 - 01-11-2023 *\/\n.elementor-heading-title{padding:0;margin:0;line-height:1}.elementor-widget-heading .elementor-heading-title[class*=elementor-size-]>a{color:inherit;font-size:inherit;line-height:inherit}.elementor-widget-heading .elementor-heading-title.elementor-size-small{font-size:15px}.elementor-widget-heading .elementor-heading-title.elementor-size-medium{font-size:19px}.elementor-widget-heading .elementor-heading-title.elementor-size-large{font-size:29px}.elementor-widget-heading .elementor-heading-title.elementor-size-xl{font-size:39px}.elementor-widget-heading .elementor-heading-title.elementor-size-xxl{font-size:59px}<\/style><h2 class=\"elementor-heading-title elementor-size-default\">Sukeltajan kellot<\/h2>\t\t<\/div>\n\t\t\t\t<\/div>\n\t\t\t\t<div class=\"elementor-element elementor-element-1dc1d51 elementor-widget elementor-widget-text-editor\" data-id=\"1dc1d51\" data-element_type=\"widget\" data-widget_type=\"text-editor.default\">\n\t\t\t\t<div class=\"elementor-widget-container\">\n\t\t\t<style>\/*! elementor - v3.17.0 - 01-11-2023 *\/\n.elementor-widget-text-editor.elementor-drop-cap-view-stacked .elementor-drop-cap{background-color:#69727d;color:#fff}.elementor-widget-text-editor.elementor-drop-cap-view-framed .elementor-drop-cap{color:#69727d;border:3px solid;background-color:transparent}.elementor-widget-text-editor:not(.elementor-drop-cap-view-default) .elementor-drop-cap{margin-top:8px}.elementor-widget-text-editor:not(.elementor-drop-cap-view-default) .elementor-drop-cap-letter{width:1em;height:1em}.elementor-widget-text-editor .elementor-drop-cap{float:left;text-align:center;line-height:1;font-size:50px}.elementor-widget-text-editor .elementor-drop-cap-letter{display:inline-block}<\/style>\t\t\t\t<p><strong>Vesitiivis kello<\/strong> <strong>(sukeltajan kello) <\/strong>\u2013 vesisuojaustaso v\u00e4hint\u00e4\u00e4n 100 m (10 bar, 10 atm)<\/p>\n<ul>\n<li>Kolme eri sukellustasoa: pintauimarit eli snorklaajat, laitesukellusharrastajat ja ammattisukeltajat<\/li>\n<li>Varottava magneettikentti\u00e4 (kompressorit, s\u00e4hk\u00f6hitsauslaitteet jne)<\/li>\n<li>Kelloa ei saa j\u00e4tt\u00e4\u00e4 auringon paisteeseen<\/li>\n<li>Varottava iskuja pinnan alla<\/li>\n<li>Kello on pest\u00e4v\u00e4 jokaisen sukelluksen j\u00e4lkeen<\/li>\n<li>Ennen uinti- tai sukelluskauden alkua vaihdettava paristo ja\/tai tiivisteet<\/li><li><br><\/li>\n<\/ul>\n<p><strong>Sukeltajan kello &#8211; Pintauimarit eli snorklaajat <\/strong><\/p>\n<ul>\n<li>Muutaman metrin syvyydess\u00e4 muutamia minuutteja kerrallaan<\/li>\n<li>Vesisuojaus minimiss\u00e4\u00e4n 100 m<\/li>\n<li>Kierrenuppi<\/li>\n<li>Kova mineraalilasi tai safiirilasi<\/li>\n<li>Loistemassaosoittimet ja tuntimerkit<\/li>\n<li>Ter\u00e4s tai kumiranneke<\/li><li><br><\/li>\n<\/ul>\n<p><strong>Sukeltajan kello \u2013 Laitesukellusharrastajat <\/strong><\/p>\n<ul>\n<li>Kymmeniss\u00e4 metreiss\u00e4 kymmeni\u00e4 minuutteja<\/li>\n<li>Vesisuojaus minimiss\u00e4\u00e4n 200 m \u2022 Kierrenuppi \u2022 Kova mineraalilasi<\/li>\n<li>Loistemassaosoittimet ja tuntimerkit<\/li>\n<li>Suojatut nupit ja painimet<\/li>\n<li>Isohko aikarengas selv\u00e4ll\u00e4 tartuntareunalla ja tiukalla mekanismilla, joka kiertyy vain vastap\u00e4iv\u00e4\u00e4n<\/li>\n<li>Rannekkeen tulee olla riitt\u00e4v\u00e4n pitk\u00e4 ja sen tulee kest\u00e4\u00e4 merivett\u00e4 ja \u00f6ljy\u00e4, useimmiten valmistettu neopreenikumista, erikoismuovista tai nailonkudoksesta, my\u00f6s ter\u00e4sranneke<\/li>\n<li>Voi olla lis\u00e4toimintoja (syvyysmittari, h\u00e4lytys- ja muistitoimintoja<\/li><li><br><\/li>\n<\/ul>\n<p><strong>Sukeltajan kello \u2013 Ammattisukeltajat <\/strong><\/p>\n<ul>\n<li>K\u00e4ytet\u00e4\u00e4n l\u00e4hes p\u00e4ivitt\u00e4in ty\u00f6teht\u00e4viss\u00e4<\/li>\n<li>Vesisuojaus minimiss\u00e4\u00e4n 200 m<\/li>\n<\/ul>\n<p>.<\/p>\t\t\t\t\t\t<\/div>\n\t\t\t\t<\/div>\n\t\t\t\t\t<\/div>\n\t\t<\/div>\n\t\t\t\t\t\t\t<\/div>\n\t\t<\/section>\n\t\t\t\t<section class=\"elementor-section elementor-top-section elementor-element elementor-element-42c27b12 elementor-section-boxed elementor-section-height-default elementor-section-height-default\" data-id=\"42c27b12\" data-element_type=\"section\" data-settings=\"{&quot;background_background&quot;:&quot;classic&quot;}\">\n\t\t\t\t\t\t<div class=\"elementor-container elementor-column-gap-default\">\n\t\t\t\t\t<div class=\"elementor-column elementor-col-100 elementor-top-column elementor-element elementor-element-6d74b14f\" data-id=\"6d74b14f\" data-element_type=\"column\">\n\t\t\t<div class=\"elementor-widget-wrap elementor-element-populated\">\n\t\t\t\t\t\t\t\t<div class=\"elementor-element elementor-element-3dcda6b eael-product-grid-column-4 elementor-widget elementor-widget-eicon-woocommerce\" data-id=\"3dcda6b\" data-element_type=\"widget\" data-widget_type=\"eicon-woocommerce.default\">\n\t\t\t\t<div class=\"elementor-widget-container\">\n\t\t\t\n        <div class=\"eael-product-grid eael-product-default grid\" id=\"eael-product-grid\" data-widget-id=\"3dcda6b\" data-page-id=\"2746\" data-nonce=\"faedf4778e\" >\n            <div class=\"woocommerce\">\n                <p class=\"no-posts-found\">No posts found!<\/p>            <\/div>\n        <\/div>\n\n        <script type=\"text\/javascript\">\n            jQuery(document).ready(function($) {\n                var $scope = jQuery(\".elementor-element-3dcda6b\");\n                var $products = $('.products', $scope);\n                var $layout_mode = $products.data('layout-mode');\n                \n                if ( $layout_mode === 'masonry' ) {\n                    \/\/ init isotope\n                    var $isotope_products = $products.isotope({\n                        itemSelector: \"li.product\",\n                        layoutMode: $layout_mode,\n                        percentPosition: true\n                    });\n\n                    $isotope_products.imagesLoaded().progress( function() {\n                        $isotope_products.isotope('layout');\n                    })\n\n                    $(window).on('resize', function() {\n                        $isotope_products.isotope('layout');\n                    });\n                }\n            });\n        <\/script>\n        \t\t<\/div>\n\t\t\t\t<\/div>\n\t\t\t\t\t<\/div>\n\t\t<\/div>\n\t\t\t\t\t\t\t<\/div>\n\t\t<\/section>\n\t\t\t\t\t\t\t<\/div>\n\t\t","protected":false},"excerpt":{"rendered":"<p>Sukeltajan kellot Vesitiivis kello (sukeltajan kello) \u2013 vesisuojaustaso v\u00e4hint\u00e4\u00e4n 100 m (10 bar, 10 atm) Kolme eri sukellustasoa: pintauimarit eli snorklaajat, laitesukellusharrastajat ja ammattisukeltajat Varottava magneettikentti\u00e4 (kompressorit, s\u00e4hk\u00f6hitsauslaitteet jne) Kelloa ei saa j\u00e4tt\u00e4\u00e4 auringon paisteeseen Varottava iskuja pinnan alla Kello on pest\u00e4v\u00e4 jokaisen sukelluksen j\u00e4lkeen Ennen uinti- tai sukelluskauden alkua vaihdettava paristo ja\/tai tiivisteet Sukeltajan [&hellip;]<\/p>\n","protected":false},"author":2,"featured_media":0,"parent":0,"menu_order":0,"comment_status":"closed","ping_status":"closed","template":"elementor_header_footer","meta":[],"_links":{"self":[{"href":"https:\/\/www.kellomuseo.fi\/holvi\/wp-json\/wp\/v2\/pages\/2746"}],"collection":[{"href":"https:\/\/www.kellomuseo.fi\/holvi\/wp-json\/wp\/v2\/pages"}],"about":[{"href":"https:\/\/www.kellomuseo.fi\/holvi\/wp-json\/wp\/v2\/types\/page"}],"author":[{"embeddable":true,"href":"https:\/\/www.kellomuseo.fi\/holvi\/wp-json\/wp\/v2\/users\/2"}],"replies":[{"embeddable":true,"href":"https:\/\/www.kellomuseo.fi\/holvi\/wp-json\/wp\/v2\/comments?post=2746"}],"version-history":[{"count":17,"href":"https:\/\/www.kellomuseo.fi\/holvi\/wp-json\/wp\/v2\/pages\/2746\/revisions"}],"predecessor-version":[{"id":5837,"href":"https:\/\/www.kellomuseo.fi\/holvi\/wp-json\/wp\/v2\/pages\/2746\/revisions\/5837"}],"wp:attachment":[{"href":"https:\/\/www.kellomuseo.fi\/holvi\/wp-json\/wp\/v2\/media?parent=2746"}],"curies":[{"name":"wp","href":"https:\/\/api.w.org\/{rel}","templated":true}]}}