{"id":2579,"date":"2022-01-11T11:00:06","date_gmt":"2022-01-11T09:00:06","guid":{"rendered":"https:\/\/www.kellomuseo.fi\/holvi\/?page_id=2579"},"modified":"2022-02-15T11:06:02","modified_gmt":"2022-02-15T09:06:02","slug":"lattiakellot-2","status":"publish","type":"page","link":"https:\/\/www.kellomuseo.fi\/holvi\/lattiakellot-2\/","title":{"rendered":"Lattiakellot"},"content":{"rendered":"\t\t<div data-elementor-type=\"wp-page\" data-elementor-id=\"2579\" class=\"elementor elementor-2579\">\n\t\t\t\t\t\t\t\t\t<section class=\"elementor-section elementor-top-section elementor-element elementor-element-e9a16f9 elementor-section-boxed elementor-section-height-default elementor-section-height-default\" data-id=\"e9a16f9\" data-element_type=\"section\" data-settings=\"{&quot;background_background&quot;:&quot;classic&quot;}\">\n\t\t\t\t\t\t<div class=\"elementor-container elementor-column-gap-default\">\n\t\t\t\t\t<div class=\"elementor-column elementor-col-100 elementor-top-column elementor-element elementor-element-107a489\" data-id=\"107a489\" data-element_type=\"column\">\n\t\t\t<div class=\"elementor-widget-wrap elementor-element-populated\">\n\t\t\t\t\t\t\t\t<div class=\"elementor-element elementor-element-74a7c2a elementor-widget elementor-widget-heading\" data-id=\"74a7c2a\" data-element_type=\"widget\" data-widget_type=\"heading.default\">\n\t\t\t\t<div class=\"elementor-widget-container\">\n\t\t\t<style>\/*! elementor - v3.17.0 - 01-11-2023 *\/\n.elementor-heading-title{padding:0;margin:0;line-height:1}.elementor-widget-heading .elementor-heading-title[class*=elementor-size-]>a{color:inherit;font-size:inherit;line-height:inherit}.elementor-widget-heading .elementor-heading-title.elementor-size-small{font-size:15px}.elementor-widget-heading .elementor-heading-title.elementor-size-medium{font-size:19px}.elementor-widget-heading .elementor-heading-title.elementor-size-large{font-size:29px}.elementor-widget-heading .elementor-heading-title.elementor-size-xl{font-size:39px}.elementor-widget-heading .elementor-heading-title.elementor-size-xxl{font-size:59px}<\/style><h2 class=\"elementor-heading-title elementor-size-default\">Lattiakellot eli kaappikellot<\/h2>\t\t<\/div>\n\t\t\t\t<\/div>\n\t\t\t\t<div class=\"elementor-element elementor-element-1dc1d51 elementor-widget elementor-widget-text-editor\" data-id=\"1dc1d51\" data-element_type=\"widget\" data-widget_type=\"text-editor.default\">\n\t\t\t\t<div class=\"elementor-widget-container\">\n\t\t\t<style>\/*! elementor - v3.17.0 - 01-11-2023 *\/\n.elementor-widget-text-editor.elementor-drop-cap-view-stacked .elementor-drop-cap{background-color:#69727d;color:#fff}.elementor-widget-text-editor.elementor-drop-cap-view-framed .elementor-drop-cap{color:#69727d;border:3px solid;background-color:transparent}.elementor-widget-text-editor:not(.elementor-drop-cap-view-default) .elementor-drop-cap{margin-top:8px}.elementor-widget-text-editor:not(.elementor-drop-cap-view-default) .elementor-drop-cap-letter{width:1em;height:1em}.elementor-widget-text-editor .elementor-drop-cap{float:left;text-align:center;line-height:1;font-size:50px}.elementor-widget-text-editor .elementor-drop-cap-letter{display:inline-block}<\/style>\t\t\t\t<p>Lattiakellot eli tutummin kaappikellot ovat olleet suosittuja siit\u00e4 l\u00e4htien, kun niiden valmistamisesta tuli heiluriin ja k\u00e4yntimekanismiin liittyvien keksint\u00f6jen ansiosta 1600-luvun puoliv\u00e4liss\u00e4 mahdollista. Lattiakello on kellotyyppin\u00e4 kotoisin Englannista ja Hollannista, joissa korkeita kellokoteloita alettiin valmistaa uuden mekanismin, heilurin ja painojen suojaksi.<\/p><p>Ruotsissa lattiakelloja alettiin valmistaa \u201dteollisesti\u201d, kun Englannissa oppinsa saanut Christopher Polhem (1661-1751) aloitti manufaktuuritoiminnan Stj\u00e4rnsundissa. 1700-luvun puoliv\u00e4liss\u00e4 Taalainmaalle syntyi toinenkin kellokeskus \u2013 Mora. Koko pit\u00e4j\u00e4n v\u00e4ki oli mukana kellojen valmistustoiminnassa. Talot ja torpat erikoistuivat jonkin osaty\u00f6n suorittajiksi. Markkinoinnista vastasivat alueen suurtilalliset. Sek\u00e4 Stj\u00e4rnsundin ett\u00e4 Moran kellojen markkina-alue ulottui Suomeenkin.<\/p><p>Lattiakellot olivat arvokkaita, joten aluksi niit\u00e4 oli vain kirkoissa ja raatihuoneilla sek\u00e4 aateliskartanoissa. 1700-luvun j\u00e4lkipuoliskolla lattiakellon saattoi tavata jo varakkaan porvarisperheen salista.<\/p><p>Lattiakellojen koneistoja valmistivat my\u00f6s maaseudun kellonrakentajat. Tarkalleen ottaen kellojen rakentaminen maaseudulla oli lainvastaista vuoteen 1824 saakka. T\u00e4t\u00e4 s\u00e4\u00e4nt\u00f6\u00e4 ei tosin kovin pontevasti valvottu. Suomalaisista kellonrakentajista tunnetuimpia ovat K\u00f6nnit.<\/p><p>Kellonrakentajat myiv\u00e4t kellot yleens\u00e4 ilman kaappia, joten asiakas rakensi kaapin itse tai teetti sen puusep\u00e4ll\u00e4. T\u00e4m\u00e4 edesauttoi vanhojen muotojen ja tyylipiirteiden s\u00e4ilymist\u00e4 k\u00e4yt\u00f6ss\u00e4 sek\u00e4 paikallisten koristeaiheiden sekoittumista niihin.<\/p><p>Lattiakellojen suosio oli korkeimmillaan 1800-luvun alkupuoliskolla. Niiden tuotanto alkoi kuitenkin hiipua 1800-luvun puoliv\u00e4liss\u00e4, kun markkinoille saapui Euroopan kellotehtaissa sarjatuotantoisesti valmistettuja ja tyylilt\u00e4\u00e4n uudenaikaisempia p\u00f6yt\u00e4- ja sein\u00e4kelloja.<\/p><p><b style=\"color: var( --e-global-color-a8897a5 ); font-family: var( --e-global-typography-3e6257b-font-family ), Sans-serif; font-size: var( --e-global-typography-3e6257b-font-size ); letter-spacing: var( --e-global-typography-3e6257b-letter-spacing );\">L\u00e4hde:<\/b><span lang=\"FI\" style=\"color: var( --e-global-color-a8897a5 ); font-family: var( --e-global-typography-3e6257b-font-family ), Sans-serif; font-size: var( --e-global-typography-3e6257b-font-size ); font-weight: var( --e-global-typography-text-font-weight ); letter-spacing: var( --e-global-typography-3e6257b-letter-spacing );\"> Suomen Kellomuseo<\/span><\/p>\t\t\t\t\t\t<\/div>\n\t\t\t\t<\/div>\n\t\t\t\t\t<\/div>\n\t\t<\/div>\n\t\t\t\t\t\t\t<\/div>\n\t\t<\/section>\n\t\t\t\t<section class=\"elementor-section elementor-top-section elementor-element elementor-element-32e1800b elementor-section-boxed elementor-section-height-default elementor-section-height-default\" data-id=\"32e1800b\" data-element_type=\"section\" data-settings=\"{&quot;background_background&quot;:&quot;classic&quot;}\">\n\t\t\t\t\t\t<div class=\"elementor-container elementor-column-gap-default\">\n\t\t\t\t\t<div class=\"elementor-column elementor-col-100 elementor-top-column elementor-element elementor-element-33446002\" data-id=\"33446002\" data-element_type=\"column\">\n\t\t\t<div class=\"elementor-widget-wrap elementor-element-populated\">\n\t\t\t\t\t\t\t\t<div class=\"elementor-element elementor-element-50ed7d83 eael-product-grid-column-4 elementor-widget elementor-widget-eicon-woocommerce\" data-id=\"50ed7d83\" data-element_type=\"widget\" data-widget_type=\"eicon-woocommerce.default\">\n\t\t\t\t<div class=\"elementor-widget-container\">\n\t\t\t\n        <div class=\"eael-product-grid eael-product-default grid\" id=\"eael-product-grid\" data-widget-id=\"50ed7d83\" data-page-id=\"2579\" data-nonce=\"faedf4778e\" >\n            <div class=\"woocommerce\">\n                <p class=\"no-posts-found\">No posts found!<\/p>            <\/div>\n        <\/div>\n\n        <script type=\"text\/javascript\">\n            jQuery(document).ready(function($) {\n                var $scope = jQuery(\".elementor-element-50ed7d83\");\n                var $products = $('.products', $scope);\n                var $layout_mode = $products.data('layout-mode');\n                \n                if ( $layout_mode === 'masonry' ) {\n                    \/\/ init isotope\n                    var $isotope_products = $products.isotope({\n                        itemSelector: \"li.product\",\n                        layoutMode: $layout_mode,\n                        percentPosition: true\n                    });\n\n                    $isotope_products.imagesLoaded().progress( function() {\n                        $isotope_products.isotope('layout');\n                    })\n\n                    $(window).on('resize', function() {\n                        $isotope_products.isotope('layout');\n                    });\n                }\n            });\n        <\/script>\n        \t\t<\/div>\n\t\t\t\t<\/div>\n\t\t\t\t\t<\/div>\n\t\t<\/div>\n\t\t\t\t\t\t\t<\/div>\n\t\t<\/section>\n\t\t\t\t\t\t\t<\/div>\n\t\t","protected":false},"excerpt":{"rendered":"<p>Lattiakellot eli kaappikellot Lattiakellot eli tutummin kaappikellot ovat olleet suosittuja siit\u00e4 l\u00e4htien, kun niiden valmistamisesta tuli heiluriin ja k\u00e4yntimekanismiin liittyvien keksint\u00f6jen ansiosta 1600-luvun puoliv\u00e4liss\u00e4 mahdollista. Lattiakello on kellotyyppin\u00e4 kotoisin Englannista ja Hollannista, joissa korkeita kellokoteloita alettiin valmistaa uuden mekanismin, heilurin ja painojen suojaksi. Ruotsissa lattiakelloja alettiin valmistaa \u201dteollisesti\u201d, kun Englannissa oppinsa saanut Christopher Polhem (1661-1751) [&hellip;]<\/p>\n","protected":false},"author":2,"featured_media":0,"parent":0,"menu_order":0,"comment_status":"closed","ping_status":"closed","template":"elementor_header_footer","meta":[],"_links":{"self":[{"href":"https:\/\/www.kellomuseo.fi\/holvi\/wp-json\/wp\/v2\/pages\/2579"}],"collection":[{"href":"https:\/\/www.kellomuseo.fi\/holvi\/wp-json\/wp\/v2\/pages"}],"about":[{"href":"https:\/\/www.kellomuseo.fi\/holvi\/wp-json\/wp\/v2\/types\/page"}],"author":[{"embeddable":true,"href":"https:\/\/www.kellomuseo.fi\/holvi\/wp-json\/wp\/v2\/users\/2"}],"replies":[{"embeddable":true,"href":"https:\/\/www.kellomuseo.fi\/holvi\/wp-json\/wp\/v2\/comments?post=2579"}],"version-history":[{"count":14,"href":"https:\/\/www.kellomuseo.fi\/holvi\/wp-json\/wp\/v2\/pages\/2579\/revisions"}],"predecessor-version":[{"id":5336,"href":"https:\/\/www.kellomuseo.fi\/holvi\/wp-json\/wp\/v2\/pages\/2579\/revisions\/5336"}],"wp:attachment":[{"href":"https:\/\/www.kellomuseo.fi\/holvi\/wp-json\/wp\/v2\/media?parent=2579"}],"curies":[{"name":"wp","href":"https:\/\/api.w.org\/{rel}","templated":true}]}}