{"id":2560,"date":"2022-01-11T10:49:36","date_gmt":"2022-01-11T08:49:36","guid":{"rendered":"https:\/\/www.kellomuseo.fi\/holvi\/?page_id=2560"},"modified":"2022-03-01T10:32:38","modified_gmt":"2022-03-01T08:32:38","slug":"tiimalasit","status":"publish","type":"page","link":"https:\/\/www.kellomuseo.fi\/holvi\/tiimalasit\/","title":{"rendered":"Tiimalasit"},"content":{"rendered":"\t\t<div data-elementor-type=\"wp-page\" data-elementor-id=\"2560\" class=\"elementor elementor-2560\">\n\t\t\t\t\t\t\t\t\t<section class=\"elementor-section elementor-top-section elementor-element elementor-element-e9a16f9 elementor-section-boxed elementor-section-height-default elementor-section-height-default\" data-id=\"e9a16f9\" data-element_type=\"section\" data-settings=\"{&quot;background_background&quot;:&quot;classic&quot;}\">\n\t\t\t\t\t\t<div class=\"elementor-container elementor-column-gap-default\">\n\t\t\t\t\t<div class=\"elementor-column elementor-col-100 elementor-top-column elementor-element elementor-element-107a489\" data-id=\"107a489\" data-element_type=\"column\">\n\t\t\t<div class=\"elementor-widget-wrap elementor-element-populated\">\n\t\t\t\t\t\t\t\t<div class=\"elementor-element elementor-element-74a7c2a elementor-widget elementor-widget-heading\" data-id=\"74a7c2a\" data-element_type=\"widget\" data-widget_type=\"heading.default\">\n\t\t\t\t<div class=\"elementor-widget-container\">\n\t\t\t<style>\/*! elementor - v3.17.0 - 01-11-2023 *\/\n.elementor-heading-title{padding:0;margin:0;line-height:1}.elementor-widget-heading .elementor-heading-title[class*=elementor-size-]>a{color:inherit;font-size:inherit;line-height:inherit}.elementor-widget-heading .elementor-heading-title.elementor-size-small{font-size:15px}.elementor-widget-heading .elementor-heading-title.elementor-size-medium{font-size:19px}.elementor-widget-heading .elementor-heading-title.elementor-size-large{font-size:29px}.elementor-widget-heading .elementor-heading-title.elementor-size-xl{font-size:39px}.elementor-widget-heading .elementor-heading-title.elementor-size-xxl{font-size:59px}<\/style><h2 class=\"elementor-heading-title elementor-size-default\">Tiimalasit<\/h2>\t\t<\/div>\n\t\t\t\t<\/div>\n\t\t\t\t<div class=\"elementor-element elementor-element-1dc1d51 elementor-widget elementor-widget-text-editor\" data-id=\"1dc1d51\" data-element_type=\"widget\" data-widget_type=\"text-editor.default\">\n\t\t\t\t<div class=\"elementor-widget-container\">\n\t\t\t<style>\/*! elementor - v3.17.0 - 01-11-2023 *\/\n.elementor-widget-text-editor.elementor-drop-cap-view-stacked .elementor-drop-cap{background-color:#69727d;color:#fff}.elementor-widget-text-editor.elementor-drop-cap-view-framed .elementor-drop-cap{color:#69727d;border:3px solid;background-color:transparent}.elementor-widget-text-editor:not(.elementor-drop-cap-view-default) .elementor-drop-cap{margin-top:8px}.elementor-widget-text-editor:not(.elementor-drop-cap-view-default) .elementor-drop-cap-letter{width:1em;height:1em}.elementor-widget-text-editor .elementor-drop-cap{float:left;text-align:center;line-height:1;font-size:50px}.elementor-widget-text-editor .elementor-drop-cap-letter{display:inline-block}<\/style>\t\t\t\t<p>Tiimalasi keksittiin 1500-luvulla eKr. Egyptiss\u00e4 lasinvalmistustaidon my\u00f6t\u00e4. Lasin kalleuden vuoksi ne olivat pitk\u00e4\u00e4n arvokkaita ylellisyysesineit\u00e4. Tiimalasit yleistyiv\u00e4t Euroopassa vasta 1400-luvulla, ja laivoissa niit\u00e4 k\u00e4ytettiin vahtivuorojen mittaukseen 1800-luvun loppuun saakka.<\/p><p><strong>L\u00e4hde:<\/strong> Suomen Kellomuseo<\/p>\t\t\t\t\t\t<\/div>\n\t\t\t\t<\/div>\n\t\t\t\t\t<\/div>\n\t\t<\/div>\n\t\t\t\t\t\t\t<\/div>\n\t\t<\/section>\n\t\t\t\t<section class=\"elementor-section elementor-top-section elementor-element elementor-element-d794258 elementor-section-boxed elementor-section-height-default elementor-section-height-default\" data-id=\"d794258\" data-element_type=\"section\" data-settings=\"{&quot;background_background&quot;:&quot;classic&quot;}\">\n\t\t\t\t\t\t<div class=\"elementor-container elementor-column-gap-default\">\n\t\t\t\t\t<div class=\"elementor-column elementor-col-100 elementor-top-column elementor-element elementor-element-cd1e4ab\" data-id=\"cd1e4ab\" data-element_type=\"column\">\n\t\t\t<div class=\"elementor-widget-wrap elementor-element-populated\">\n\t\t\t\t\t\t\t\t<div class=\"elementor-element elementor-element-ad24fb9 eael-product-grid-column-3 elementor-widget elementor-widget-eicon-woocommerce\" data-id=\"ad24fb9\" data-element_type=\"widget\" data-widget_type=\"eicon-woocommerce.default\">\n\t\t\t\t<div class=\"elementor-widget-container\">\n\t\t\t\n        <div class=\"eael-product-grid eael-product-default grid\" id=\"eael-product-grid\" data-widget-id=\"ad24fb9\" data-page-id=\"2560\" data-nonce=\"ec52695dfc\" >\n            <div class=\"woocommerce\">\n                <ul class=\"products\" data-layout-mode=\"grid\"><li class=\"product type-product post-3862 status-publish first instock product_cat-kellot product_cat-tiimalasit product_tag-kellot product_tag-tiimalasit has-post-thumbnail shipping-taxable product-type-simple\">\n\t<\/li>\n<\/ul><nav id='ad24fb9-eael-pagination' class='eael-woo-pagination' data-plimit='3' data-totalpage ='1' data-widgetid='ad24fb9' data-pageid='2560' data-args='post_type=product&post_status%5B0%5D=publish&post_status%5B1%5D=pending&post_status%5B2%5D=future&posts_per_page=3&order=desc&offset=0&tax_query%5B0%5D%5Btaxonomy%5D=product_cat&tax_query%5B0%5D%5Bfield%5D=slug&tax_query%5B0%5D%5Bterms%5D%5B0%5D=tiimalasit&tax_query%5B0%5D%5Boperator%5D=IN&orderby=date&meta_query%5Brelation%5D=AND&max_page=1&total_post=1'  data-template='{\"dir\":\"free\",\"file_name\":\"default\",\"name\":\"eicon-woocommerce\"}'><ul class='page-numbers'><li><a href='javascript:void(0);' id='post' class='page-numbers current' data-pnumber='1'>1<\/a><\/li><\/ul><\/nav>            <\/div>\n        <\/div>\n\n        <script type=\"text\/javascript\">\n            jQuery(document).ready(function($) {\n                var $scope = jQuery(\".elementor-element-ad24fb9\");\n                var $products = $('.products', $scope);\n                var $layout_mode = $products.data('layout-mode');\n                \n                if ( $layout_mode === 'masonry' ) {\n                    \/\/ init isotope\n                    var $isotope_products = $products.isotope({\n                        itemSelector: \"li.product\",\n                        layoutMode: $layout_mode,\n                        percentPosition: true\n                    });\n\n                    $isotope_products.imagesLoaded().progress( function() {\n                        $isotope_products.isotope('layout');\n                    })\n\n                    $(window).on('resize', function() {\n                        $isotope_products.isotope('layout');\n                    });\n                }\n            });\n        <\/script>\n        \t\t<\/div>\n\t\t\t\t<\/div>\n\t\t\t\t\t<\/div>\n\t\t<\/div>\n\t\t\t\t\t\t\t<\/div>\n\t\t<\/section>\n\t\t\t\t\t\t\t<\/div>\n\t\t","protected":false},"excerpt":{"rendered":"<p>Tiimalasit Tiimalasi keksittiin 1500-luvulla eKr. Egyptiss\u00e4 lasinvalmistustaidon my\u00f6t\u00e4. Lasin kalleuden vuoksi ne olivat pitk\u00e4\u00e4n arvokkaita ylellisyysesineit\u00e4. Tiimalasit yleistyiv\u00e4t Euroopassa vasta 1400-luvulla, ja laivoissa niit\u00e4 k\u00e4ytettiin vahtivuorojen mittaukseen 1800-luvun loppuun saakka. L\u00e4hde: Suomen Kellomuseo Tiimalasit Lue Lis\u00e4\u00e4 1<\/p>\n","protected":false},"author":2,"featured_media":0,"parent":0,"menu_order":0,"comment_status":"closed","ping_status":"closed","template":"elementor_header_footer","meta":[],"_links":{"self":[{"href":"https:\/\/www.kellomuseo.fi\/holvi\/wp-json\/wp\/v2\/pages\/2560"}],"collection":[{"href":"https:\/\/www.kellomuseo.fi\/holvi\/wp-json\/wp\/v2\/pages"}],"about":[{"href":"https:\/\/www.kellomuseo.fi\/holvi\/wp-json\/wp\/v2\/types\/page"}],"author":[{"embeddable":true,"href":"https:\/\/www.kellomuseo.fi\/holvi\/wp-json\/wp\/v2\/users\/2"}],"replies":[{"embeddable":true,"href":"https:\/\/www.kellomuseo.fi\/holvi\/wp-json\/wp\/v2\/comments?post=2560"}],"version-history":[{"count":13,"href":"https:\/\/www.kellomuseo.fi\/holvi\/wp-json\/wp\/v2\/pages\/2560\/revisions"}],"predecessor-version":[{"id":5741,"href":"https:\/\/www.kellomuseo.fi\/holvi\/wp-json\/wp\/v2\/pages\/2560\/revisions\/5741"}],"wp:attachment":[{"href":"https:\/\/www.kellomuseo.fi\/holvi\/wp-json\/wp\/v2\/media?parent=2560"}],"curies":[{"name":"wp","href":"https:\/\/api.w.org\/{rel}","templated":true}]}}