{"id":179,"date":"2021-11-03T09:53:22","date_gmt":"2021-11-03T07:53:22","guid":{"rendered":"https:\/\/www.kellomuseo.fi\/holvi\/?page_id=179"},"modified":"2022-02-15T15:14:17","modified_gmt":"2022-02-15T13:14:17","slug":"tietosuojaseloste","status":"publish","type":"page","link":"https:\/\/www.kellomuseo.fi\/holvi\/tietosuojaseloste\/","title":{"rendered":"tietosuojaseloste"},"content":{"rendered":"\t\t<div data-elementor-type=\"wp-page\" data-elementor-id=\"179\" class=\"elementor elementor-179\">\n\t\t\t\t\t\t\t\t\t<section class=\"elementor-section elementor-top-section elementor-element elementor-element-e9a16f9 elementor-section-boxed elementor-section-height-default elementor-section-height-default\" data-id=\"e9a16f9\" data-element_type=\"section\" data-settings=\"{&quot;background_background&quot;:&quot;classic&quot;}\">\n\t\t\t\t\t\t<div class=\"elementor-container elementor-column-gap-default\">\n\t\t\t\t\t<div class=\"elementor-column elementor-col-100 elementor-top-column elementor-element elementor-element-107a489\" data-id=\"107a489\" data-element_type=\"column\">\n\t\t\t<div class=\"elementor-widget-wrap elementor-element-populated\">\n\t\t\t\t\t\t\t\t<div class=\"elementor-element elementor-element-74a7c2a elementor-widget elementor-widget-heading\" data-id=\"74a7c2a\" data-element_type=\"widget\" data-widget_type=\"heading.default\">\n\t\t\t\t<div class=\"elementor-widget-container\">\n\t\t\t<style>\/*! elementor - v3.17.0 - 01-11-2023 *\/\n.elementor-heading-title{padding:0;margin:0;line-height:1}.elementor-widget-heading .elementor-heading-title[class*=elementor-size-]>a{color:inherit;font-size:inherit;line-height:inherit}.elementor-widget-heading .elementor-heading-title.elementor-size-small{font-size:15px}.elementor-widget-heading .elementor-heading-title.elementor-size-medium{font-size:19px}.elementor-widget-heading .elementor-heading-title.elementor-size-large{font-size:29px}.elementor-widget-heading .elementor-heading-title.elementor-size-xl{font-size:39px}.elementor-widget-heading .elementor-heading-title.elementor-size-xxl{font-size:59px}<\/style><h2 class=\"elementor-heading-title elementor-size-default\">Tietosuojaseloste<\/h2>\t\t<\/div>\n\t\t\t\t<\/div>\n\t\t\t\t<div class=\"elementor-element elementor-element-1dc1d51 elementor-widget elementor-widget-text-editor\" data-id=\"1dc1d51\" data-element_type=\"widget\" data-widget_type=\"text-editor.default\">\n\t\t\t\t<div class=\"elementor-widget-container\">\n\t\t\t<style>\/*! elementor - v3.17.0 - 01-11-2023 *\/\n.elementor-widget-text-editor.elementor-drop-cap-view-stacked .elementor-drop-cap{background-color:#69727d;color:#fff}.elementor-widget-text-editor.elementor-drop-cap-view-framed .elementor-drop-cap{color:#69727d;border:3px solid;background-color:transparent}.elementor-widget-text-editor:not(.elementor-drop-cap-view-default) .elementor-drop-cap{margin-top:8px}.elementor-widget-text-editor:not(.elementor-drop-cap-view-default) .elementor-drop-cap-letter{width:1em;height:1em}.elementor-widget-text-editor .elementor-drop-cap{float:left;text-align:center;line-height:1;font-size:50px}.elementor-widget-text-editor .elementor-drop-cap-letter{display:inline-block}<\/style>\t\t\t\t<p>T\u00e4m\u00e4 on Kello- ja korumuseos\u00e4\u00e4ti\u00f6 sr henkil\u00f6tietolain (10 ja 24 \u00a7) ja EU:n yleisen tietosuoja-asetuksen (GDPR) mukainen rekisteri- ja tietosuojaseloste. Laadittu 7.12.2021. Viimeisin muutos. 7.12.2021.<\/p><p><strong>Rekisterinpit\u00e4j\u00e4 ja sen yhteystiedot<\/strong><\/p><p>Kello- ja korumuseos\u00e4\u00e4ti\u00f6 sr<\/p><p>Opinkuja 2<br \/>02100 Espoo<br \/>p. 050 536 1977 <br \/>essi.pullinen@kellomuseo.fi <br \/>Y-tunnus: 0728657-4<\/p><p><strong>Rekisteriasioiden yhteyshenkil\u00f6<\/strong><\/p><p>Suomen Kellomuseo<br \/>Rami Laitinen<br \/>Opinkuja 2<br \/>02100 Espoo<br \/>p. 050 550 3353<br \/>rami.laitinen@kellomuseo.fi<\/p><p><strong>Mit\u00e4 tietoja ker\u00e4\u00e4mme?<\/strong><\/p><p>Ker\u00e4tt\u00e4vi\u00e4 henkil\u00f6tietoja k\u00e4ytet\u00e4\u00e4n asiakassuhteiden yll\u00e4pitoon ja hoitoon, palvelun edellytt\u00e4mien yhteydenottojen mahdollistamiseen sek\u00e4 palaute-\/yhteydenottolomakkeen yhteydenottojen mahdollistamiseen.<\/p><p>Rekisterin tietosis\u00e4lt\u00f6: Etunimi, Sukunimi, Y-Tunnus, S\u00e4hk\u00f6postiosoite, Puhelinnumero, Katuosoite, Postinumero,Postitoimipaikka, Markkinointiluvat ja -kiellot, Ammatti, Koulutus, Asuinmaa, Kansalaisuus, Kieli<\/p><p><strong>Miten tietoja ker\u00e4t\u00e4\u00e4n?<\/strong><\/p><p>Ker\u00e4\u00e4mme asiakkaita koskevia henkil\u00f6tietoja p\u00e4\u00e4asiassa asiakkailta itselt\u00e4\u00e4n yhteydenottojen sek\u00e4 verkkosivustojemme ja -palveluidemme k\u00e4yt\u00f6n yhteydess\u00e4. Asiakkaiden toimittamien tietojen lis\u00e4ksi ker\u00e4\u00e4mme verkkosivustollamme tietoa my\u00f6s ev\u00e4stein sivustomme k\u00e4yt\u00f6n analysointia ja kehitt\u00e4mist\u00e4 sek\u00e4 markkinoinnin ja mainonnan kohdentamista varten.<\/p><p><strong>Kuinka kauan henkil\u00f6tietoja s\u00e4ilytet\u00e4\u00e4n?<\/strong><\/p><p>S\u00e4ilyt\u00e4mme henkil\u00f6tietoja niin kauan, kuin on tarpeellista rekisterin k\u00e4ytt\u00f6tarkoitusten toteuttamiseksi.<\/p><p>Lis\u00e4ksi joitain tietoja voidaan s\u00e4ilytt\u00e4\u00e4 kauemmin niilt\u00e4 osin kuin se on tarpeen laissa asetettujen velvollisuuksien, kuten kirjanpitoa ja kuluttajakauppaa koskevien vastuiden hoitamiseksi.<\/p><p><strong>Rekisterin suojauksen periaatteet<\/strong><\/p><p>Asiakasrekisteri\u00e4 k\u00e4sitell\u00e4\u00e4n luottamuksellisesti. Tietoja ei luovuteta s\u00e4\u00e4ti\u00f6n ulkopuolelle. Tiedot siirret\u00e4\u00e4n SSL-suojatun yhteyden ylitse. Tulosteina olevia henkil\u00f6tietoja s\u00e4ilytet\u00e4\u00e4n rekisterinpit\u00e4j\u00e4n toimitiloissa, tilat on lukittu, tiloissa on kulunvalvonta. S\u00e4hk\u00f6iset tiedot on suojattu palomuurilla, k\u00e4ytt\u00e4j\u00e4tunnuksin, salasanoin. Tietojen k\u00e4ytt\u00f6oikeus on vain niill\u00e4 rekisterinpit\u00e4j\u00e4n palveluksessa olevilla ja muilla m\u00e4\u00e4ritellyill\u00e4 henkil\u00f6ill\u00e4, jotka tarvitsevat tietoja teht\u00e4viss\u00e4\u00e4n.<\/p><p><strong>Ev\u00e4steiden k\u00e4ytt\u00f6<\/strong><\/p><p>Palvelussa k\u00e4ytet\u00e4\u00e4n ev\u00e4steit\u00e4. Ev\u00e4steit\u00e4 ja niiden avulla ker\u00e4tt\u00e4vi\u00e4 tietoja k\u00e4ytet\u00e4\u00e4n palveluiden tehokkuuden ja k\u00e4ytt\u00e4j\u00e4yst\u00e4v\u00e4llisyyden parantamiseksi. Ev\u00e4steiden avulla ker\u00e4t\u00e4\u00e4n tietoja siit\u00e4 kuinka k\u00e4vij\u00e4t liikkuvat ja k\u00e4ytt\u00e4ytyv\u00e4t verkkosivuilla. Ev\u00e4steiden avulla saatu tieto on luonteeltaan anonyymi\u00e4. K\u00e4ytt\u00e4j\u00e4ll\u00e4 on mahdollisuus koska tahansa est\u00e4\u00e4 ev\u00e4steiden k\u00e4ytt\u00f6 kokonaan tai osittain muuttamalla k\u00e4ytt\u00e4m\u00e4ns\u00e4 selaimen asetuksia. Tallentuneet ev\u00e4steet voi halutessaan poistaa. Ev\u00e4steet ovat tarpeellisia joidenkin rekisterinpit\u00e4j\u00e4n tarjoamien internetpalveluiden toimivuudelle, emmek\u00e4 takaa palveluiden toimivuutta ellei ev\u00e4stetoiminnallisuus ole k\u00e4yt\u00f6ss\u00e4. Ev\u00e4steiden avulla ker\u00e4ttyj\u00e4 tietoja hy\u00f6dynnet\u00e4\u00e4n viestinn\u00e4n ja markkinoinnin kohdentamisessa sek\u00e4 markkinointitoimenpiteiden optimoinnissa.<\/p><p><strong>Tarkastus- ja kielto-oikeus<\/strong><\/p><p>Rekister\u00f6idyll\u00e4 on henkil\u00f6tietolain 26-28 \u00a7:n mukaisesti oikeus tarkastaa, mit\u00e4 h\u00e4nt\u00e4 koskevia tietoja henkil\u00f6tietorekisteriin on talletettu. Tarkastuspyynt\u00f6 tulee l\u00e4hett\u00e4\u00e4 kirjallisesti ja allekirjoitettuna osoitteeseen <strong>rami.laitinen@kellomuseo.fi.<\/strong> Tarkastusoikeus on maksuton enint\u00e4\u00e4n kerran vuodessa toteutettuna.<\/p>\t\t\t\t\t\t<\/div>\n\t\t\t\t<\/div>\n\t\t\t\t\t<\/div>\n\t\t<\/div>\n\t\t\t\t\t\t\t<\/div>\n\t\t<\/section>\n\t\t\t\t\t\t\t<\/div>\n\t\t","protected":false},"excerpt":{"rendered":"<p>Tietosuojaseloste T\u00e4m\u00e4 on Kello- ja korumuseos\u00e4\u00e4ti\u00f6 sr henkil\u00f6tietolain (10 ja 24 \u00a7) ja EU:n yleisen tietosuoja-asetuksen (GDPR) mukainen rekisteri- ja tietosuojaseloste. Laadittu 7.12.2021. Viimeisin muutos. 7.12.2021. Rekisterinpit\u00e4j\u00e4 ja sen yhteystiedot Kello- ja korumuseos\u00e4\u00e4ti\u00f6 sr Opinkuja 202100 Espoop. 050 536 1977 essi.pullinen@kellomuseo.fi Y-tunnus: 0728657-4 Rekisteriasioiden yhteyshenkil\u00f6 Suomen KellomuseoRami LaitinenOpinkuja 202100 Espoop. 050 550 3353rami.laitinen@kellomuseo.fi Mit\u00e4 tietoja [&hellip;]<\/p>\n","protected":false},"author":1,"featured_media":0,"parent":0,"menu_order":0,"comment_status":"closed","ping_status":"closed","template":"elementor_header_footer","meta":[],"_links":{"self":[{"href":"https:\/\/www.kellomuseo.fi\/holvi\/wp-json\/wp\/v2\/pages\/179"}],"collection":[{"href":"https:\/\/www.kellomuseo.fi\/holvi\/wp-json\/wp\/v2\/pages"}],"about":[{"href":"https:\/\/www.kellomuseo.fi\/holvi\/wp-json\/wp\/v2\/types\/page"}],"author":[{"embeddable":true,"href":"https:\/\/www.kellomuseo.fi\/holvi\/wp-json\/wp\/v2\/users\/1"}],"replies":[{"embeddable":true,"href":"https:\/\/www.kellomuseo.fi\/holvi\/wp-json\/wp\/v2\/comments?post=179"}],"version-history":[{"count":28,"href":"https:\/\/www.kellomuseo.fi\/holvi\/wp-json\/wp\/v2\/pages\/179\/revisions"}],"predecessor-version":[{"id":5382,"href":"https:\/\/www.kellomuseo.fi\/holvi\/wp-json\/wp\/v2\/pages\/179\/revisions\/5382"}],"wp:attachment":[{"href":"https:\/\/www.kellomuseo.fi\/holvi\/wp-json\/wp\/v2\/media?parent=179"}],"curies":[{"name":"wp","href":"https:\/\/api.w.org\/{rel}","templated":true}]}}